{"id":726892,"date":"2025-08-27T20:13:40","date_gmt":"2025-08-27T17:13:40","guid":{"rendered":"https:\/\/roveyayinevi.com.tr\/index.php\/urun\/define-adasi-15\/"},"modified":"2026-04-16T02:34:47","modified_gmt":"2026-04-15T23:34:47","slug":"define-adasi-15","status":"publish","type":"product","link":"https:\/\/roveyayinevi.com.tr\/index.php\/urun\/define-adasi-15\/","title":{"rendered":"Define Adas\u0131"},"content":{"rendered":"<p>\u201cBilinmeyen bir adaya gitmek ve g\u00f6m\u00fcl\u00fc defineyi aramak i\u00e7in yola \u00e7\u0131k\u0131yordum.&#8221; Gen\u00e7 kahraman\u0131m\u0131z Jim Hawkins, ailesiyle birlikte \u0130ngiltere\u2019nin g\u00fcney k\u0131y\u0131lar\u0131ndaki Amiral Benbow Han\u0131\u2019nda ya\u015famaktad\u0131r. Bir g\u00fcn hana gelen \u201cKaptan\u201d lakapl\u0131 eski korsan Billy Bones y\u00fcz\u00fcnden ailenin hayat\u0131 tamamen de\u011fi\u015fmek \u00fczeredir. Gen\u00e7 Jim, ya\u015fl\u0131 korsan\u0131n gizli sand\u0131\u011f\u0131ndan \u00e7\u0131kan define haritas\u0131n\u0131 bulup onu g\u00fcvendi\u011fi Doktor Livesey\u2019ye ula\u015ft\u0131r\u0131nca, Define Adas\u0131\u2019na kadar uzanan, tehlikelerle dolu bir gemi yolculu\u011fu ba\u015flar. Bu yolculuk boyunca ve \u0131ss\u0131z adada iyiyle k\u00f6t\u00fcn\u00fcn nefes kesen m\u00fccadelesi s\u00fcr\u00fcp giderken, soluk solu\u011fa bir define av\u0131 gen\u00e7 kahraman\u0131m\u0131z\u0131 beklemektedir. <\/p>\n","protected":false},"excerpt":{"rendered":"<p>\u201cBilinmeyen bir adaya gitmek ve g\u00f6m\u00fcl\u00fc defineyi aramak i\u00e7in yola \u00e7\u0131k\u0131yordum.&#8221; Gen\u00e7 kahraman\u0131m\u0131z Jim Hawkins, ailesiyle birlikte \u0130ngiltere\u2019nin g\u00fcney k\u0131y\u0131lar\u0131ndaki Amiral Benbow Han\u0131\u2019nda ya\u015famaktad\u0131r. Bir g\u00fcn<span class=\"excerpt-hellip\"> [\u2026]<\/span><\/p>\n","protected":false},"featured_media":0,"template":"","meta":{"_monsterinsights_skip_tracking":false,"_monsterinsights_sitenote_active":false,"_monsterinsights_sitenote_note":"","_monsterinsights_sitenote_category":0},"product_brand":[],"product_cat":[12275,12274],"product_tag":[],"class_list":{"0":"post-726892","1":"product","2":"type-product","3":"status-publish","5":"product_cat-6-12-yas-kitaplari","6":"product_cat-cocuk-ve-genclik-kitaplari","7":"pa_cilt-ciltsiz","8":"pa_tur-kitap","9":"pa_yayinevi-ithaki-yayinlari","10":"pa_yazar-robert-louis-stevenson","12":"first","13":"instock","14":"sale","15":"shipping-taxable","16":"purchasable","17":"product-type-simple"},"_links":{"self":[{"href":"https:\/\/roveyayinevi.com.tr\/index.php\/wp-json\/wp\/v2\/product\/726892","targetHints":{"allow":["GET"]}}],"collection":[{"href":"https:\/\/roveyayinevi.com.tr\/index.php\/wp-json\/wp\/v2\/product"}],"about":[{"href":"https:\/\/roveyayinevi.com.tr\/index.php\/wp-json\/wp\/v2\/types\/product"}],"wp:attachment":[{"href":"https:\/\/roveyayinevi.com.tr\/index.php\/wp-json\/wp\/v2\/media?parent=726892"}],"wp:term":[{"taxonomy":"product_brand","embeddable":true,"href":"https:\/\/roveyayinevi.com.tr\/index.php\/wp-json\/wp\/v2\/product_brand?post=726892"},{"taxonomy":"product_cat","embeddable":true,"href":"https:\/\/roveyayinevi.com.tr\/index.php\/wp-json\/wp\/v2\/product_cat?post=726892"},{"taxonomy":"product_tag","embeddable":true,"href":"https:\/\/roveyayinevi.com.tr\/index.php\/wp-json\/wp\/v2\/product_tag?post=726892"}],"curies":[{"name":"wp","href":"https:\/\/api.w.org\/{rel}","templated":true}]}}