{"id":726891,"date":"2025-08-27T20:13:39","date_gmt":"2025-08-27T17:13:39","guid":{"rendered":"https:\/\/roveyayinevi.com.tr\/index.php\/urun\/altin-pusula-karanlik-cevher-serisi-1-kitap\/"},"modified":"2026-04-16T02:34:47","modified_gmt":"2026-04-15T23:34:47","slug":"altin-pusula-karanlik-cevher-serisi-1-kitap","status":"publish","type":"product","link":"https:\/\/roveyayinevi.com.tr\/index.php\/urun\/altin-pusula-karanlik-cevher-serisi-1-kitap\/","title":{"rendered":"Alt\u0131n Pusula \u2013 Karanl\u0131k Cevher Serisi 1. Kitap"},"content":{"rendered":"<p>Yirminci y\u00fczy\u0131l\u0131n en b\u00fcy\u00fck fantastik serilerinden biri olarak g\u00f6sterilen Karanl\u0131k Cevher, yenilenmi\u015f edisyonlar\u0131yla tekrar okurlar\u0131yla bulu\u015fuyor!   1995 Carnegie Madalyas\u0131 Kazanan\u0131 1995 Guardian Y\u0131l\u0131n Kitab\u0131   Oxford \u00dcniversitesi\u2019ndeki \u00e2limlerle ya\u015fayan Lyra Belacqua, en yak\u0131n arkada\u015f\u0131 Roger\u2019la birlikte dertsiz tasas\u0131z bir hayat s\u00fcrmektedir. Fakat korkutucu amcas\u0131 Lord Asriel onu ziyarete geldi\u011finde kendisi i\u00e7in kurdu\u011fu bu mutlu hayat parampar\u00e7a olacakt\u0131r. Lord Asriel, Toz denilen b\u00fcy\u00fcl\u00fc bir madde ile kuzey \u0131\u015f\u0131klar\u0131nda g\u00f6r\u00fclen ve bir alternatif evrene ait oldu\u011funu d\u00fc\u015f\u00fcnd\u00fc\u011f\u00fc bir \u015fehri ara\u015ft\u0131rmak \u00fczere yard\u0131m istemeye gelmi\u015ftir.   Z\u0131rhl\u0131 ay\u0131lar\u0131n h\u00fck\u00fcm s\u00fcrd\u00fc\u011f\u00fc Kuzey\u2019e do\u011fru yola \u00e7\u0131kan Lord Asriel, Lyra\u2019y\u0131 da gizemli bir \u00e2lim olan Bayan Coulter\u2019\u0131n yan\u0131na b\u0131rak\u0131r. Bayan Coulter, Lyra\u2019ya amcas\u0131n\u0131n g\u00f6stermedi\u011fi \u015fefkati g\u00f6sterir. Fakat bu d\u00fcnyada hi\u00e7bir \u015fey g\u00f6r\u00fcnd\u00fc\u011f\u00fc gibi de\u011fildir. Lyra\u2019n\u0131n arkada\u015f\u0131 Roger\u2019\u0131n Hamhumlar denilen bir grup taraf\u0131ndan ka\u00e7\u0131r\u0131lmas\u0131yla birlikte Lyra kendisini d\u00fcnyan\u0131n \u00f6teki ucuna kadar g\u00f6t\u00fcrecek bir yolculu\u011fa \u00e7\u0131kacakt\u0131r.   \u201cAlt\u0131n Pusula okudu\u011fum en iyi fantastik\/macera kitaplar\u0131ndan biri. Kimsenin ka\u00e7\u0131rmamas\u0131 gereken bir eser.\u201d \u2013Terry Brooks   \u201c\u00c7ok nadiren de olsa \u00f6ylesine s\u0131rad\u0131\u015f\u0131 bir \u00e7ocuk kitab\u0131 yazar\u0131 ortaya \u00e7\u0131kar ki bir\u00e7ok neslin hayal g\u00fcc\u00fcn\u00fc derinden etkiler. Lewis Carroll, C. S. Lewis ve Tolkien bu gruba dahildir. Ve art\u0131k Philip Pullman ile Karanl\u0131k Cevher Serisi de.\u201d \u2013Amanda Craig <\/p>\n","protected":false},"excerpt":{"rendered":"<p>Yirminci y\u00fczy\u0131l\u0131n en b\u00fcy\u00fck fantastik serilerinden biri olarak g\u00f6sterilen Karanl\u0131k Cevher, yenilenmi\u015f edisyonlar\u0131yla tekrar okurlar\u0131yla bulu\u015fuyor! 1995 Carnegie Madalyas\u0131 Kazanan\u0131 1995 Guardian Y\u0131l\u0131n Kitab\u0131 Oxford \u00dcniversitesi\u2019ndeki<span class=\"excerpt-hellip\"> [\u2026]<\/span><\/p>\n","protected":false},"featured_media":0,"template":"","meta":{"_monsterinsights_skip_tracking":false,"_monsterinsights_sitenote_active":false,"_monsterinsights_sitenote_note":"","_monsterinsights_sitenote_category":0},"product_brand":[],"product_cat":[12291,14777],"product_tag":[],"class_list":{"0":"post-726891","1":"product","2":"type-product","3":"status-publish","5":"product_cat-edebiyat","6":"product_cat-fantastik","7":"pa_cilt-ciltsiz","8":"pa_tur-kitap","9":"pa_yayinevi-ithaki-yayinlari","10":"pa_yazar-philip-pullman","12":"first","13":"instock","14":"sale","15":"shipping-taxable","16":"purchasable","17":"product-type-simple"},"_links":{"self":[{"href":"https:\/\/roveyayinevi.com.tr\/index.php\/wp-json\/wp\/v2\/product\/726891","targetHints":{"allow":["GET"]}}],"collection":[{"href":"https:\/\/roveyayinevi.com.tr\/index.php\/wp-json\/wp\/v2\/product"}],"about":[{"href":"https:\/\/roveyayinevi.com.tr\/index.php\/wp-json\/wp\/v2\/types\/product"}],"wp:attachment":[{"href":"https:\/\/roveyayinevi.com.tr\/index.php\/wp-json\/wp\/v2\/media?parent=726891"}],"wp:term":[{"taxonomy":"product_brand","embeddable":true,"href":"https:\/\/roveyayinevi.com.tr\/index.php\/wp-json\/wp\/v2\/product_brand?post=726891"},{"taxonomy":"product_cat","embeddable":true,"href":"https:\/\/roveyayinevi.com.tr\/index.php\/wp-json\/wp\/v2\/product_cat?post=726891"},{"taxonomy":"product_tag","embeddable":true,"href":"https:\/\/roveyayinevi.com.tr\/index.php\/wp-json\/wp\/v2\/product_tag?post=726891"}],"curies":[{"name":"wp","href":"https:\/\/api.w.org\/{rel}","templated":true}]}}