{"id":726890,"date":"2025-08-27T20:13:38","date_gmt":"2025-08-27T17:13:38","guid":{"rendered":"https:\/\/roveyayinevi.com.tr\/index.php\/urun\/keskin-bicak-karanlik-cevher-serisi-2-kitap\/"},"modified":"2026-04-16T02:34:47","modified_gmt":"2026-04-15T23:34:47","slug":"keskin-bicak-karanlik-cevher-serisi-2-kitap","status":"publish","type":"product","link":"https:\/\/roveyayinevi.com.tr\/index.php\/urun\/keskin-bicak-karanlik-cevher-serisi-2-kitap\/","title":{"rendered":"Keskin B\u0131\u00e7ak \u2013 Karanl\u0131k Cevher Serisi 2. Kitap"},"content":{"rendered":"<p>Lyra, kendisini Citt\u00e0gazze ismindeki yeni ve tuhaf bir d\u00fcnyada bulmu\u015ftur. Hi\u00e7bir yeti\u015fkinin bulunmad\u0131\u011f\u0131, \u00e7ocuklar\u0131n kendi ba\u015flar\u0131n\u0131n \u00e7aresine bakt\u0131\u011f\u0131 bir yerdir buras\u0131. Sokaklar\u0131nda \u00f6l\u00fcmc\u00fcl, ruh emici Heyulalar gezerken g\u00f6ky\u00fcz\u00fcnde ise meleklerin kanat \u00e7\u0131rp\u0131\u015flar\u0131 duyulur.   Ancak Lyra bu d\u00fcnyada yaln\u0131z de\u011fildir. Yan\u0131nda cini Pantalaimon ve yeni tan\u0131\u015ft\u0131\u011f\u0131 Will Parry vard\u0131r. On iki ya\u015f\u0131ndaki Will birini \u00f6ld\u00fcrm\u00fc\u015f ve havada beliren bir pencereye t\u0131rmand\u0131\u011f\u0131nda ise ya\u015fad\u0131\u011f\u0131 d\u00fcnyadan ayr\u0131l\u0131p kendisini Citt\u00e0gazze\u2019de bulmu\u015ftur. Tek amac\u0131 bir k\u00e2\u015fif olan babas\u0131n\u0131 bulmakt\u0131r. Lyra\u2019n\u0131n her zaman do\u011frular\u0131 g\u00f6steren aletiyometresi de ona bir mesaj verir: Will\u2019in babas\u0131n\u0131 bul.   Ancak bu aray\u0131\u015flar\u0131 hi\u00e7 de kolay olmayacakt\u0131r. Bir yandan t\u00fcm yarat\u0131l\u0131\u015f\u0131 sarsacak bir sava\u015f\u0131n davullar\u0131 \u00e7alarken Lyra ile Will kendilerini \u00e7ok b\u00fcy\u00fck sorumluluklar\u0131n alt\u0131nda bulacaklard\u0131r.   \u201cAlt\u0131n Pusula gibi, Keskin B\u0131\u00e7ak da kar\u015f\u0131 koymas\u0131 zor bir kitap. Hik\u00e2yenin \u00e7ok daha b\u00fcy\u00fcmesinin bunda pay\u0131 b\u00fcy\u00fck. Dahice yaz\u0131lm\u0131\u015f bir eser.\u201d \u2013Lloyd Alexander   \u201cY\u00fcz\u00fcklerin Efendisi\u2019nden beri yaz\u0131lm\u0131\u015f en iddial\u0131 eser.\u201d \u2013The New Statesman <\/p>\n","protected":false},"excerpt":{"rendered":"<p>Lyra, kendisini Citt\u00e0gazze ismindeki yeni ve tuhaf bir d\u00fcnyada bulmu\u015ftur. Hi\u00e7bir yeti\u015fkinin bulunmad\u0131\u011f\u0131, \u00e7ocuklar\u0131n kendi ba\u015flar\u0131n\u0131n \u00e7aresine bakt\u0131\u011f\u0131 bir yerdir buras\u0131. Sokaklar\u0131nda \u00f6l\u00fcmc\u00fcl, ruh emici Heyulalar<span class=\"excerpt-hellip\"> [\u2026]<\/span><\/p>\n","protected":false},"featured_media":0,"template":"","meta":{"_monsterinsights_skip_tracking":false,"_monsterinsights_sitenote_active":false,"_monsterinsights_sitenote_note":"","_monsterinsights_sitenote_category":0},"product_brand":[],"product_cat":[12291,14777],"product_tag":[],"class_list":{"0":"post-726890","1":"product","2":"type-product","3":"status-publish","5":"product_cat-edebiyat","6":"product_cat-fantastik","7":"pa_cilt-ciltsiz","8":"pa_tur-kitap","9":"pa_yayinevi-ithaki-yayinlari","10":"pa_yazar-philip-pullman","12":"first","13":"instock","14":"sale","15":"shipping-taxable","16":"purchasable","17":"product-type-simple"},"_links":{"self":[{"href":"https:\/\/roveyayinevi.com.tr\/index.php\/wp-json\/wp\/v2\/product\/726890","targetHints":{"allow":["GET"]}}],"collection":[{"href":"https:\/\/roveyayinevi.com.tr\/index.php\/wp-json\/wp\/v2\/product"}],"about":[{"href":"https:\/\/roveyayinevi.com.tr\/index.php\/wp-json\/wp\/v2\/types\/product"}],"wp:attachment":[{"href":"https:\/\/roveyayinevi.com.tr\/index.php\/wp-json\/wp\/v2\/media?parent=726890"}],"wp:term":[{"taxonomy":"product_brand","embeddable":true,"href":"https:\/\/roveyayinevi.com.tr\/index.php\/wp-json\/wp\/v2\/product_brand?post=726890"},{"taxonomy":"product_cat","embeddable":true,"href":"https:\/\/roveyayinevi.com.tr\/index.php\/wp-json\/wp\/v2\/product_cat?post=726890"},{"taxonomy":"product_tag","embeddable":true,"href":"https:\/\/roveyayinevi.com.tr\/index.php\/wp-json\/wp\/v2\/product_tag?post=726890"}],"curies":[{"name":"wp","href":"https:\/\/api.w.org\/{rel}","templated":true}]}}