{"id":726889,"date":"2025-08-27T20:13:37","date_gmt":"2025-08-27T17:13:37","guid":{"rendered":"https:\/\/roveyayinevi.com.tr\/index.php\/urun\/kehribar-durbun-karanlik-cevher-serisi-3-kitap\/"},"modified":"2026-04-16T02:34:47","modified_gmt":"2026-04-15T23:34:47","slug":"kehribar-durbun-karanlik-cevher-serisi-3-kitap","status":"publish","type":"product","link":"https:\/\/roveyayinevi.com.tr\/index.php\/urun\/kehribar-durbun-karanlik-cevher-serisi-3-kitap\/","title":{"rendered":"Kehribar D\u00fcrb\u00fcn \u2013 Karanl\u0131k Cevher Serisi 3. Kitap"},"content":{"rendered":"<p>2001 Whitbread Y\u0131l\u0131n Kitab\u0131 \u00d6d\u00fcl\u00fc 2001 \u0130ngiliz Kitap \u00d6d\u00fclleri   Hem cennetin hem de cehennemin kuvvetleri Lord Asriel\u2019in isyan\u0131na kat\u0131lmak i\u00e7in harekete ge\u00e7mi\u015flerdir. Bu destans\u0131 \u00e7arp\u0131\u015fmada herkesin oynayaca\u011f\u0131 bir rol ve yapaca\u011f\u0131 fedak\u00e2rl\u0131klar vard\u0131r. Cad\u0131lar, melekler, casuslar, suikast\u00e7\u0131lar ve sahtek\u00e2rlar\u2026 herkes bu isyandan pay\u0131na d\u00fc\u015feni alacakt\u0131r.   En tehlikeli g\u00f6rev de Lyra ile Will\u2019e kalm\u0131\u015ft\u0131r. Hi\u00e7bir canl\u0131 ruhun ayak basmad\u0131\u011f\u0131 ve ka\u00e7\u0131\u015f\u0131n imk\u00e2ns\u0131z oldu\u011fu gri bir d\u00fcnyaya gitmeleri gerekmektedir: \u00d6l\u00fcler diyar\u0131na. Z\u0131rhl\u0131 ay\u0131 Iorek Byrnison ve iki minik Gallivespian casusla birlikte \u00e7\u0131kt\u0131klar\u0131 bu yolculuk hepsini derinden de\u011fi\u015ftirecektir.   Sava\u015f devam eder ve g\u00f6ky\u00fcz\u00fcnden Toz ya\u011fmaya ba\u015flarken, t\u00fcm canl\u0131lar ile \u00f6l\u00fclerin kaderine iki \u00e7ocuk ve basit bir \u00f6yk\u00fcn\u00fcn basit bir hakikati karar verecektir.   \u201cSava\u015f, siyaset, b\u00fcy\u00fc, bilim, tekil hayatlar ve kozmik kaderler, hepsi bu kitapta var. C\u00f6mert, keskin bir zek\u00e2ya sahip bir yazar\u0131n elinde \u015fahane bir kitaba d\u00f6n\u00fc\u015f\u00fcyorlar.\u201d \u2013The New York Times Book Review   \u201cKaranl\u0131k Cevher Serisi \u00e7a\u011f\u0131m\u0131z\u0131n en \u00f6nemli fantastik serilerinden biri olmay\u0131 ba\u015far\u0131yor.\u201d \u2013The Daily Telegraph <\/p>\n","protected":false},"excerpt":{"rendered":"<p>2001 Whitbread Y\u0131l\u0131n Kitab\u0131 \u00d6d\u00fcl\u00fc 2001 \u0130ngiliz Kitap \u00d6d\u00fclleri Hem cennetin hem de cehennemin kuvvetleri Lord Asriel\u2019in isyan\u0131na kat\u0131lmak i\u00e7in harekete ge\u00e7mi\u015flerdir. Bu destans\u0131 \u00e7arp\u0131\u015fmada herkesin<span class=\"excerpt-hellip\"> [\u2026]<\/span><\/p>\n","protected":false},"featured_media":0,"template":"","meta":{"_monsterinsights_skip_tracking":false,"_monsterinsights_sitenote_active":false,"_monsterinsights_sitenote_note":"","_monsterinsights_sitenote_category":0},"product_brand":[],"product_cat":[12291,14777],"product_tag":[],"class_list":{"0":"post-726889","1":"product","2":"type-product","3":"status-publish","5":"product_cat-edebiyat","6":"product_cat-fantastik","7":"pa_cilt-ciltsiz","8":"pa_tur-kitap","9":"pa_yayinevi-ithaki-yayinlari","10":"pa_yazar-philip-pullman","12":"first","13":"instock","14":"sale","15":"shipping-taxable","16":"purchasable","17":"product-type-simple"},"_links":{"self":[{"href":"https:\/\/roveyayinevi.com.tr\/index.php\/wp-json\/wp\/v2\/product\/726889","targetHints":{"allow":["GET"]}}],"collection":[{"href":"https:\/\/roveyayinevi.com.tr\/index.php\/wp-json\/wp\/v2\/product"}],"about":[{"href":"https:\/\/roveyayinevi.com.tr\/index.php\/wp-json\/wp\/v2\/types\/product"}],"wp:attachment":[{"href":"https:\/\/roveyayinevi.com.tr\/index.php\/wp-json\/wp\/v2\/media?parent=726889"}],"wp:term":[{"taxonomy":"product_brand","embeddable":true,"href":"https:\/\/roveyayinevi.com.tr\/index.php\/wp-json\/wp\/v2\/product_brand?post=726889"},{"taxonomy":"product_cat","embeddable":true,"href":"https:\/\/roveyayinevi.com.tr\/index.php\/wp-json\/wp\/v2\/product_cat?post=726889"},{"taxonomy":"product_tag","embeddable":true,"href":"https:\/\/roveyayinevi.com.tr\/index.php\/wp-json\/wp\/v2\/product_tag?post=726889"}],"curies":[{"name":"wp","href":"https:\/\/api.w.org\/{rel}","templated":true}]}}