{"id":726888,"date":"2025-08-27T20:13:36","date_gmt":"2025-08-27T17:13:36","guid":{"rendered":"https:\/\/roveyayinevi.com.tr\/index.php\/urun\/eda-ile-pati\/"},"modified":"2026-04-16T02:34:47","modified_gmt":"2026-04-15T23:34:47","slug":"eda-ile-pati","status":"publish","type":"product","link":"https:\/\/roveyayinevi.com.tr\/index.php\/urun\/eda-ile-pati\/","title":{"rendered":"Eda \u0130le Pati"},"content":{"rendered":"<p>Eda\u2019n\u0131n bu d\u00fcnyada en sevdi\u011fi \u015fey, k\u00f6pek resimleri yapmakm\u0131\u015f. Asl\u0131na bakarsan\u0131z, tek bir k\u00f6pe\u011fin resmini yapmakm\u0131\u015f.<\/p>\n","protected":false},"excerpt":{"rendered":"<p>Eda\u2019n\u0131n bu d\u00fcnyada en sevdi\u011fi \u015fey, k\u00f6pek resimleri yapmakm\u0131\u015f. Asl\u0131na bakarsan\u0131z, tek bir k\u00f6pe\u011fin resmini yapmakm\u0131\u015f.<\/p>\n","protected":false},"featured_media":0,"template":"","meta":{"_monsterinsights_skip_tracking":false,"_monsterinsights_sitenote_active":false,"_monsterinsights_sitenote_note":"","_monsterinsights_sitenote_category":0},"product_brand":[],"product_cat":[12274,12284],"product_tag":[],"class_list":{"0":"post-726888","1":"product","2":"type-product","3":"status-publish","5":"product_cat-cocuk-ve-genclik-kitaplari","6":"product_cat-hikayeler","7":"pa_cilt-ciltsiz","8":"pa_tur-kitap","9":"pa_yayinevi-is-bankasi-kultur-yayinlari","10":"pa_yazar-nancy-lemon","12":"first","13":"instock","14":"sale","15":"shipping-taxable","16":"purchasable","17":"product-type-simple"},"_links":{"self":[{"href":"https:\/\/roveyayinevi.com.tr\/index.php\/wp-json\/wp\/v2\/product\/726888","targetHints":{"allow":["GET"]}}],"collection":[{"href":"https:\/\/roveyayinevi.com.tr\/index.php\/wp-json\/wp\/v2\/product"}],"about":[{"href":"https:\/\/roveyayinevi.com.tr\/index.php\/wp-json\/wp\/v2\/types\/product"}],"wp:attachment":[{"href":"https:\/\/roveyayinevi.com.tr\/index.php\/wp-json\/wp\/v2\/media?parent=726888"}],"wp:term":[{"taxonomy":"product_brand","embeddable":true,"href":"https:\/\/roveyayinevi.com.tr\/index.php\/wp-json\/wp\/v2\/product_brand?post=726888"},{"taxonomy":"product_cat","embeddable":true,"href":"https:\/\/roveyayinevi.com.tr\/index.php\/wp-json\/wp\/v2\/product_cat?post=726888"},{"taxonomy":"product_tag","embeddable":true,"href":"https:\/\/roveyayinevi.com.tr\/index.php\/wp-json\/wp\/v2\/product_tag?post=726888"}],"curies":[{"name":"wp","href":"https:\/\/api.w.org\/{rel}","templated":true}]}}