{"id":726884,"date":"2025-08-27T20:13:33","date_gmt":"2025-08-27T17:13:33","guid":{"rendered":"https:\/\/roveyayinevi.com.tr\/index.php\/urun\/ben-sensiz-ne-yaparim\/"},"modified":"2026-04-16T02:34:47","modified_gmt":"2026-04-15T23:34:47","slug":"ben-sensiz-ne-yaparim","status":"publish","type":"product","link":"https:\/\/roveyayinevi.com.tr\/index.php\/urun\/ben-sensiz-ne-yaparim\/","title":{"rendered":"Ben Sensiz Ne Yapar\u0131m?"},"content":{"rendered":"<p>Minik tilki Foksi en iyi arkada\u015f\u0131 koca ay\u0131 Orsi k\u0131\u015f uykusuna yat\u0131nca ormanda tek ba\u015f\u0131na kalaca\u011f\u0131n\u0131 d\u00fc\u015f\u00fcnerek \u00fcz\u00fcl\u00fcyor, kayg\u0131lan\u0131yor. Ama sonunda mutlaka arkada\u015fl\u0131k pe\u015finde ko\u015fmaya gerek olmad\u0131\u011f\u0131n\u0131, bazen de arkada\u015fl\u0131\u011f\u0131n kendili\u011finden gelip sizi buldu\u011funu ke\u015ffediyor. \u0130nsan\u0131n i\u00e7ini \u0131s\u0131tan bu ayr\u0131l\u0131k ve yeniden bulu\u015fma \u00f6yk\u00fcs\u00fc, her ku\u015faktan g\u00f6n\u00fcllerde yer edecek.<\/p>\n","protected":false},"excerpt":{"rendered":"<p>Minik tilki Foksi en iyi arkada\u015f\u0131 koca ay\u0131 Orsi k\u0131\u015f uykusuna yat\u0131nca ormanda tek ba\u015f\u0131na kalaca\u011f\u0131n\u0131 d\u00fc\u015f\u00fcnerek \u00fcz\u00fcl\u00fcyor, kayg\u0131lan\u0131yor. Ama sonunda mutlaka arkada\u015fl\u0131k pe\u015finde ko\u015fmaya gerek<span class=\"excerpt-hellip\"> [\u2026]<\/span><\/p>\n","protected":false},"featured_media":0,"template":"","meta":{"_monsterinsights_skip_tracking":false,"_monsterinsights_sitenote_active":false,"_monsterinsights_sitenote_note":"","_monsterinsights_sitenote_category":0},"product_brand":[],"product_cat":[12274,12284],"product_tag":[],"class_list":{"0":"post-726884","1":"product","2":"type-product","3":"status-publish","5":"product_cat-cocuk-ve-genclik-kitaplari","6":"product_cat-hikayeler","7":"pa_cilt-ciltsiz","8":"pa_tur-kitap","9":"pa_yayinevi-is-bankasi-kultur-yayinlari","10":"pa_yazar-sally-grindley","12":"first","13":"instock","14":"sale","15":"shipping-taxable","16":"purchasable","17":"product-type-simple"},"_links":{"self":[{"href":"https:\/\/roveyayinevi.com.tr\/index.php\/wp-json\/wp\/v2\/product\/726884","targetHints":{"allow":["GET"]}}],"collection":[{"href":"https:\/\/roveyayinevi.com.tr\/index.php\/wp-json\/wp\/v2\/product"}],"about":[{"href":"https:\/\/roveyayinevi.com.tr\/index.php\/wp-json\/wp\/v2\/types\/product"}],"wp:attachment":[{"href":"https:\/\/roveyayinevi.com.tr\/index.php\/wp-json\/wp\/v2\/media?parent=726884"}],"wp:term":[{"taxonomy":"product_brand","embeddable":true,"href":"https:\/\/roveyayinevi.com.tr\/index.php\/wp-json\/wp\/v2\/product_brand?post=726884"},{"taxonomy":"product_cat","embeddable":true,"href":"https:\/\/roveyayinevi.com.tr\/index.php\/wp-json\/wp\/v2\/product_cat?post=726884"},{"taxonomy":"product_tag","embeddable":true,"href":"https:\/\/roveyayinevi.com.tr\/index.php\/wp-json\/wp\/v2\/product_tag?post=726884"}],"curies":[{"name":"wp","href":"https:\/\/api.w.org\/{rel}","templated":true}]}}