{"id":726883,"date":"2025-08-27T20:13:32","date_gmt":"2025-08-27T17:13:32","guid":{"rendered":"https:\/\/roveyayinevi.com.tr\/index.php\/urun\/uzay-fareleri\/"},"modified":"2026-04-16T02:34:47","modified_gmt":"2026-04-15T23:34:47","slug":"uzay-fareleri","status":"publish","type":"product","link":"https:\/\/roveyayinevi.com.tr\/index.php\/urun\/uzay-fareleri\/","title":{"rendered":"Uzay Fareleri"},"content":{"rendered":"<p>\u0130\u015fte budur!  \u015euna bak\u0131n! Dev bir peynir topu! Bir gece, karn\u0131 ac\u0131kan iki fare g\u00f6ky\u00fcz\u00fcnde dev bir peynir topu g\u00f6r\u00fcnce, hemen oraya gidip,  b\u00fcy\u00fck bir \u0131s\u0131r\u0131k almaya karar verir. Afacan fareler y\u0131ld\u0131zlarla dolu g\u00f6ky\u00fcz\u00fcnde u\u00e7arak hayallerindeki ziyafete kavu\u015furlar. Ancak sonra i\u015fler biraz tuhafla\u015f\u0131r. <\/p>\n","protected":false},"excerpt":{"rendered":"<p>\u0130\u015fte budur! \u015euna bak\u0131n! Dev bir peynir topu! Bir gece, karn\u0131 ac\u0131kan iki fare g\u00f6ky\u00fcz\u00fcnde dev bir peynir topu g\u00f6r\u00fcnce, hemen oraya gidip, b\u00fcy\u00fck bir \u0131s\u0131r\u0131k<span class=\"excerpt-hellip\"> [\u2026]<\/span><\/p>\n","protected":false},"featured_media":0,"template":"","meta":{"_monsterinsights_skip_tracking":false,"_monsterinsights_sitenote_active":false,"_monsterinsights_sitenote_note":"","_monsterinsights_sitenote_category":0},"product_brand":[],"product_cat":[12274,12518],"product_tag":[],"class_list":{"0":"post-726883","1":"product","2":"type-product","3":"status-publish","5":"product_cat-cocuk-ve-genclik-kitaplari","6":"product_cat-okul-oncesi-kitaplar","7":"pa_cilt-ciltsiz","8":"pa_tur-kitap","9":"pa_yayinevi-is-bankasi-kultur-yayinlari","10":"pa_yazar-lori-haskins-houran","12":"first","13":"instock","14":"sale","15":"shipping-taxable","16":"purchasable","17":"product-type-simple"},"_links":{"self":[{"href":"https:\/\/roveyayinevi.com.tr\/index.php\/wp-json\/wp\/v2\/product\/726883","targetHints":{"allow":["GET"]}}],"collection":[{"href":"https:\/\/roveyayinevi.com.tr\/index.php\/wp-json\/wp\/v2\/product"}],"about":[{"href":"https:\/\/roveyayinevi.com.tr\/index.php\/wp-json\/wp\/v2\/types\/product"}],"wp:attachment":[{"href":"https:\/\/roveyayinevi.com.tr\/index.php\/wp-json\/wp\/v2\/media?parent=726883"}],"wp:term":[{"taxonomy":"product_brand","embeddable":true,"href":"https:\/\/roveyayinevi.com.tr\/index.php\/wp-json\/wp\/v2\/product_brand?post=726883"},{"taxonomy":"product_cat","embeddable":true,"href":"https:\/\/roveyayinevi.com.tr\/index.php\/wp-json\/wp\/v2\/product_cat?post=726883"},{"taxonomy":"product_tag","embeddable":true,"href":"https:\/\/roveyayinevi.com.tr\/index.php\/wp-json\/wp\/v2\/product_tag?post=726883"}],"curies":[{"name":"wp","href":"https:\/\/api.w.org\/{rel}","templated":true}]}}