{"id":726882,"date":"2025-08-27T20:13:31","date_gmt":"2025-08-27T17:13:31","guid":{"rendered":"https:\/\/roveyayinevi.com.tr\/index.php\/urun\/itfaiyeci-olacagim\/"},"modified":"2026-04-16T02:34:47","modified_gmt":"2026-04-15T23:34:47","slug":"itfaiyeci-olacagim","status":"publish","type":"product","link":"https:\/\/roveyayinevi.com.tr\/index.php\/urun\/itfaiyeci-olacagim\/","title":{"rendered":"\u0130tfaiyeci Olaca\u011f\u0131m"},"content":{"rendered":"<p>GER\u00c7EK B\u0130R \u0130TFA\u0130YEC\u0130 OLMAK \u0130\u00c7\u0130N B\u0130LMEN GEREKENLER \u0130TFA\u0130YEC\u0130 OLACA\u011eIM K\u0131sa ama \u00f6z bilgilerle dolu bu kitapla yang\u0131n g\u00fcvenli\u011fi ve itfaiyecinin g\u00f6revleri yang\u0131n g\u00fcvenli\u011fi ve itfaiyecinin g\u00f6revleri hakk\u0131nda bir\u00e7ok \u015fey \u00f6\u011freneceksin. Basit g\u00f6revleri yerine getirerek deneyim kazan ve insanlar\u0131 nas\u0131l g\u00fcvende tutaca\u011f\u0131n\u0131 ke\u015ffedip itfaiyeci gibi d\u00fc\u015f\u00fcnmeyi \u00f6\u011fren. Bu seri, \u00e7ocuklar\u0131 STEM konular\u0131na ve onlarla ve onlarla ba\u011flant\u0131l\u0131 muhte\u015fem mesleklere ilgi duymalar\u0131n\u0131 sa\u011flar. \u00c7ocuklar m\u00fchendislikten astronotlu\u011fa bir\u00e7ok meslek i\u00e7in gerekli bilgi ve becerilerin neler oldu\u011funu \u00f6\u011frenecekler. STEM e\u011fitimi, fen (science),  teknoloji (technology), m\u00fchendislik  (engineering) ve matematik (mathematics)  gibi d\u00f6rt \u00f6nemli disiplinin bir araya araya getirilmesiyle olu\u015fturulan bir \u00f6\u011fretim modeli olarak tan\u0131mlanmaktad\u0131r. <\/p>\n","protected":false},"excerpt":{"rendered":"<p>GER\u00c7EK B\u0130R \u0130TFA\u0130YEC\u0130 OLMAK \u0130\u00c7\u0130N B\u0130LMEN GEREKENLER \u0130TFA\u0130YEC\u0130 OLACA\u011eIM K\u0131sa ama \u00f6z bilgilerle dolu bu kitapla yang\u0131n g\u00fcvenli\u011fi ve itfaiyecinin g\u00f6revleri yang\u0131n g\u00fcvenli\u011fi ve itfaiyecinin g\u00f6revleri<span class=\"excerpt-hellip\"> [\u2026]<\/span><\/p>\n","protected":false},"featured_media":0,"template":"","meta":{"_monsterinsights_skip_tracking":false,"_monsterinsights_sitenote_active":false,"_monsterinsights_sitenote_note":"","_monsterinsights_sitenote_category":0},"product_brand":[],"product_cat":[12274,12518],"product_tag":[],"class_list":{"0":"post-726882","1":"product","2":"type-product","3":"status-publish","5":"product_cat-cocuk-ve-genclik-kitaplari","6":"product_cat-okul-oncesi-kitaplar","7":"pa_cilt-ciltsiz","8":"pa_tur-kitap","9":"pa_yayinevi-is-bankasi-kultur-yayinlari","10":"pa_yazar-catherine-ard","12":"first","13":"instock","14":"sale","15":"shipping-taxable","16":"purchasable","17":"product-type-simple"},"_links":{"self":[{"href":"https:\/\/roveyayinevi.com.tr\/index.php\/wp-json\/wp\/v2\/product\/726882","targetHints":{"allow":["GET"]}}],"collection":[{"href":"https:\/\/roveyayinevi.com.tr\/index.php\/wp-json\/wp\/v2\/product"}],"about":[{"href":"https:\/\/roveyayinevi.com.tr\/index.php\/wp-json\/wp\/v2\/types\/product"}],"wp:attachment":[{"href":"https:\/\/roveyayinevi.com.tr\/index.php\/wp-json\/wp\/v2\/media?parent=726882"}],"wp:term":[{"taxonomy":"product_brand","embeddable":true,"href":"https:\/\/roveyayinevi.com.tr\/index.php\/wp-json\/wp\/v2\/product_brand?post=726882"},{"taxonomy":"product_cat","embeddable":true,"href":"https:\/\/roveyayinevi.com.tr\/index.php\/wp-json\/wp\/v2\/product_cat?post=726882"},{"taxonomy":"product_tag","embeddable":true,"href":"https:\/\/roveyayinevi.com.tr\/index.php\/wp-json\/wp\/v2\/product_tag?post=726882"}],"curies":[{"name":"wp","href":"https:\/\/api.w.org\/{rel}","templated":true}]}}