{"id":726880,"date":"2025-08-27T20:13:29","date_gmt":"2025-08-27T17:13:29","guid":{"rendered":"https:\/\/roveyayinevi.com.tr\/index.php\/urun\/planetary-cilt-2-dorduncu-adam\/"},"modified":"2026-04-16T02:34:47","modified_gmt":"2026-04-15T23:34:47","slug":"planetary-cilt-2-dorduncu-adam","status":"publish","type":"product","link":"https:\/\/roveyayinevi.com.tr\/index.php\/urun\/planetary-cilt-2-dorduncu-adam\/","title":{"rendered":"Planetary Cilt 2 &#8211; D\u00f6rd\u00fcnc\u00fc Adam"},"content":{"rendered":"<p>\u201cK\u0131\u015fk\u0131rt\u0131c\u0131 ve ba\u011f\u0131ml\u0131l\u0131k yaratan bir seri. \u00c7izgi roman d\u00fcnyas\u0131n\u0131n en iyilerinden.\u201d \u2013ENTERTAINMENT WEEKLY   PLANETARY\u2019nin ikinci cildi tak\u0131m\u0131n gizemli destek\u00e7isi \u201cD\u00f6rd\u00fcnc\u00fc Adam\u201da odaklan\u0131yor. Elijah Snow, Jakita Wagner ve Davulcu s\u00fcperinsan arkeoloji \u00e7al\u0131\u015fmalar\u0131na devam ederken radyoaktif insan deneklerin bulundu\u011fu gizli bir h\u00fck\u00fcmet yerle\u015fkesini ziyaret ediyor, ger\u00e7e\u011fe d\u00f6n\u00fc\u015fen kurgusal bir yap\u0131y\u0131 ke\u015ffediyor ve \u201cD\u00f6rtl\u00fc\u201d olarak bilinen k\u00f6t\u00fcc\u00fcl grup hakk\u0131nda bilgi ediniyor. Bu ara\u015ft\u0131rmalar s\u00fcrerken Elijah, D\u00f6rd\u00fcnc\u00fc Adam\u2019\u0131n kimli\u011fi ile kendi gizli ge\u00e7mi\u015fi hakk\u0131nda baz\u0131 \u015fa\u015f\u0131rt\u0131c\u0131 ger\u00e7eklere ula\u015f\u0131yor.    Buffy the Vampire Slayer ve Firefly\u2019\u0131n yarat\u0131c\u0131s\u0131 Joss Whedon\u2019\u0131n \u00f6ns\u00f6z\u00fcyle<\/p>\n","protected":false},"excerpt":{"rendered":"<p>\u201cK\u0131\u015fk\u0131rt\u0131c\u0131 ve ba\u011f\u0131ml\u0131l\u0131k yaratan bir seri. \u00c7izgi roman d\u00fcnyas\u0131n\u0131n en iyilerinden.\u201d \u2013ENTERTAINMENT WEEKLY PLANETARY\u2019nin ikinci cildi tak\u0131m\u0131n gizemli destek\u00e7isi \u201cD\u00f6rd\u00fcnc\u00fc Adam\u201da odaklan\u0131yor. Elijah Snow, Jakita Wagner<span class=\"excerpt-hellip\"> [\u2026]<\/span><\/p>\n","protected":false},"featured_media":0,"template":"","meta":{"_monsterinsights_skip_tracking":false,"_monsterinsights_sitenote_active":false,"_monsterinsights_sitenote_note":"","_monsterinsights_sitenote_category":0},"product_brand":[],"product_cat":[12416,12291],"product_tag":[],"class_list":{"0":"post-726880","1":"product","2":"type-product","3":"status-publish","5":"product_cat-cizgi-roman","6":"product_cat-edebiyat","7":"pa_cilt-ciltsiz","8":"pa_tur-kitap","9":"pa_yayinevi-ithaki-yayinlari","10":"pa_yazar-warren-ellis","12":"first","13":"instock","14":"sale","15":"shipping-taxable","16":"purchasable","17":"product-type-simple"},"_links":{"self":[{"href":"https:\/\/roveyayinevi.com.tr\/index.php\/wp-json\/wp\/v2\/product\/726880","targetHints":{"allow":["GET"]}}],"collection":[{"href":"https:\/\/roveyayinevi.com.tr\/index.php\/wp-json\/wp\/v2\/product"}],"about":[{"href":"https:\/\/roveyayinevi.com.tr\/index.php\/wp-json\/wp\/v2\/types\/product"}],"wp:attachment":[{"href":"https:\/\/roveyayinevi.com.tr\/index.php\/wp-json\/wp\/v2\/media?parent=726880"}],"wp:term":[{"taxonomy":"product_brand","embeddable":true,"href":"https:\/\/roveyayinevi.com.tr\/index.php\/wp-json\/wp\/v2\/product_brand?post=726880"},{"taxonomy":"product_cat","embeddable":true,"href":"https:\/\/roveyayinevi.com.tr\/index.php\/wp-json\/wp\/v2\/product_cat?post=726880"},{"taxonomy":"product_tag","embeddable":true,"href":"https:\/\/roveyayinevi.com.tr\/index.php\/wp-json\/wp\/v2\/product_tag?post=726880"}],"curies":[{"name":"wp","href":"https:\/\/api.w.org\/{rel}","templated":true}]}}