{"id":726879,"date":"2025-08-27T20:13:29","date_gmt":"2025-08-27T17:13:29","guid":{"rendered":"https:\/\/roveyayinevi.com.tr\/index.php\/urun\/ragnarok-tanrilarin-alacakaranligi\/"},"modified":"2026-04-16T02:34:47","modified_gmt":"2026-04-15T23:34:47","slug":"ragnarok-tanrilarin-alacakaranligi","status":"publish","type":"product","link":"https:\/\/roveyayinevi.com.tr\/index.php\/urun\/ragnarok-tanrilarin-alacakaranligi\/","title":{"rendered":"Ragnar\u00f6k &#8211; Tanr\u0131lar\u0131n Alacakaranl\u0131\u011f\u0131"},"content":{"rendered":"<p>\u201c\u0130nsanlar\u0131n tanr\u0131lar\u0131 tan\u0131mlamakta kulland\u0131\u011f\u0131 s\u00f6zc\u00fckler zincir ve pranga gibi kelimelerle ima etmek istedikleriyle ayn\u0131d\u0131r; ne de olsa d\u00fcnyay\u0131 b\u00fct\u00fcn halinde tutan ve karga\u015fa ile d\u00fczensizli\u011fin d\u00fcnyaya h\u00e2kim olmas\u0131n\u0131 her daim engelleyen \u015fey, tanr\u0131lar\u0131n ta kendisiydi.\u201d   TIMES\u2019\u0131n 1945\u2019ten g\u00fcn\u00fcm\u00fcze, En \u0130yi 50 \u0130ngiliz yazar aras\u0131nda g\u00f6sterdi\u011fi A.S. Byatt\u2019tan \u00e7arp\u0131c\u0131 bir roman: Ragnar\u00f6k.   \u0130kinci D\u00fcnya Sava\u015f\u0131 s\u0131ras\u0131nda ya\u015fad\u0131klar\u0131na anlam vermeye \u00e7al\u0131\u015fan k\u00fc\u00e7\u00fck bir k\u0131z \u00e7ocu\u011fu, \u0130skandinav mitolojisi \u00fczerine bir kitap bulur ve sava\u015f\u0131n yaratt\u0131\u011f\u0131 deh\u015fetin ortas\u0131nda bamba\u015fka bir k\u0131yametle kar\u015f\u0131 kar\u015f\u0131ya kal\u0131r.   \u0130skandinav tanr\u0131lar\u0131 Odin, Thor ve Freya\u2019n\u0131n \u00f6ld\u00fc\u011f\u00fc, ay ve g\u00fcne\u015fin kurtlar taraf\u0131ndan yutuldu\u011fu \u0130skandinav mitolojisindeki Ragnar\u00f6k, nam\u0131 di\u011fer Tanr\u0131lar\u0131n Alacakaranl\u0131\u011f\u0131\u2019d\u0131r bu k\u0131yamet.Yaln\u0131zca b\u00f6ylesine b\u00fcy\u00fck bir sava\u015f ve y\u0131k\u0131mdan sonra d\u00fcnya yeni ba\u015ftan ba\u015flayabilecek ve \u00f6l\u00fcm, ya\u015fam\u0131 m\u00fcmk\u00fcn k\u0131labilecektir. Belki de insan\u0131 anlamak i\u00e7in, \u00f6nce tanr\u0131lar\u0131 anlamak gerekir\u2026 <\/p>\n","protected":false},"excerpt":{"rendered":"<p>\u201c\u0130nsanlar\u0131n tanr\u0131lar\u0131 tan\u0131mlamakta kulland\u0131\u011f\u0131 s\u00f6zc\u00fckler zincir ve pranga gibi kelimelerle ima etmek istedikleriyle ayn\u0131d\u0131r; ne de olsa d\u00fcnyay\u0131 b\u00fct\u00fcn halinde tutan ve karga\u015fa ile d\u00fczensizli\u011fin d\u00fcnyaya<span class=\"excerpt-hellip\"> [\u2026]<\/span><\/p>\n","protected":false},"featured_media":0,"template":"","meta":{"_monsterinsights_skip_tracking":false,"_monsterinsights_sitenote_active":false,"_monsterinsights_sitenote_note":"","_monsterinsights_sitenote_category":0},"product_brand":[],"product_cat":[12291,14777],"product_tag":[],"class_list":{"0":"post-726879","1":"product","2":"type-product","3":"status-publish","5":"product_cat-edebiyat","6":"product_cat-fantastik","7":"pa_cilt-ciltsiz","8":"pa_tur-kitap","9":"pa_yayinevi-ithaki-yayinlari","10":"pa_yazar-a-s-byatt","12":"first","13":"instock","14":"sale","15":"shipping-taxable","16":"purchasable","17":"product-type-simple"},"_links":{"self":[{"href":"https:\/\/roveyayinevi.com.tr\/index.php\/wp-json\/wp\/v2\/product\/726879","targetHints":{"allow":["GET"]}}],"collection":[{"href":"https:\/\/roveyayinevi.com.tr\/index.php\/wp-json\/wp\/v2\/product"}],"about":[{"href":"https:\/\/roveyayinevi.com.tr\/index.php\/wp-json\/wp\/v2\/types\/product"}],"wp:attachment":[{"href":"https:\/\/roveyayinevi.com.tr\/index.php\/wp-json\/wp\/v2\/media?parent=726879"}],"wp:term":[{"taxonomy":"product_brand","embeddable":true,"href":"https:\/\/roveyayinevi.com.tr\/index.php\/wp-json\/wp\/v2\/product_brand?post=726879"},{"taxonomy":"product_cat","embeddable":true,"href":"https:\/\/roveyayinevi.com.tr\/index.php\/wp-json\/wp\/v2\/product_cat?post=726879"},{"taxonomy":"product_tag","embeddable":true,"href":"https:\/\/roveyayinevi.com.tr\/index.php\/wp-json\/wp\/v2\/product_tag?post=726879"}],"curies":[{"name":"wp","href":"https:\/\/api.w.org\/{rel}","templated":true}]}}