{"id":726878,"date":"2025-08-27T20:13:28","date_gmt":"2025-08-27T17:13:28","guid":{"rendered":"https:\/\/roveyayinevi.com.tr\/index.php\/urun\/efsun-sokagi-137\/"},"modified":"2026-04-16T02:34:47","modified_gmt":"2026-04-15T23:34:47","slug":"efsun-sokagi-137","status":"publish","type":"product","link":"https:\/\/roveyayinevi.com.tr\/index.php\/urun\/efsun-sokagi-137\/","title":{"rendered":"Efsun Soka\u011f\u0131 137"},"content":{"rendered":"<p>\u201cArt\u0131k gece yar\u0131s\u0131n\u0131 ge\u00e7tik&#8230; \u00c7ok yak\u0131nda gece bitecek ve sonsuz \u015fafak s\u00f6kecek.\u201d   Antik M\u0131s\u0131r\u2019da do\u011fan ve y\u00fczy\u0131llard\u0131r ya\u015famaya devam eden simyac\u0131, \u00f6zg\u00fcr g\u00fcnlerinden \u00e7ok uzakta, modern d\u00fcnyan\u0131n k\u0131ska\u00e7lar\u0131 aras\u0131nda ya\u015famaya \u00e7al\u0131\u015fmaktad\u0131r. Tekinsiz addedilen tarih\u00ee k\u00f6\u015fke ta\u015f\u0131nd\u0131\u011f\u0131nda plan\u0131 \u00e7oktan haz\u0131rd\u0131r. Me\u015fum k\u00f6\u015fkteki davete icabet eden \u00fc\u00e7 ki\u015fiyse sadece kendi hayatlar\u0131n\u0131 de\u011fil t\u00fcm d\u00fcnyay\u0131 de\u011fi\u015ftirecek bir teklife \u201cevet,\u201d dediklerinin fark\u0131nda de\u011fillerdir.   Terazinin di\u011fer kefesindeyse insan azman\u0131 bir mezar soyguncusu, iki ya\u015fl\u0131 bek\u00e7i ve canl\u0131 canl\u0131 g\u00f6m\u00fclen bir kad\u0131n vard\u0131r. Bu iki grubun aras\u0131ndaki sava\u015f halka halka b\u00fcy\u00fcyerek herkesin sava\u015f\u0131na d\u00f6n\u00fc\u015fecektir. Terazinin dengesini bozacak ki\u015fiyse y\u0131llar \u00f6nce \u00f6len k\u00fc\u00e7\u00fck bir k\u0131z \u00e7ocu\u011fudur.   \u201cBurada olanlar bir s\u00fcre sonra her yerde ba\u015flayacakt\u0131. D\u00fcnyay\u0131 saran asfalt kabuk k\u0131r\u0131lacakt\u0131 ve her \u015fey geride kalacakt\u0131; ta\u015f ve \u00e7elik y\u0131\u011f\u0131nlar\u0131n\u0131n aras\u0131nda, k\u00fclle kaplanm\u0131\u015f bir beton art\u0131\u011f\u0131na d\u00f6n\u00fc\u015fecekti. Ge\u00e7mi\u015ften gelen tek \u015fey, yitik \u015fehirlerin mezar ta\u015flar\u0131n\u0131 and\u0131ran binalar\u0131 olacakt\u0131. Granitten, mermerden, betondan ve \u00e7elikten mezar ta\u015flar\u0131; y\u0131k\u0131lm\u0131\u015f, k\u0131r\u0131lm\u0131\u015f, d\u00f6k\u00fcl\u00fcp ufalanm\u0131\u015f tap\u0131naklar ve mabetler; asfalt d\u00f6\u015feli kompozit y\u00fczeyler; miras\u00e7\u0131s\u0131 olmayan bir d\u00fcnya kal\u0131nt\u0131\u2026 \u0130\u00e7inde ya\u015fad\u0131klar\u0131 d\u00fcnya, a\u011fa\u00e7lar\u0131n boy al\u0131p, hayvanlar\u0131n cirit att\u0131\u011f\u0131 bir hayaletler m\u00fczesine d\u00f6n\u00fc\u015fecekti. Metruk binalarla \u00e7evrili \u00f6lm\u00fc\u015f \u015fehirlere bakacaklard\u0131 ve kimse hik\u00e2yeyi bilmeyecekti.\u201d <\/p>\n","protected":false},"excerpt":{"rendered":"<p>\u201cArt\u0131k gece yar\u0131s\u0131n\u0131 ge\u00e7tik&#8230; \u00c7ok yak\u0131nda gece bitecek ve sonsuz \u015fafak s\u00f6kecek.\u201d Antik M\u0131s\u0131r\u2019da do\u011fan ve y\u00fczy\u0131llard\u0131r ya\u015famaya devam eden simyac\u0131, \u00f6zg\u00fcr g\u00fcnlerinden \u00e7ok uzakta, modern<span class=\"excerpt-hellip\"> [\u2026]<\/span><\/p>\n","protected":false},"featured_media":0,"template":"","meta":{"_monsterinsights_skip_tracking":false,"_monsterinsights_sitenote_active":false,"_monsterinsights_sitenote_note":"","_monsterinsights_sitenote_category":0},"product_brand":[],"product_cat":[12291,17033],"product_tag":[],"class_list":{"0":"post-726878","1":"product","2":"type-product","3":"status-publish","5":"product_cat-edebiyat","6":"product_cat-korku-gerilim","7":"pa_cilt-ciltsiz","8":"pa_tur-kitap","9":"pa_yayinevi-ithaki-yayinlari","10":"pa_yazar-seref-atak","12":"first","13":"instock","14":"sale","15":"shipping-taxable","16":"purchasable","17":"product-type-simple"},"_links":{"self":[{"href":"https:\/\/roveyayinevi.com.tr\/index.php\/wp-json\/wp\/v2\/product\/726878","targetHints":{"allow":["GET"]}}],"collection":[{"href":"https:\/\/roveyayinevi.com.tr\/index.php\/wp-json\/wp\/v2\/product"}],"about":[{"href":"https:\/\/roveyayinevi.com.tr\/index.php\/wp-json\/wp\/v2\/types\/product"}],"wp:attachment":[{"href":"https:\/\/roveyayinevi.com.tr\/index.php\/wp-json\/wp\/v2\/media?parent=726878"}],"wp:term":[{"taxonomy":"product_brand","embeddable":true,"href":"https:\/\/roveyayinevi.com.tr\/index.php\/wp-json\/wp\/v2\/product_brand?post=726878"},{"taxonomy":"product_cat","embeddable":true,"href":"https:\/\/roveyayinevi.com.tr\/index.php\/wp-json\/wp\/v2\/product_cat?post=726878"},{"taxonomy":"product_tag","embeddable":true,"href":"https:\/\/roveyayinevi.com.tr\/index.php\/wp-json\/wp\/v2\/product_tag?post=726878"}],"curies":[{"name":"wp","href":"https:\/\/api.w.org\/{rel}","templated":true}]}}