{"id":726874,"date":"2025-08-27T20:13:24","date_gmt":"2025-08-27T17:13:24","guid":{"rendered":"https:\/\/roveyayinevi.com.tr\/index.php\/urun\/kuran-i-kerimin-ilahi-korunus-tasarimi-28-mucizesi\/"},"modified":"2026-04-16T02:34:46","modified_gmt":"2026-04-15T23:34:46","slug":"kuran-i-kerimin-ilahi-korunus-tasarimi-28-mucizesi","status":"publish","type":"product","link":"https:\/\/roveyayinevi.com.tr\/index.php\/urun\/kuran-i-kerimin-ilahi-korunus-tasarimi-28-mucizesi\/","title":{"rendered":"Kur&#8217;an-\u0131 Kerim&#8217;in \u0130lahi Korunu\u015f Tasar\u0131m\u0131 &#8211; 28 Mucizesi"},"content":{"rendered":"<p>Kur\u2019an-\u0131 Kerim\u2019in en k\u00fc\u00e7\u00fck yap\u0131 birimi olan harflerinden hecelerine, peygamberlerden, \u00f6zel ki\u015filere, akrabal\u0131k ba\u011flar\u0131ndan, kar\u0131-koca, karde\u015fler, anneler, babalar gibi hukuksal ba\u011flar\u0131 olu\u015fturan t\u00fcm \u00f6yk\u00fclerdeki ki\u015fi say\u0131lar\u0131na kadar hep 28&#8217;li \u00f6l\u00e7\u00fctle vahiy edildi\u011fi g\u00f6r\u00fclmektedir. Ayr\u0131ca sadece hukuksal ba\u011flarla ilgili ki\u015filer de\u011fil, hayvanlar, sorulan sorulara verilen cevaplar, matematik i\u015flem rakamlar\u0131, dualar, yemin sureleri gibi bir\u00e7ok konunun da 28 \u00f6l\u00e7\u00fctle vahiy edildi\u011fi anla\u015f\u0131lmaktad\u0131r.28\u2019li ilahi bir korunu\u015f \u00f6l\u00e7\u00fct\u00fcn\u00fcn ke\u015ffedilmesi \u00f6nemli bir ad\u0131m olacakt\u0131r. Bu ilahi korunu\u015f tasar\u0131m\u0131 ile Kur\u2019an-\u0131 Kerim\u2019in de\u011fi\u015fmez\/de\u011fi\u015ftirilemez oldu\u011fu anla\u015f\u0131lmaktad\u0131r. Fakat as\u0131l anla\u015f\u0131lmas\u0131 gereken \u015fudur ki bilimsel ya da mucizevi ke\u015fiflerin soyut ya da somut b\u00fct\u00fcn ispatlar\u0131n varaca\u011f\u0131 tek ger\u00e7ek yer vard\u0131r: \u201cKendini Bilmek!..\u201dBug\u00fcn \u00f6nemli bir g\u00fcn&#8230; Yepyeni bir ke\u015fif insano\u011flunun kar\u015f\u0131s\u0131nda duruyor&#8230; Kendini ke\u015ffetmek kilidinin anahtar\u0131 yine kendindeyken&#8230;\u201cOku!..\u201d<\/p>\n","protected":false},"excerpt":{"rendered":"<p>Kur\u2019an-\u0131 Kerim\u2019in en k\u00fc\u00e7\u00fck yap\u0131 birimi olan harflerinden hecelerine, peygamberlerden, \u00f6zel ki\u015filere, akrabal\u0131k ba\u011flar\u0131ndan, kar\u0131-koca, karde\u015fler, anneler, babalar gibi hukuksal ba\u011flar\u0131 olu\u015fturan t\u00fcm \u00f6yk\u00fclerdeki ki\u015fi say\u0131lar\u0131na<span class=\"excerpt-hellip\"> [\u2026]<\/span><\/p>\n","protected":false},"featured_media":0,"template":"","meta":{"_monsterinsights_skip_tracking":false,"_monsterinsights_sitenote_active":false,"_monsterinsights_sitenote_note":"","_monsterinsights_sitenote_category":0},"product_brand":[],"product_cat":[12718,12719,17284],"product_tag":[],"class_list":{"0":"post-726874","1":"product","2":"type-product","3":"status-publish","5":"product_cat-din","6":"product_cat-islam","7":"product_cat-kuran-ve-kuran-uzerine","8":"pa_cilt-ciltsiz","9":"pa_tur-kitap","10":"pa_yayinevi-la-kitap-yayinlari","11":"pa_yazar-ismail-metin","13":"first","14":"instock","15":"sale","16":"shipping-taxable","17":"purchasable","18":"product-type-simple"},"_links":{"self":[{"href":"https:\/\/roveyayinevi.com.tr\/index.php\/wp-json\/wp\/v2\/product\/726874","targetHints":{"allow":["GET"]}}],"collection":[{"href":"https:\/\/roveyayinevi.com.tr\/index.php\/wp-json\/wp\/v2\/product"}],"about":[{"href":"https:\/\/roveyayinevi.com.tr\/index.php\/wp-json\/wp\/v2\/types\/product"}],"wp:attachment":[{"href":"https:\/\/roveyayinevi.com.tr\/index.php\/wp-json\/wp\/v2\/media?parent=726874"}],"wp:term":[{"taxonomy":"product_brand","embeddable":true,"href":"https:\/\/roveyayinevi.com.tr\/index.php\/wp-json\/wp\/v2\/product_brand?post=726874"},{"taxonomy":"product_cat","embeddable":true,"href":"https:\/\/roveyayinevi.com.tr\/index.php\/wp-json\/wp\/v2\/product_cat?post=726874"},{"taxonomy":"product_tag","embeddable":true,"href":"https:\/\/roveyayinevi.com.tr\/index.php\/wp-json\/wp\/v2\/product_tag?post=726874"}],"curies":[{"name":"wp","href":"https:\/\/api.w.org\/{rel}","templated":true}]}}