{"id":726870,"date":"2025-08-27T20:13:21","date_gmt":"2025-08-27T17:13:21","guid":{"rendered":"https:\/\/roveyayinevi.com.tr\/index.php\/urun\/hemsire-ve-ebeler-icin-dogum-ve-kadin-sagligi-uygulama-rehberi\/"},"modified":"2026-04-16T02:34:46","modified_gmt":"2026-04-15T23:34:46","slug":"hemsire-ve-ebeler-icin-dogum-ve-kadin-sagligi-uygulama-rehberi","status":"publish","type":"product","link":"https:\/\/roveyayinevi.com.tr\/index.php\/urun\/hemsire-ve-ebeler-icin-dogum-ve-kadin-sagligi-uygulama-rehberi\/","title":{"rendered":"Hem\u015fire ve Ebeler \u0130\u00e7in Do\u011fum ve Kad\u0131n Sa\u011fl\u0131\u011f\u0131 Uygulama Rehberi"},"content":{"rendered":"<p>Bu kitap, do\u011fum ve kad\u0131n sa\u011fl\u0131\u011f\u0131 uygulama derslerinde \u00f6\u011frencinin en \u00fcst d\u00fczeyde beceri kazanmas\u0131n\u0131 sa\u011flamak, her bir \u00f6\u011frenciye standart bir \u00f6\u011frenim ortam\u0131 olu\u015fturmak, \u00f6\u011frenciyi standart y\u00f6ntemlerle izlemek ve de\u011ferlendirmek ve b\u00fct\u00fcn bunlar\u0131 bireye \/ hastaya zarar vermeden yapabilmek i\u00e7in e\u011fiticinin ve \u00f6\u011frencinin yararlanaca\u011f\u0131 rehber olarak haz\u0131rlanm\u0131\u015ft\u0131r. Ayr\u0131ca bu kitap, klinikte \u00e7al\u0131\u015fan ebe ve hem\u015firelerin bak\u0131m\u0131 standardize etmelerini de sa\u011flayacakt\u0131r.<\/p>\n","protected":false},"excerpt":{"rendered":"<p>Bu kitap, do\u011fum ve kad\u0131n sa\u011fl\u0131\u011f\u0131 uygulama derslerinde \u00f6\u011frencinin en \u00fcst d\u00fczeyde beceri kazanmas\u0131n\u0131 sa\u011flamak, her bir \u00f6\u011frenciye standart bir \u00f6\u011frenim ortam\u0131 olu\u015fturmak, \u00f6\u011frenciyi standart y\u00f6ntemlerle<span class=\"excerpt-hellip\"> [\u2026]<\/span><\/p>\n","protected":false},"featured_media":0,"template":"","meta":{"_monsterinsights_skip_tracking":false,"_monsterinsights_sitenote_active":false,"_monsterinsights_sitenote_note":"","_monsterinsights_sitenote_category":0},"product_brand":[],"product_cat":[13366,13365],"product_tag":[],"class_list":{"0":"post-726870","1":"product","2":"type-product","3":"status-publish","5":"product_cat-diger-saglik","6":"product_cat-saglik","7":"pa_cilt-ciltsiz","8":"pa_tur-kitap","9":"pa_yayinevi-palme-yayincilik-akademik","10":"pa_yazar-palme-kolektif","12":"first","13":"instock","14":"sale","15":"shipping-taxable","16":"purchasable","17":"product-type-simple"},"_links":{"self":[{"href":"https:\/\/roveyayinevi.com.tr\/index.php\/wp-json\/wp\/v2\/product\/726870","targetHints":{"allow":["GET"]}}],"collection":[{"href":"https:\/\/roveyayinevi.com.tr\/index.php\/wp-json\/wp\/v2\/product"}],"about":[{"href":"https:\/\/roveyayinevi.com.tr\/index.php\/wp-json\/wp\/v2\/types\/product"}],"wp:attachment":[{"href":"https:\/\/roveyayinevi.com.tr\/index.php\/wp-json\/wp\/v2\/media?parent=726870"}],"wp:term":[{"taxonomy":"product_brand","embeddable":true,"href":"https:\/\/roveyayinevi.com.tr\/index.php\/wp-json\/wp\/v2\/product_brand?post=726870"},{"taxonomy":"product_cat","embeddable":true,"href":"https:\/\/roveyayinevi.com.tr\/index.php\/wp-json\/wp\/v2\/product_cat?post=726870"},{"taxonomy":"product_tag","embeddable":true,"href":"https:\/\/roveyayinevi.com.tr\/index.php\/wp-json\/wp\/v2\/product_tag?post=726870"}],"curies":[{"name":"wp","href":"https:\/\/api.w.org\/{rel}","templated":true}]}}