{"id":726869,"date":"2025-08-27T20:13:20","date_gmt":"2025-08-27T17:13:20","guid":{"rendered":"https:\/\/roveyayinevi.com.tr\/index.php\/urun\/doktor-dolittlenin-hikayesi\/"},"modified":"2026-04-16T02:34:46","modified_gmt":"2026-04-15T23:34:46","slug":"doktor-dolittlenin-hikayesi","status":"publish","type":"product","link":"https:\/\/roveyayinevi.com.tr\/index.php\/urun\/doktor-dolittlenin-hikayesi\/","title":{"rendered":"Doktor Dolittle\u2019nin Hikayesi"},"content":{"rendered":"<p>Hugh Lofting, Dr. Dolittle\u2019\u0131n Hik\u00e2yesi\u2019nde, yazar\u0131n hayal g\u00fcc\u00fcn\u00fcn bir \u00e7ocu\u011fun hayal g\u00fcc\u00fc olmas\u0131 gerekti\u011fini g\u00f6steriyor. Bu da yeterli de\u011fildir; ayn\u0131 zamanda olgun bir \u015fekilde tutarl\u0131 olmal\u0131d\u0131r. Daha ilk sayfalardan itibaren g\u00f6receksiniz ki, Dr. Dolittle sadece heyecan verici ve \u00e7e\u015fitli maceralar\u0131yla kadar, kendisi de \u00f6zg\u00fcn ve ilgin\u00e7 karakterde bir insand\u0131r. Kibar ve c\u00f6mert bu adam elini sayfadan uzat\u0131yor ve okuyucunun elini tutuyor. Yerk\u00fcrenin ye\u015fil sa\u00e7l\u0131 tanr\u0131s\u0131 paradan hi\u00e7 hazzetmiyor. Hayvanlarla konu\u015fuyor ve onlar\u0131 kendi do\u011falar\u0131n\u0131 terk etmeye asla zorlam\u0131yor. \u00d6rne\u011fin Polinezya t\u00fcm\u00fcyle do\u011fald\u0131r. Dr. Dolittle\u2019\u0131 \u00f6nemser ama bir ku\u015f gibi \u00f6nemser. Dr. Dolittle ve arkada\u015flar\u0131yla vedala\u015fma zaman\u0131 geldi\u011finde olmas\u0131 gerekti\u011fi yerde kal\u0131r. Bu kitab\u0131 okuyan herkesin Pushmi-pullyu&#8217;nun varl\u0131\u011f\u0131na inanmamas\u0131 i\u00e7in hi\u00e7bir neden yoktur.<\/p>\n","protected":false},"excerpt":{"rendered":"<p>Hugh Lofting, Dr. Dolittle\u2019\u0131n Hik\u00e2yesi\u2019nde, yazar\u0131n hayal g\u00fcc\u00fcn\u00fcn bir \u00e7ocu\u011fun hayal g\u00fcc\u00fc olmas\u0131 gerekti\u011fini g\u00f6steriyor. Bu da yeterli de\u011fildir; ayn\u0131 zamanda olgun bir \u015fekilde tutarl\u0131 olmal\u0131d\u0131r.<span class=\"excerpt-hellip\"> [\u2026]<\/span><\/p>\n","protected":false},"featured_media":0,"template":"","meta":{"_monsterinsights_skip_tracking":false,"_monsterinsights_sitenote_active":false,"_monsterinsights_sitenote_note":"","_monsterinsights_sitenote_category":0},"product_brand":[],"product_cat":[12274,12467],"product_tag":[],"class_list":{"0":"post-726869","1":"product","2":"type-product","3":"status-publish","5":"product_cat-cocuk-ve-genclik-kitaplari","6":"product_cat-dunya-klasikleri","7":"pa_cilt-ciltsiz","8":"pa_tur-kitap","9":"pa_yayinevi-mirhan-kitap","10":"pa_yazar-hugh-lofting","12":"first","13":"instock","14":"sale","15":"shipping-taxable","16":"purchasable","17":"product-type-simple"},"_links":{"self":[{"href":"https:\/\/roveyayinevi.com.tr\/index.php\/wp-json\/wp\/v2\/product\/726869","targetHints":{"allow":["GET"]}}],"collection":[{"href":"https:\/\/roveyayinevi.com.tr\/index.php\/wp-json\/wp\/v2\/product"}],"about":[{"href":"https:\/\/roveyayinevi.com.tr\/index.php\/wp-json\/wp\/v2\/types\/product"}],"wp:attachment":[{"href":"https:\/\/roveyayinevi.com.tr\/index.php\/wp-json\/wp\/v2\/media?parent=726869"}],"wp:term":[{"taxonomy":"product_brand","embeddable":true,"href":"https:\/\/roveyayinevi.com.tr\/index.php\/wp-json\/wp\/v2\/product_brand?post=726869"},{"taxonomy":"product_cat","embeddable":true,"href":"https:\/\/roveyayinevi.com.tr\/index.php\/wp-json\/wp\/v2\/product_cat?post=726869"},{"taxonomy":"product_tag","embeddable":true,"href":"https:\/\/roveyayinevi.com.tr\/index.php\/wp-json\/wp\/v2\/product_tag?post=726869"}],"curies":[{"name":"wp","href":"https:\/\/api.w.org\/{rel}","templated":true}]}}