{"id":726859,"date":"2025-08-27T20:13:12","date_gmt":"2025-08-27T17:13:12","guid":{"rendered":"https:\/\/roveyayinevi.com.tr\/index.php\/urun\/kiskanclik\/"},"modified":"2026-04-16T02:34:46","modified_gmt":"2026-04-15T23:34:46","slug":"kiskanclik","status":"publish","type":"product","link":"https:\/\/roveyayinevi.com.tr\/index.php\/urun\/kiskanclik\/","title":{"rendered":"K\u0131skan\u00e7l\u0131k"},"content":{"rendered":"<p>K\u0131skan\u00e7l\u0131k, Frans\u0131z yazar Marcel Proust\u2019un edebiyat tarihine damgas\u0131n\u0131 vuran Kay\u0131p Zaman\u0131n \u0130zinde adl\u0131 yedi ciltten olu\u015fan nehir roman\u0131n\u0131n be\u015finci cildi Mahpus\u2019tan se\u00e7ti\u011fimiz \u00e7ok \u00e7arp\u0131c\u0131 bir b\u00f6l\u00fcm. Fonunda, aristokrasinin \u00e7\u00f6k\u00fc\u015f\u00fc ve orta s\u0131n\u0131f\u0131n y\u00fckseli\u015fi d\u00f6nemine denk gelen \u00dc\u00e7\u00fcnc\u00fc Cumhuriyet y\u00f6netimi alt\u0131nda ger\u00e7ekle\u015fen b\u00fcy\u00fck toplumsal de\u011fi\u015fimlerin yer ald\u0131\u011f\u0131 roman\u0131n bu b\u00f6l\u00fcm\u00fc, k\u0131skan\u00e7l\u0131k duygusunun en karanl\u0131k yanlar\u0131n\u0131 ve y\u0131k\u0131c\u0131 etkilerini ustal\u0131kla ele ald\u0131\u011f\u0131 sat\u0131rlar\u0131yla b\u00fct\u00fcnden farkl\u0131la\u015f\u0131yor. Yazar olmak isteyen Marcel \u00e2\u015f\u0131k oldu\u011fu Albertine\u2019in kendisinin Paris\u2019teki burjuva evine ta\u015f\u0131nmas\u0131n\u0131 sa\u011flam\u0131\u015f ancak kendisi de arzunun ve k\u0131skan\u00e7l\u0131\u011f\u0131n pen\u00e7esine d\u00fc\u015fm\u00fc\u015ft\u00fcr. Neden s\u00fcrekli birbirimizi s\u0131nama ve sahiplenme e\u011filiminde oluruz, k\u0131skan\u00e7l\u0131k \u00f6l\u00fcmden bile g\u00fc\u00e7l\u00fc m\u00fcd\u00fcr gibi sorulara yan\u0131t arayan K\u0131skan\u00e7l\u0131k, Proust\u2019un derin psikolojik g\u00f6zlemlerine, zengin betimlemelerine a\u015fina olanlar i\u00e7in bir hat\u0131rlatma, yeni ba\u015flayacak olanlar i\u00e7inse tad\u0131ml\u0131k. <\/p>\n","protected":false},"excerpt":{"rendered":"<p>K\u0131skan\u00e7l\u0131k, Frans\u0131z yazar Marcel Proust\u2019un edebiyat tarihine damgas\u0131n\u0131 vuran Kay\u0131p Zaman\u0131n \u0130zinde adl\u0131 yedi ciltten olu\u015fan nehir roman\u0131n\u0131n be\u015finci cildi Mahpus\u2019tan se\u00e7ti\u011fimiz \u00e7ok \u00e7arp\u0131c\u0131 bir b\u00f6l\u00fcm.<span class=\"excerpt-hellip\"> [\u2026]<\/span><\/p>\n","protected":false},"featured_media":0,"template":"","meta":{"_monsterinsights_skip_tracking":false,"_monsterinsights_sitenote_active":false,"_monsterinsights_sitenote_note":"","_monsterinsights_sitenote_category":0},"product_brand":[],"product_cat":[18545,12291],"product_tag":[],"class_list":{"0":"post-726859","1":"product","2":"type-product","3":"status-publish","5":"product_cat-anlati","6":"product_cat-edebiyat","7":"pa_cilt-ciltsiz","8":"pa_tur-kitap","9":"pa_yayinevi-can-yayinlari","10":"pa_yazar-marcel-proust","12":"first","13":"instock","14":"sale","15":"shipping-taxable","16":"purchasable","17":"product-type-simple"},"_links":{"self":[{"href":"https:\/\/roveyayinevi.com.tr\/index.php\/wp-json\/wp\/v2\/product\/726859","targetHints":{"allow":["GET"]}}],"collection":[{"href":"https:\/\/roveyayinevi.com.tr\/index.php\/wp-json\/wp\/v2\/product"}],"about":[{"href":"https:\/\/roveyayinevi.com.tr\/index.php\/wp-json\/wp\/v2\/types\/product"}],"wp:attachment":[{"href":"https:\/\/roveyayinevi.com.tr\/index.php\/wp-json\/wp\/v2\/media?parent=726859"}],"wp:term":[{"taxonomy":"product_brand","embeddable":true,"href":"https:\/\/roveyayinevi.com.tr\/index.php\/wp-json\/wp\/v2\/product_brand?post=726859"},{"taxonomy":"product_cat","embeddable":true,"href":"https:\/\/roveyayinevi.com.tr\/index.php\/wp-json\/wp\/v2\/product_cat?post=726859"},{"taxonomy":"product_tag","embeddable":true,"href":"https:\/\/roveyayinevi.com.tr\/index.php\/wp-json\/wp\/v2\/product_tag?post=726859"}],"curies":[{"name":"wp","href":"https:\/\/api.w.org\/{rel}","templated":true}]}}