{"id":726858,"date":"2025-08-27T20:13:11","date_gmt":"2025-08-27T17:13:11","guid":{"rendered":"https:\/\/roveyayinevi.com.tr\/index.php\/urun\/acayip-bir-bakan\/"},"modified":"2026-04-16T02:34:46","modified_gmt":"2026-04-15T23:34:46","slug":"acayip-bir-bakan","status":"publish","type":"product","link":"https:\/\/roveyayinevi.com.tr\/index.php\/urun\/acayip-bir-bakan\/","title":{"rendered":"Acayip Bir Bakan"},"content":{"rendered":"<p>Bayan Charlotte, arkada\u015flar\u0131 Leo ve Marie\u2019ye kavu\u015fmak u\u0308zere yola koyulur. Tren istasyonunun bilet gi\u015fesine heyecanla ko\u015farken kendi valizi yerine yanl\u0131\u015fl\u0131kla Ba\u015fbakan\u2019\u0131nkini al\u0131nca planlar\u0131 tepetaklak olur. \u00c7ocuklar\u0131n e\u011fitimiyle ilgili yeni politikas\u0131n\u0131 a\u00e7\u0131klayacak olan Ba\u015fbakan\u2019\u0131n valizi \u00f6nemli belgelerle doludur. Bayan Charlotte, kendisine bakanl\u0131kta bir g\u00f6rev teklif edilece\u011finin hayaliyle, Ba\u015fbakan\u2019\u0131 bulup valizini teslim etmek u\u0308zere harekete ge\u00e7er. Yol boyunca ba\u015f\u0131ndan macera hi\u00e7 eksik olmayan Bayan Charlotte, Ba\u015fbakan\u2019\u0131n yerine s\u0131ra d\u0131\u015f\u0131 bir konu\u015fma yap\u0131nca hem medyan\u0131n hem de gizli servisin dikkatini \u00e7eker. Her yerde aranan Bayan Charlotte\u2019un \u015fu s\u0131k\u0131c\u0131 yeni e\u011fitim politikas\u0131yla ilgili de yorumlar\u0131 olacakt\u0131r. \u201cYeni \u00d6\u011fretmen\u201d ve \u201cGizemli Ku\u0308tu\u0308phaneci\u201dyle \u00e7ok sevilen Bayan Charlotte\u2019un Maceralar\u0131 dizisi h\u0131z kesmeden devam ediyor!<\/p>\n","protected":false},"excerpt":{"rendered":"<p>Bayan Charlotte, arkada\u015flar\u0131 Leo ve Marie\u2019ye kavu\u015fmak u\u0308zere yola koyulur. Tren istasyonunun bilet gi\u015fesine heyecanla ko\u015farken kendi valizi yerine yanl\u0131\u015fl\u0131kla Ba\u015fbakan\u2019\u0131nkini al\u0131nca planlar\u0131 tepetaklak olur. \u00c7ocuklar\u0131n<span class=\"excerpt-hellip\"> [\u2026]<\/span><\/p>\n","protected":false},"featured_media":0,"template":"","meta":{"_monsterinsights_skip_tracking":false,"_monsterinsights_sitenote_active":false,"_monsterinsights_sitenote_note":"","_monsterinsights_sitenote_category":0},"product_brand":[],"product_cat":[12274,12631],"product_tag":[],"class_list":{"0":"post-726858","1":"product","2":"type-product","3":"status-publish","5":"product_cat-cocuk-ve-genclik-kitaplari","6":"product_cat-diger-cocuk-ve-genclik-kitaplari","7":"pa_cilt-ciltsiz","8":"pa_tur-kitap","9":"pa_yayinevi-can-cocuk-yayinlari","10":"pa_yazar-dominique-demers","12":"first","13":"instock","14":"sale","15":"shipping-taxable","16":"purchasable","17":"product-type-simple"},"_links":{"self":[{"href":"https:\/\/roveyayinevi.com.tr\/index.php\/wp-json\/wp\/v2\/product\/726858","targetHints":{"allow":["GET"]}}],"collection":[{"href":"https:\/\/roveyayinevi.com.tr\/index.php\/wp-json\/wp\/v2\/product"}],"about":[{"href":"https:\/\/roveyayinevi.com.tr\/index.php\/wp-json\/wp\/v2\/types\/product"}],"wp:attachment":[{"href":"https:\/\/roveyayinevi.com.tr\/index.php\/wp-json\/wp\/v2\/media?parent=726858"}],"wp:term":[{"taxonomy":"product_brand","embeddable":true,"href":"https:\/\/roveyayinevi.com.tr\/index.php\/wp-json\/wp\/v2\/product_brand?post=726858"},{"taxonomy":"product_cat","embeddable":true,"href":"https:\/\/roveyayinevi.com.tr\/index.php\/wp-json\/wp\/v2\/product_cat?post=726858"},{"taxonomy":"product_tag","embeddable":true,"href":"https:\/\/roveyayinevi.com.tr\/index.php\/wp-json\/wp\/v2\/product_tag?post=726858"}],"curies":[{"name":"wp","href":"https:\/\/api.w.org\/{rel}","templated":true}]}}