{"id":726856,"date":"2025-08-27T20:13:09","date_gmt":"2025-08-27T17:13:09","guid":{"rendered":"https:\/\/roveyayinevi.com.tr\/index.php\/urun\/efendi-ile-usagi-bez-ciltli\/"},"modified":"2026-04-16T02:34:46","modified_gmt":"2026-04-15T23:34:46","slug":"efendi-ile-usagi-bez-ciltli","status":"publish","type":"product","link":"https:\/\/roveyayinevi.com.tr\/index.php\/urun\/efendi-ile-usagi-bez-ciltli\/","title":{"rendered":"Efendi ile U\u015fa\u011f\u0131  (Bez Ciltli )"},"content":{"rendered":"<p>Efendi ile U\u015fa\u011f\u0131, hayalini kurdu\u011fu ve zenginli\u011fini artt\u0131racak koruyu rakiplerinden \u00f6nce sat\u0131n almak isteyen Vasiliy Andrei\u00e7\u2019i, yard\u0131mc\u0131s\u0131 Nikita ile birlikte karl\u0131 ve f\u0131rt\u0131nal\u0131 bir havada yollara d\u00fc\u015fmeye iten ve hayat\u0131n\u0131n se\u00e7imi ile kar\u015f\u0131 kar\u015f\u0131ya b\u0131rakan d\u00fcrt\u00fcy\u00fc anlat\u0131rken ayn\u0131 zamanda s\u0131n\u0131f farkl\u0131l\u0131klar\u0131n\u0131n \u00e7arp\u0131c\u0131 bir \u00f6rne\u011fini ortaya koymaktad\u0131r.Sergi Baba\u2019da ise ac\u0131yla son bulan bir a\u015fk maceras\u0131n\u0131n ard\u0131ndan manast\u0131ra kapanan gen\u00e7 bir adam\u0131n zaman i\u00e7indeki de\u011fi\u015fimine, ya\u015fam amac\u0131n\u0131 ararken deneyimledi\u011fi i\u00e7sel \u00e7at\u0131\u015fmalara ve Rus edebiyat\u0131n\u0131n usta kaleminin insan zihninin yeni bir noktas\u0131n\u0131 ayd\u0131nlat\u0131\u015f\u0131na tan\u0131kl\u0131k ederiz.Hayata bak\u0131\u015f\u0131n\u0131 kar\u015f\u0131tl\u0131klar \u00fczerine \u015fekillendiren Tolstoy\u2019un bir insan\u0131n ancak ba\u015fkas\u0131n\u0131n ac\u0131s\u0131n\u0131 duyarsa insan olabilece\u011fini vurgulad\u0131\u011f\u0131 bu \u00f6yk\u00fclerini Mehmet Y\u0131lmaz\u2019\u0131n \u00f6zenli \u00e7evirisiyle sunuyoruz.Kullan\u0131lacak Reklam Mecralar\u0131: Bu kitab\u0131n hedef kitleye tan\u0131t\u0131m\u0131n\u0131 yay\u0131nevimize ait sosyal medya hesaplar\u0131 \u00fczerinden yapmay\u0131 planl\u0131yoruz.<\/p>\n","protected":false},"excerpt":{"rendered":"<p>Efendi ile U\u015fa\u011f\u0131, hayalini kurdu\u011fu ve zenginli\u011fini artt\u0131racak koruyu rakiplerinden \u00f6nce sat\u0131n almak isteyen Vasiliy Andrei\u00e7\u2019i, yard\u0131mc\u0131s\u0131 Nikita ile birlikte karl\u0131 ve f\u0131rt\u0131nal\u0131 bir havada yollara<span class=\"excerpt-hellip\"> [\u2026]<\/span><\/p>\n","protected":false},"featured_media":0,"template":"","meta":{"_monsterinsights_skip_tracking":false,"_monsterinsights_sitenote_active":false,"_monsterinsights_sitenote_note":"","_monsterinsights_sitenote_category":0},"product_brand":[],"product_cat":[12291,13872],"product_tag":[],"class_list":{"0":"post-726856","1":"product","2":"type-product","3":"status-publish","5":"product_cat-edebiyat","6":"product_cat-klasikler","7":"pa_cilt-ciltli","8":"pa_tur-kitap","9":"pa_yayinevi-koridor-yayincilik","10":"pa_yazar-lev-nikolayevic-tolstoy","12":"first","13":"instock","14":"sale","15":"shipping-taxable","16":"purchasable","17":"product-type-simple"},"_links":{"self":[{"href":"https:\/\/roveyayinevi.com.tr\/index.php\/wp-json\/wp\/v2\/product\/726856","targetHints":{"allow":["GET"]}}],"collection":[{"href":"https:\/\/roveyayinevi.com.tr\/index.php\/wp-json\/wp\/v2\/product"}],"about":[{"href":"https:\/\/roveyayinevi.com.tr\/index.php\/wp-json\/wp\/v2\/types\/product"}],"wp:attachment":[{"href":"https:\/\/roveyayinevi.com.tr\/index.php\/wp-json\/wp\/v2\/media?parent=726856"}],"wp:term":[{"taxonomy":"product_brand","embeddable":true,"href":"https:\/\/roveyayinevi.com.tr\/index.php\/wp-json\/wp\/v2\/product_brand?post=726856"},{"taxonomy":"product_cat","embeddable":true,"href":"https:\/\/roveyayinevi.com.tr\/index.php\/wp-json\/wp\/v2\/product_cat?post=726856"},{"taxonomy":"product_tag","embeddable":true,"href":"https:\/\/roveyayinevi.com.tr\/index.php\/wp-json\/wp\/v2\/product_tag?post=726856"}],"curies":[{"name":"wp","href":"https:\/\/api.w.org\/{rel}","templated":true}]}}