{"id":726855,"date":"2025-08-27T20:13:08","date_gmt":"2025-08-27T17:13:08","guid":{"rendered":"https:\/\/roveyayinevi.com.tr\/index.php\/urun\/cercop\/"},"modified":"2026-04-16T02:34:46","modified_gmt":"2026-04-15T23:34:46","slug":"cercop","status":"publish","type":"product","link":"https:\/\/roveyayinevi.com.tr\/index.php\/urun\/cercop\/","title":{"rendered":"\u00c7er\u00e7\u00f6p"},"content":{"rendered":"<p>\u201cHem \u2018\u00e7er\u00e7\u00f6p\u2019\u00fcn hem de \u2018\u00e7er\u2019in \u00e7e\u015fitli anlamlar\u0131 var s\u00f6zl\u00fcklerde. Hem o anlamlara uygun bir kitap bu hem de \u2018\u00e7er\u2019e benim yak\u0131\u015ft\u0131rd\u0131\u011f\u0131m ya da \u00f6yle sand\u0131\u011f\u0131m \u2018yol\u2019a. \u00d6yleyse \u00e7er\u00e7i de yolcu oluyor. Ama eli bo\u015f gitmeyen yolcu.\u201d  <\/p>\n","protected":false},"excerpt":{"rendered":"<p>\u201cHem \u2018\u00e7er\u00e7\u00f6p\u2019\u00fcn hem de \u2018\u00e7er\u2019in \u00e7e\u015fitli anlamlar\u0131 var s\u00f6zl\u00fcklerde. Hem o anlamlara uygun bir kitap bu hem de \u2018\u00e7er\u2019e benim yak\u0131\u015ft\u0131rd\u0131\u011f\u0131m ya da \u00f6yle sand\u0131\u011f\u0131m \u2018yol\u2019a.<span class=\"excerpt-hellip\"> [\u2026]<\/span><\/p>\n","protected":false},"featured_media":0,"template":"","meta":{"_monsterinsights_skip_tracking":false,"_monsterinsights_sitenote_active":false,"_monsterinsights_sitenote_note":"","_monsterinsights_sitenote_category":0},"product_brand":[],"product_cat":[12777,12291],"product_tag":[],"class_list":{"0":"post-726855","1":"product","2":"type-product","3":"status-publish","5":"product_cat-deneme","6":"product_cat-edebiyat","7":"pa_cilt-ciltsiz","8":"pa_tur-kitap","9":"pa_yayinevi-kara-karga-yayinlari","10":"pa_yazar-haydar-ergulen","12":"first","13":"instock","14":"sale","15":"shipping-taxable","16":"purchasable","17":"product-type-simple"},"_links":{"self":[{"href":"https:\/\/roveyayinevi.com.tr\/index.php\/wp-json\/wp\/v2\/product\/726855","targetHints":{"allow":["GET"]}}],"collection":[{"href":"https:\/\/roveyayinevi.com.tr\/index.php\/wp-json\/wp\/v2\/product"}],"about":[{"href":"https:\/\/roveyayinevi.com.tr\/index.php\/wp-json\/wp\/v2\/types\/product"}],"wp:attachment":[{"href":"https:\/\/roveyayinevi.com.tr\/index.php\/wp-json\/wp\/v2\/media?parent=726855"}],"wp:term":[{"taxonomy":"product_brand","embeddable":true,"href":"https:\/\/roveyayinevi.com.tr\/index.php\/wp-json\/wp\/v2\/product_brand?post=726855"},{"taxonomy":"product_cat","embeddable":true,"href":"https:\/\/roveyayinevi.com.tr\/index.php\/wp-json\/wp\/v2\/product_cat?post=726855"},{"taxonomy":"product_tag","embeddable":true,"href":"https:\/\/roveyayinevi.com.tr\/index.php\/wp-json\/wp\/v2\/product_tag?post=726855"}],"curies":[{"name":"wp","href":"https:\/\/api.w.org\/{rel}","templated":true}]}}