{"id":726853,"date":"2025-08-27T20:13:07","date_gmt":"2025-08-27T17:13:07","guid":{"rendered":"https:\/\/roveyayinevi.com.tr\/index.php\/urun\/harari-tarih-insanin-tanri-olusuyla-sona-erecek\/"},"modified":"2026-04-16T02:34:46","modified_gmt":"2026-04-15T23:34:46","slug":"harari-tarih-insanin-tanri-olusuyla-sona-erecek","status":"publish","type":"product","link":"https:\/\/roveyayinevi.com.tr\/index.php\/urun\/harari-tarih-insanin-tanri-olusuyla-sona-erecek\/","title":{"rendered":"Harari &#8211; Tarih, \u0130nsan\u0131n Tanr\u0131 Olu\u015fuyla Sona Erecek"},"content":{"rendered":"<p>21. Y\u00fczy\u0131l\u0131n En Tart\u0131\u015f\u0131lan Tarih\u00e7isi Harari, Yeni D\u00fcnya\u2019y\u0131 nas\u0131l g\u00f6r\u00fcyor?Onu bu kadar pop\u00fcler k\u0131lan ne? Geleneksel bir tarih\u00e7i mi yoksa veri analisti mi?Meslekta\u015flar\u0131 taraf\u0131ndan hangi ele\u015ftirileri ald\u0131, neyle su\u00e7land\u0131, ele\u015ftirilere neden cevap vermiyor?\u201cSalg\u0131nlar\u201d, \u201cdedikodunun gereklili\u011fi\u201d, \u201cyenilmeyen liderler\u201d, \u201cyeni din ihtiyac\u0131\u201d, \u201cgelece\u011fin e\u011fitim sistemi\u201d gibi pek \u00e7ok meseleye onun bak\u0131\u015f a\u00e7\u0131s\u0131yla bakarak cevap bulabilir miyiz? Onun penceresinden onu g\u00f6zlemleyerek Harari\u2019nin zaman makinesiyle ge\u00e7mi\u015ften gelece\u011fe k\u0131sa bir yolculu\u011fa \u00e7\u0131kmaya ne dersiniz? <\/p>\n","protected":false},"excerpt":{"rendered":"<p>21. Y\u00fczy\u0131l\u0131n En Tart\u0131\u015f\u0131lan Tarih\u00e7isi Harari, Yeni D\u00fcnya\u2019y\u0131 nas\u0131l g\u00f6r\u00fcyor?Onu bu kadar pop\u00fcler k\u0131lan ne? Geleneksel bir tarih\u00e7i mi yoksa veri analisti mi?Meslekta\u015flar\u0131 taraf\u0131ndan hangi ele\u015ftirileri<span class=\"excerpt-hellip\"> [\u2026]<\/span><\/p>\n","protected":false},"featured_media":0,"template":"","meta":{"_monsterinsights_skip_tracking":false,"_monsterinsights_sitenote_active":false,"_monsterinsights_sitenote_note":"","_monsterinsights_sitenote_category":0},"product_brand":[],"product_cat":[12370,12304],"product_tag":[],"class_list":{"0":"post-726853","1":"product","2":"type-product","3":"status-publish","5":"product_cat-arastirma-inceleme","6":"product_cat-tarih","7":"pa_cilt-ciltsiz","8":"pa_tur-kitap","9":"pa_yayinevi-kara-karga-yayinlari","10":"pa_yazar-yuval-noah-harari","12":"first","13":"instock","14":"sale","15":"shipping-taxable","16":"purchasable","17":"product-type-simple"},"_links":{"self":[{"href":"https:\/\/roveyayinevi.com.tr\/index.php\/wp-json\/wp\/v2\/product\/726853","targetHints":{"allow":["GET"]}}],"collection":[{"href":"https:\/\/roveyayinevi.com.tr\/index.php\/wp-json\/wp\/v2\/product"}],"about":[{"href":"https:\/\/roveyayinevi.com.tr\/index.php\/wp-json\/wp\/v2\/types\/product"}],"wp:attachment":[{"href":"https:\/\/roveyayinevi.com.tr\/index.php\/wp-json\/wp\/v2\/media?parent=726853"}],"wp:term":[{"taxonomy":"product_brand","embeddable":true,"href":"https:\/\/roveyayinevi.com.tr\/index.php\/wp-json\/wp\/v2\/product_brand?post=726853"},{"taxonomy":"product_cat","embeddable":true,"href":"https:\/\/roveyayinevi.com.tr\/index.php\/wp-json\/wp\/v2\/product_cat?post=726853"},{"taxonomy":"product_tag","embeddable":true,"href":"https:\/\/roveyayinevi.com.tr\/index.php\/wp-json\/wp\/v2\/product_tag?post=726853"}],"curies":[{"name":"wp","href":"https:\/\/api.w.org\/{rel}","templated":true}]}}