{"id":726850,"date":"2025-08-27T20:13:04","date_gmt":"2025-08-27T17:13:04","guid":{"rendered":"https:\/\/roveyayinevi.com.tr\/index.php\/urun\/mercan-adasi-7\/"},"modified":"2026-04-16T02:34:46","modified_gmt":"2026-04-15T23:34:46","slug":"mercan-adasi-7","status":"publish","type":"product","link":"https:\/\/roveyayinevi.com.tr\/index.php\/urun\/mercan-adasi-7\/","title":{"rendered":"Mercan Adas\u0131"},"content":{"rendered":"<p>Robert Michael Ballantyne (1825-1894),\u0130sko\u00e7 yazar, ya\u015fam\u0131 boyunca 100\u2019den fazla kitap yazm\u0131\u015ft\u0131r.\u00f6zellikle 1857 y\u0131l\u0131nda \u2018\u2019Mercan Adas\u0131\u2019\u2019 roman\u0131 ile T\u00fcrkiye\u2019de tan\u0131nmaktad\u0131r. Gen\u00e7 K\u00fcrk T\u00fcccarlar\u0131 (1856) ,Mercan Adas\u0131 (1857), Buz D\u00fcnyas\u0131 (1859), Ungava: Bir Eskimo Diyar\u0131n\u0131n Hikayesi (1857), Fener (1865), Korsan \u015eehri (1874), ve say\u0131lar\u0131 y\u00fcz\u00fc ge\u00e7en bir\u00e7ok hikayesi bulunmaktad\u0131r. En \u00e7ok bilinen ve sevilen eseri Mercan Adas\u0131\u2019d\u0131r.<\/p>\n","protected":false},"excerpt":{"rendered":"<p>Robert Michael Ballantyne (1825-1894),\u0130sko\u00e7 yazar, ya\u015fam\u0131 boyunca 100\u2019den fazla kitap yazm\u0131\u015ft\u0131r.\u00f6zellikle 1857 y\u0131l\u0131nda \u2018\u2019Mercan Adas\u0131\u2019\u2019 roman\u0131 ile T\u00fcrkiye\u2019de tan\u0131nmaktad\u0131r. Gen\u00e7 K\u00fcrk T\u00fcccarlar\u0131 (1856) ,Mercan Adas\u0131 (1857),<span class=\"excerpt-hellip\"> [\u2026]<\/span><\/p>\n","protected":false},"featured_media":0,"template":"","meta":{"_monsterinsights_skip_tracking":false,"_monsterinsights_sitenote_active":false,"_monsterinsights_sitenote_note":"","_monsterinsights_sitenote_category":0},"product_brand":[],"product_cat":[12274,12467],"product_tag":[],"class_list":{"0":"post-726850","1":"product","2":"type-product","3":"status-publish","5":"product_cat-cocuk-ve-genclik-kitaplari","6":"product_cat-dunya-klasikleri","7":"pa_cilt-ciltsiz","8":"pa_tur-kitap","9":"pa_yayinevi-mirhan-kitap","10":"pa_yazar-robert-michael-ballantyne","12":"first","13":"instock","14":"sale","15":"shipping-taxable","16":"purchasable","17":"product-type-simple"},"_links":{"self":[{"href":"https:\/\/roveyayinevi.com.tr\/index.php\/wp-json\/wp\/v2\/product\/726850","targetHints":{"allow":["GET"]}}],"collection":[{"href":"https:\/\/roveyayinevi.com.tr\/index.php\/wp-json\/wp\/v2\/product"}],"about":[{"href":"https:\/\/roveyayinevi.com.tr\/index.php\/wp-json\/wp\/v2\/types\/product"}],"wp:attachment":[{"href":"https:\/\/roveyayinevi.com.tr\/index.php\/wp-json\/wp\/v2\/media?parent=726850"}],"wp:term":[{"taxonomy":"product_brand","embeddable":true,"href":"https:\/\/roveyayinevi.com.tr\/index.php\/wp-json\/wp\/v2\/product_brand?post=726850"},{"taxonomy":"product_cat","embeddable":true,"href":"https:\/\/roveyayinevi.com.tr\/index.php\/wp-json\/wp\/v2\/product_cat?post=726850"},{"taxonomy":"product_tag","embeddable":true,"href":"https:\/\/roveyayinevi.com.tr\/index.php\/wp-json\/wp\/v2\/product_tag?post=726850"}],"curies":[{"name":"wp","href":"https:\/\/api.w.org\/{rel}","templated":true}]}}