{"id":726849,"date":"2025-08-27T20:13:03","date_gmt":"2025-08-27T17:13:03","guid":{"rendered":"https:\/\/roveyayinevi.com.tr\/index.php\/urun\/kurk-mantolu-madonna-21\/"},"modified":"2026-04-16T02:34:46","modified_gmt":"2026-04-15T23:34:46","slug":"kurk-mantolu-madonna-21","status":"publish","type":"product","link":"https:\/\/roveyayinevi.com.tr\/index.php\/urun\/kurk-mantolu-madonna-21\/","title":{"rendered":"K\u00fcrk Mantolu Madonna"},"content":{"rendered":"<p>\u201cBaz\u0131 sebeplerle iki \u00fc\u00e7 g\u00fcn g\u00f6r\u00fc\u015femesek birbirimizi adamak\u0131ll\u0131 g\u00f6rece\u011fimiz geliyordu. Bulu\u015ftu\u011fumuz zaman, ayr\u0131 kalm\u0131\u015f arkada\u015f \u00e7ocuklar gibi seviniyor, elele tutu\u015farak y\u00fcr\u00fcyorduk. Onu \u00e7ok seviyordum. \u0130\u00e7imde b\u00fct\u00fcn bir d\u00fcnyay\u0131 sevecek kadar \u00e7ok muhabbet bulundu\u011funu hissediyor ve bunu nihayet bir yere sarf edebildi\u011fim i\u00e7in kendimi mesut say\u0131yordum.\u201dMaria Puder, Raif\u2019in narin ve \u00e7ocuksu yan\u0131na \u00e2\u015f\u0131k olmu\u015ftu. Raif\u2019in, mutlu olmak i\u00e7in k\u00fc\u00e7\u00fcc\u00fck \u015feylerin yeterli oldu\u011fu d\u00fcnyas\u0131nda kendine kocaman bir yer bulmu\u015ftu. Raif ise i\u00e7inden ta\u015fan azametli sevgisini korkusuzca demirleyebildi\u011fi bir limana yana\u015fm\u0131\u015ft\u0131 sonunda.Sabahattin Ali\u2019nin \u00f6l\u00fcms\u00fcz eseri K\u00fcrk Mantolu Madonna \u00fczerinden ge\u00e7en onca y\u0131la ra\u011fmen halen b\u00fcy\u00fck bir ilgi ile bas\u0131lmaya ve okunmaya devam etmekte, T\u00fcrk edebiyat\u0131n\u0131n klasikleri aras\u0131ndaki yerini korumaktad\u0131r. Ele ald\u0131\u011f\u0131 orijinal konunun yan\u0131nda yazar\u0131n duru dili ve etkileyici \u00fcslubu \u015f\u00fcphesiz eserin k\u0131ymetini art\u0131rmaktad\u0131r.Dostluk ve dayan\u0131\u015fmayla&#8230;<\/p>\n","protected":false},"excerpt":{"rendered":"<p>\u201cBaz\u0131 sebeplerle iki \u00fc\u00e7 g\u00fcn g\u00f6r\u00fc\u015femesek birbirimizi adamak\u0131ll\u0131 g\u00f6rece\u011fimiz geliyordu. Bulu\u015ftu\u011fumuz zaman, ayr\u0131 kalm\u0131\u015f arkada\u015f \u00e7ocuklar gibi seviniyor, elele tutu\u015farak y\u00fcr\u00fcyorduk. Onu \u00e7ok seviyordum. \u0130\u00e7imde b\u00fct\u00fcn<span class=\"excerpt-hellip\"> [\u2026]<\/span><\/p>\n","protected":false},"featured_media":0,"template":"","meta":{"_monsterinsights_skip_tracking":false,"_monsterinsights_sitenote_active":false,"_monsterinsights_sitenote_note":"","_monsterinsights_sitenote_category":0},"product_brand":[],"product_cat":[12291,12711],"product_tag":[],"class_list":{"0":"post-726849","1":"product","2":"type-product","3":"status-publish","5":"product_cat-edebiyat","6":"product_cat-roman-oyku","7":"pa_cilt-ciltsiz","8":"pa_tur-kitap","9":"pa_yayinevi-mirhan-kitap","10":"pa_yazar-sabahattin-ali","12":"first","13":"instock","14":"sale","15":"shipping-taxable","16":"purchasable","17":"product-type-simple"},"_links":{"self":[{"href":"https:\/\/roveyayinevi.com.tr\/index.php\/wp-json\/wp\/v2\/product\/726849","targetHints":{"allow":["GET"]}}],"collection":[{"href":"https:\/\/roveyayinevi.com.tr\/index.php\/wp-json\/wp\/v2\/product"}],"about":[{"href":"https:\/\/roveyayinevi.com.tr\/index.php\/wp-json\/wp\/v2\/types\/product"}],"wp:attachment":[{"href":"https:\/\/roveyayinevi.com.tr\/index.php\/wp-json\/wp\/v2\/media?parent=726849"}],"wp:term":[{"taxonomy":"product_brand","embeddable":true,"href":"https:\/\/roveyayinevi.com.tr\/index.php\/wp-json\/wp\/v2\/product_brand?post=726849"},{"taxonomy":"product_cat","embeddable":true,"href":"https:\/\/roveyayinevi.com.tr\/index.php\/wp-json\/wp\/v2\/product_cat?post=726849"},{"taxonomy":"product_tag","embeddable":true,"href":"https:\/\/roveyayinevi.com.tr\/index.php\/wp-json\/wp\/v2\/product_tag?post=726849"}],"curies":[{"name":"wp","href":"https:\/\/api.w.org\/{rel}","templated":true}]}}