{"id":726848,"date":"2025-08-27T20:13:02","date_gmt":"2025-08-27T17:13:02","guid":{"rendered":"https:\/\/roveyayinevi.com.tr\/index.php\/urun\/kuyucakli-yusuf-22\/"},"modified":"2026-04-16T02:34:46","modified_gmt":"2026-04-15T23:34:46","slug":"kuyucakli-yusuf-22","status":"publish","type":"product","link":"https:\/\/roveyayinevi.com.tr\/index.php\/urun\/kuyucakli-yusuf-22\/","title":{"rendered":"Kuyucakl\u0131 Yusuf"},"content":{"rendered":"<p>\u201cYusuf hayat\u0131n bu kadar ezici g\u00fcnleri oldu\u011funu g\u00f6rd\u00fck\u00e7e daha ileriyi d\u00fc\u015f\u00fcnmekten vazge\u00e7iyor ve kafas\u0131n\u0131 bombo\u015f b\u0131rakabilmek i\u00e7in \u00e7al\u0131\u015f\u0131yordu. Ak\u015famlar\u0131 eve gelip y\u0131kand\u0131ktan sonra sokak \u00fcst\u00fcndeki odaya oturuyor, Muazzez\u2019in sofra haz\u0131rlamas\u0131na bak\u0131yordu. Birdenbire b\u00fct\u00fcn canl\u0131l\u0131\u011f\u0131n\u0131, b\u00fct\u00fcn ne\u015fesini kaybeden gen\u00e7 kad\u0131n, kocas\u0131yla g\u00f6z g\u00f6ze gelmek istemiyordu. \u00c7\u00fcnk\u00fc bak\u0131\u015flar\u0131 ne zaman kar\u015f\u0131la\u015fsa, ilk ak\u0131llar\u0131na gelen \u015fey, m\u00fc\u015fterek felaketleri oluyor ve ikisinin de g\u00f6zleri ya\u015far\u0131yordu.\u201dKuyucakl\u0131 Yusuf, T\u00fcrk edebiyat\u0131n\u0131n toplumsal ger\u00e7ek\u00e7i y\u00f6n\u00fcne de\u011finen en \u00f6nemli romanlar\u0131ndand\u0131r. Ya\u015far Kemal, Fakir Baykurt, Orhan Kemal tarz\u0131n\u0131n ilk aya\u011f\u0131 belki de Kuyucakl\u0131 Yusuf\u2019tur. Sabahattin Ali, yaratt\u0131\u011f\u0131 romantik kahraman Yusuf ile T\u00fcrk okuyucusunun g\u00f6nl\u00fcnde fazlas\u0131 ile yer etmi\u015f, bizleri sanki Yusuf\u2019u tan\u0131yor hissine kapt\u0131rm\u0131\u015ft\u0131r. Yusuf, ya\u015fad\u0131\u011f\u0131 t\u00fcm k\u00f6t\u00fcl\u00fckler ve zalimlikler kar\u015f\u0131s\u0131nda dik durmu\u015f, hassas ki\u015fili\u011finden hi\u00e7 \u00f6d\u00fcn vermemi\u015ftir. O, duygusal karakteri ve hayat\u0131n ona sundu\u011fu i\u00e7ler ac\u0131s\u0131 son ile T\u00fcrk edebiyat\u0131 tarihinde kendine b\u00fcy\u00fck bir yer edinmi\u015ftir. Yazar\u0131n ele ald\u0131\u011f\u0131 etkileyici konunun yan\u0131nda kulland\u0131\u011f\u0131 duru dili ve ak\u0131c\u0131 \u00fcslubu \u015f\u00fcphesiz eserin k\u0131ymetini art\u0131rmaktad\u0131r.<\/p>\n","protected":false},"excerpt":{"rendered":"<p>\u201cYusuf hayat\u0131n bu kadar ezici g\u00fcnleri oldu\u011funu g\u00f6rd\u00fck\u00e7e daha ileriyi d\u00fc\u015f\u00fcnmekten vazge\u00e7iyor ve kafas\u0131n\u0131 bombo\u015f b\u0131rakabilmek i\u00e7in \u00e7al\u0131\u015f\u0131yordu. Ak\u015famlar\u0131 eve gelip y\u0131kand\u0131ktan sonra sokak \u00fcst\u00fcndeki odaya<span class=\"excerpt-hellip\"> [\u2026]<\/span><\/p>\n","protected":false},"featured_media":0,"template":"","meta":{"_monsterinsights_skip_tracking":false,"_monsterinsights_sitenote_active":false,"_monsterinsights_sitenote_note":"","_monsterinsights_sitenote_category":0},"product_brand":[],"product_cat":[12291,12711],"product_tag":[],"class_list":{"0":"post-726848","1":"product","2":"type-product","3":"status-publish","5":"product_cat-edebiyat","6":"product_cat-roman-oyku","7":"pa_cilt-ciltsiz","8":"pa_tur-kitap","9":"pa_yayinevi-mirhan-kitap","10":"pa_yazar-sabahattin-ali","12":"first","13":"instock","14":"sale","15":"shipping-taxable","16":"purchasable","17":"product-type-simple"},"_links":{"self":[{"href":"https:\/\/roveyayinevi.com.tr\/index.php\/wp-json\/wp\/v2\/product\/726848","targetHints":{"allow":["GET"]}}],"collection":[{"href":"https:\/\/roveyayinevi.com.tr\/index.php\/wp-json\/wp\/v2\/product"}],"about":[{"href":"https:\/\/roveyayinevi.com.tr\/index.php\/wp-json\/wp\/v2\/types\/product"}],"wp:attachment":[{"href":"https:\/\/roveyayinevi.com.tr\/index.php\/wp-json\/wp\/v2\/media?parent=726848"}],"wp:term":[{"taxonomy":"product_brand","embeddable":true,"href":"https:\/\/roveyayinevi.com.tr\/index.php\/wp-json\/wp\/v2\/product_brand?post=726848"},{"taxonomy":"product_cat","embeddable":true,"href":"https:\/\/roveyayinevi.com.tr\/index.php\/wp-json\/wp\/v2\/product_cat?post=726848"},{"taxonomy":"product_tag","embeddable":true,"href":"https:\/\/roveyayinevi.com.tr\/index.php\/wp-json\/wp\/v2\/product_tag?post=726848"}],"curies":[{"name":"wp","href":"https:\/\/api.w.org\/{rel}","templated":true}]}}