{"id":726846,"date":"2025-08-27T20:13:00","date_gmt":"2025-08-27T17:13:00","guid":{"rendered":"https:\/\/roveyayinevi.com.tr\/index.php\/urun\/insan-ne-ile-yasar-19\/"},"modified":"2026-04-16T02:34:46","modified_gmt":"2026-04-15T23:34:46","slug":"insan-ne-ile-yasar-19","status":"publish","type":"product","link":"https:\/\/roveyayinevi.com.tr\/index.php\/urun\/insan-ne-ile-yasar-19\/","title":{"rendered":"\u0130nsan Ne \u0130le Ya\u015far ?"},"content":{"rendered":"<p>Lev Tolstoy\u2019un en \u00f6nemli \u00f6zelliklerinden biri de k\u00f6t\u00fcl\u00fc\u011fe zor kullanarak kar\u015f\u0131 konulmamas\u0131 gerekti\u011fi d\u00fc\u015f\u00fcncesine sahip olmas\u0131d\u0131r. Bu d\u00fc\u015f\u00fcncesini \u015fu s\u00f6zlerle a\u00e7\u0131klar: \u201cAte\u015fle ate\u015fi s\u00f6nd\u00fcrmemek, suyla suyu kurutmamak, k\u00f6t\u00fcl\u00fckle k\u00f6t\u00fcl\u00fc\u011f\u00fc yok etmemek gerekir.\u201d Ona g\u00f6re, durum ne olursa olsun, iyilikle kar\u015f\u0131l\u0131k vermek gerekir. Tolstoy, iyili\u011fi ahlak\u0131n merkezine koyar. \u0130yili\u011fi kazanmak i\u00e7in Mesih \u0130sa\u2019n\u0131n yolunda ilerlemek gerekir; onun kurallar\u0131n\u0131 yerine getiren, onlara uyan, ancak iyili\u011fi elde eder d\u00fc\u015f\u00fcncesini savunur. Tolstoy, toprak k\u00f6leli\u011finin kald\u0131r\u0131lmas\u0131n\u0131 ister ve bu yolda \u00e7ok \u00e7aba g\u00f6sterir. Lev Tolstoy\u2019a g\u00f6re, toprak beyleri, k\u00f6yl\u00fclerin sayesinde elde etti\u011fi sosyal stat\u00fcn\u00fcn kar\u015f\u0131l\u0131\u011f\u0131n\u0131, k\u00f6yl\u00fc halk\u0131 ayd\u0131nlatarak vermelidir. Bu eserde Tolstoy\u2019un k\u00f6yl\u00fcl\u00fck, ahlakl\u0131l\u0131k, mutluluk, toprak k\u00f6leli\u011fi gibi konularda d\u00fc\u015f\u00fcncelerinin izlerini g\u00f6rebilirsiniz. <\/p>\n","protected":false},"excerpt":{"rendered":"<p>Lev Tolstoy\u2019un en \u00f6nemli \u00f6zelliklerinden biri de k\u00f6t\u00fcl\u00fc\u011fe zor kullanarak kar\u015f\u0131 konulmamas\u0131 gerekti\u011fi d\u00fc\u015f\u00fcncesine sahip olmas\u0131d\u0131r. Bu d\u00fc\u015f\u00fcncesini \u015fu s\u00f6zlerle a\u00e7\u0131klar: \u201cAte\u015fle ate\u015fi s\u00f6nd\u00fcrmemek, suyla suyu<span class=\"excerpt-hellip\"> [\u2026]<\/span><\/p>\n","protected":false},"featured_media":0,"template":"","meta":{"_monsterinsights_skip_tracking":false,"_monsterinsights_sitenote_active":false,"_monsterinsights_sitenote_note":"","_monsterinsights_sitenote_category":0},"product_brand":[],"product_cat":[12291,12711],"product_tag":[],"class_list":{"0":"post-726846","1":"product","2":"type-product","3":"status-publish","5":"product_cat-edebiyat","6":"product_cat-roman-oyku","7":"pa_cilt-ciltsiz","8":"pa_tur-kitap","9":"pa_yayinevi-mirhan-kitap","10":"pa_yazar-lev-nikolayevic-tolstoy","12":"first","13":"instock","14":"sale","15":"shipping-taxable","16":"purchasable","17":"product-type-simple"},"_links":{"self":[{"href":"https:\/\/roveyayinevi.com.tr\/index.php\/wp-json\/wp\/v2\/product\/726846","targetHints":{"allow":["GET"]}}],"collection":[{"href":"https:\/\/roveyayinevi.com.tr\/index.php\/wp-json\/wp\/v2\/product"}],"about":[{"href":"https:\/\/roveyayinevi.com.tr\/index.php\/wp-json\/wp\/v2\/types\/product"}],"wp:attachment":[{"href":"https:\/\/roveyayinevi.com.tr\/index.php\/wp-json\/wp\/v2\/media?parent=726846"}],"wp:term":[{"taxonomy":"product_brand","embeddable":true,"href":"https:\/\/roveyayinevi.com.tr\/index.php\/wp-json\/wp\/v2\/product_brand?post=726846"},{"taxonomy":"product_cat","embeddable":true,"href":"https:\/\/roveyayinevi.com.tr\/index.php\/wp-json\/wp\/v2\/product_cat?post=726846"},{"taxonomy":"product_tag","embeddable":true,"href":"https:\/\/roveyayinevi.com.tr\/index.php\/wp-json\/wp\/v2\/product_tag?post=726846"}],"curies":[{"name":"wp","href":"https:\/\/api.w.org\/{rel}","templated":true}]}}