{"id":726845,"date":"2025-08-27T20:12:59","date_gmt":"2025-08-27T17:12:59","guid":{"rendered":"https:\/\/roveyayinevi.com.tr\/index.php\/urun\/idealist-ogretmen-2\/"},"modified":"2026-04-16T02:34:46","modified_gmt":"2026-04-15T23:34:46","slug":"idealist-ogretmen-2","status":"publish","type":"product","link":"https:\/\/roveyayinevi.com.tr\/index.php\/urun\/idealist-ogretmen-2\/","title":{"rendered":"\u0130dealist \u00d6\u011fretmen"},"content":{"rendered":"<p>\u0130dealist \u00d6\u011fretmen\u2019de y\u0131ld\u0131z\u0131 parlak bir gen\u00e7 matematik\u00e7i olan gen\u00e7 Profes\u00f6r Sergei Aleksandrovich Rachinsky&#8217;nin hayat\u0131n\u0131n \u00e7ok \u00f6nemli bir kesiti, Tatevo y\u0131llar\u0131 anlat\u0131lmaktad\u0131r.Herkesin g\u0131pta ile bakt\u0131\u011f\u0131 Rackinsky t\u00fcm konumlar\u0131ndan istifa ederek on y\u0131l s\u00fcren k\u00f6y \u00f6\u011fretmenli\u011fi yapar.Bu kesitte yeti\u015ftirdi\u011fi gen\u00e7ler Moskova ve Petersburg \u00dcniversitelerinde \u201cTatevolular\u201d olarak \u015f\u00f6hret kazan\u0131rlar.Tatevolular aras\u0131ndan bir\u00e7ok m\u00fchendis, makineci ve doktor \u00e7\u0131kar. Rachinsky\u2019nin hayat\u0131 umuda, al\u00e7ak g\u00f6n\u00fcll\u00fc\u011fe, erdeme eklenmi\u015f inan\u00e7t\u0131r. \u0130nsan\u0131 yok sayan ve hi\u00e7le\u015ftiren yoksulluk k\u00fclt\u00fcr\u00fcne ve cehalete kar\u015f\u0131 bir m\u00fccadeledir. Rachinsky\u2019nin ya\u015fam\u0131 matemati\u011fin erdemle, umutla, de\u011fi\u015fimle ili\u015fkisidir.Profes\u00f6r Rachinsky ve ya\u015fam tercihleri bize Cumhuriyetin kurulu\u015f y\u0131llar\u0131ndaki yeni bir \u00fclke, insan, k\u00fclt\u00fcr ve d\u00fc\u015f\u00fcn ortam\u0131 yaratma \u00fclk\u00fcs\u00fcyle donanm\u0131\u015f K\u00f6y Enstit\u00fcs\u00fc deneyiminin s\u0131cakl\u0131\u011f\u0131n\u0131 da an\u0131msatmaktad\u0131r.\u0130dealist \u00d6\u011fretmen bir solukta okuyaca\u011f\u0131n\u0131z harika bir deneyim \u00f6yk\u00fcs\u00fcd\u00fcr.<\/p>\n","protected":false},"excerpt":{"rendered":"<p>\u0130dealist \u00d6\u011fretmen\u2019de y\u0131ld\u0131z\u0131 parlak bir gen\u00e7 matematik\u00e7i olan gen\u00e7 Profes\u00f6r Sergei Aleksandrovich Rachinsky&#8217;nin hayat\u0131n\u0131n \u00e7ok \u00f6nemli bir kesiti, Tatevo y\u0131llar\u0131 anlat\u0131lmaktad\u0131r.Herkesin g\u0131pta ile bakt\u0131\u011f\u0131 Rackinsky t\u00fcm<span class=\"excerpt-hellip\"> [\u2026]<\/span><\/p>\n","protected":false},"featured_media":0,"template":"","meta":{"_monsterinsights_skip_tracking":false,"_monsterinsights_sitenote_active":false,"_monsterinsights_sitenote_note":"","_monsterinsights_sitenote_category":0},"product_brand":[],"product_cat":[12291,12711],"product_tag":[],"class_list":{"0":"post-726845","1":"product","2":"type-product","3":"status-publish","5":"product_cat-edebiyat","6":"product_cat-roman-oyku","7":"pa_cilt-ciltsiz","8":"pa_tur-kitap","9":"pa_yayinevi-mirhan-kitap","10":"pa_yazar-grigory-petrov","12":"first","13":"instock","14":"sale","15":"shipping-taxable","16":"purchasable","17":"product-type-simple"},"_links":{"self":[{"href":"https:\/\/roveyayinevi.com.tr\/index.php\/wp-json\/wp\/v2\/product\/726845","targetHints":{"allow":["GET"]}}],"collection":[{"href":"https:\/\/roveyayinevi.com.tr\/index.php\/wp-json\/wp\/v2\/product"}],"about":[{"href":"https:\/\/roveyayinevi.com.tr\/index.php\/wp-json\/wp\/v2\/types\/product"}],"wp:attachment":[{"href":"https:\/\/roveyayinevi.com.tr\/index.php\/wp-json\/wp\/v2\/media?parent=726845"}],"wp:term":[{"taxonomy":"product_brand","embeddable":true,"href":"https:\/\/roveyayinevi.com.tr\/index.php\/wp-json\/wp\/v2\/product_brand?post=726845"},{"taxonomy":"product_cat","embeddable":true,"href":"https:\/\/roveyayinevi.com.tr\/index.php\/wp-json\/wp\/v2\/product_cat?post=726845"},{"taxonomy":"product_tag","embeddable":true,"href":"https:\/\/roveyayinevi.com.tr\/index.php\/wp-json\/wp\/v2\/product_tag?post=726845"}],"curies":[{"name":"wp","href":"https:\/\/api.w.org\/{rel}","templated":true}]}}