{"id":726844,"date":"2025-08-27T20:12:58","date_gmt":"2025-08-27T17:12:58","guid":{"rendered":"https:\/\/roveyayinevi.com.tr\/index.php\/urun\/gokyuzunun-davullari\/"},"modified":"2026-04-16T02:34:46","modified_gmt":"2026-04-15T23:34:46","slug":"gokyuzunun-davullari","status":"publish","type":"product","link":"https:\/\/roveyayinevi.com.tr\/index.php\/urun\/gokyuzunun-davullari\/","title":{"rendered":"G\u00f6ky\u00fcz\u00fcn\u00fcn Davullar\u0131"},"content":{"rendered":"<p>\u201c&#8230; Bir zamanlar uzak bir da\u011fda ya\u015fayan yedi arkada\u015f varm\u0131\u015f. Bunlar bir g\u00fcn g\u00f6ky\u00fcz\u00fcne \u00e7\u0131km\u0131\u015flar. Orada yedi tane y\u0131ld\u0131z adam olmu\u015flar. G\u00f6ky\u00fcz\u00fc bulutland\u0131\u011f\u0131nda davul \u00e7almaya ba\u015fl\u0131yor, g\u00f6k g\u00fcr\u00fclt\u00fcs\u00fc yap\u0131yor, r\u00fczg\u00e2r h\u0131zlan\u0131nca da oradan oraya u\u00e7uyor, \u015fim\u015fek oluyorlarm\u0131\u015f\u2026\u201d G\u00f6k g\u00fcr\u00fclt\u00fcl\u00fc bir geceden korkan \u00e7ocuklar ve h\u00e2l\u00e2 korkmaya devam eden yeti\u015fkinlerin i\u00e7indeki \u00e7ocuklar; G\u00f6ky\u00fcz\u00fcn\u00fcn Davullar\u0131 sizi, ellerinizden tutup fantastik bir d\u00fcnyaya g\u00f6t\u00fcrecek\u2026 O d\u00fcnyadaki muhte\u015fem varl\u0131klarla tan\u0131\u015ft\u0131racak ve onlar\u0131n k\u00f6t\u00fcl\u00fcklerle m\u00fccadelesine ortak edecek\u2026 Bu b\u00fcy\u00fcl\u00fc d\u00fcnyadaki yolculu\u011funuzu tamamlad\u0131\u011f\u0131n\u0131zda art\u0131k hi\u00e7 korkmayacak, her ya\u011fmur ya\u011fd\u0131\u011f\u0131nda g\u00f6ky\u00fcz\u00fcne bak\u0131p sevgiyle y\u0131ld\u0131z adamlara el sallayacaks\u0131n\u0131z. Yazar Tansu Bele, Orta Asya ve T\u00fcrk mitolojilerinden beslenen fantastik roman\u0131yla hem \u00e7ocuklar\u0131 hem de yeti\u015fkinleri sihirli bir d\u00fcnyada heyecan dolu bir macera ya\u015famaya davet ediyor. Biz Luna Yay\u0131nlar\u0131 olarak yerimizi ay\u0131rtt\u0131k\u2026 Siz de ay\u0131rtmak ister misiniz? <\/p>\n","protected":false},"excerpt":{"rendered":"<p>\u201c&#8230; Bir zamanlar uzak bir da\u011fda ya\u015fayan yedi arkada\u015f varm\u0131\u015f. Bunlar bir g\u00fcn g\u00f6ky\u00fcz\u00fcne \u00e7\u0131km\u0131\u015flar. Orada yedi tane y\u0131ld\u0131z adam olmu\u015flar. G\u00f6ky\u00fcz\u00fc bulutland\u0131\u011f\u0131nda davul \u00e7almaya ba\u015fl\u0131yor,<span class=\"excerpt-hellip\"> [\u2026]<\/span><\/p>\n","protected":false},"featured_media":0,"template":"","meta":{"_monsterinsights_skip_tracking":false,"_monsterinsights_sitenote_active":false,"_monsterinsights_sitenote_note":"","_monsterinsights_sitenote_category":0},"product_brand":[],"product_cat":[12275,12274],"product_tag":[],"class_list":{"0":"post-726844","1":"product","2":"type-product","3":"status-publish","5":"product_cat-6-12-yas-kitaplari","6":"product_cat-cocuk-ve-genclik-kitaplari","7":"pa_cilt-ciltsiz","8":"pa_tur-kitap","9":"pa_yayinevi-luna-yayinlari","10":"pa_yazar-tansu-bele","12":"first","13":"instock","14":"sale","15":"shipping-taxable","16":"purchasable","17":"product-type-simple"},"_links":{"self":[{"href":"https:\/\/roveyayinevi.com.tr\/index.php\/wp-json\/wp\/v2\/product\/726844","targetHints":{"allow":["GET"]}}],"collection":[{"href":"https:\/\/roveyayinevi.com.tr\/index.php\/wp-json\/wp\/v2\/product"}],"about":[{"href":"https:\/\/roveyayinevi.com.tr\/index.php\/wp-json\/wp\/v2\/types\/product"}],"wp:attachment":[{"href":"https:\/\/roveyayinevi.com.tr\/index.php\/wp-json\/wp\/v2\/media?parent=726844"}],"wp:term":[{"taxonomy":"product_brand","embeddable":true,"href":"https:\/\/roveyayinevi.com.tr\/index.php\/wp-json\/wp\/v2\/product_brand?post=726844"},{"taxonomy":"product_cat","embeddable":true,"href":"https:\/\/roveyayinevi.com.tr\/index.php\/wp-json\/wp\/v2\/product_cat?post=726844"},{"taxonomy":"product_tag","embeddable":true,"href":"https:\/\/roveyayinevi.com.tr\/index.php\/wp-json\/wp\/v2\/product_tag?post=726844"}],"curies":[{"name":"wp","href":"https:\/\/api.w.org\/{rel}","templated":true}]}}