{"id":726843,"date":"2025-08-27T20:12:57","date_gmt":"2025-08-27T17:12:57","guid":{"rendered":"https:\/\/roveyayinevi.com.tr\/index.php\/urun\/icimizdeki-seytan-20\/"},"modified":"2026-04-16T02:34:46","modified_gmt":"2026-04-15T23:34:46","slug":"icimizdeki-seytan-20","status":"publish","type":"product","link":"https:\/\/roveyayinevi.com.tr\/index.php\/urun\/icimizdeki-seytan-20\/","title":{"rendered":"\u0130\u00e7imizdeki \u015eeytan"},"content":{"rendered":"<p>\u201cMacide yan\u0131ndaki adama hayretle bak\u0131yordu. Birdenbire, Bedri\u2019yi kolundan yakalam\u0131\u015f ve bu \u015fekilde kim bilir ne kadar y\u00fcr\u00fcm\u00fc\u015f oldu\u011funu fark etti. Her zaman \u00d6mer\u2019i tuttu\u011fu yerden, dirse\u011finin biraz \u00fcst\u00fcnden yakalam\u0131\u015ft\u0131. S\u00fcratle elini \u00e7ekti. Bedri\u2019nin sitem dolu g\u00f6zlerle kendisine bakt\u0131\u011f\u0131n\u0131 hissederek ba\u015f\u0131n\u0131 yere \u00e7evirdi. Bir erkek yan\u0131 ba\u015f\u0131nda uzun uzun konu\u015fmu\u015ftu. Fakat bu sefer \u00d6mer\u2019i dinlerken oldu\u011fu gibi elinde olmayarak bir sarho\u015flu\u011fa d\u00fc\u015fm\u00fcyor, kafas\u0131nda birtak\u0131m d\u00fc\u011f\u00fcnlerin \u00e7\u00f6z\u00fcld\u00fc\u011f\u00fcn\u00fc, iradesinin kaybolaca\u011f\u0131 yerde daha da kuvvetlendi\u011fini g\u00f6r\u00fcyordu&#8230;\u201d   \u0130yi-k\u00f6t\u00fc ikileminde bocalayan, d\u00fczg\u00fcn ve ahlakl\u0131 karakteri ile \u00e7amur i\u00e7inde debelenen Macide&#8230; Onu seven ama yaln\u0131z b\u0131rakan, buhranl\u0131 ki\u015fili\u011fi ve yapt\u0131\u011f\u0131 hatalar y\u00fcz\u00fcnden kar\u0131s\u0131n\u0131 ikinci plana atm\u0131\u015f \u00d6mer&#8230; Ve Macide\u2019yi bu karanl\u0131ktan \u00e7\u0131karabilecek bir umut \u0131\u015f\u0131\u011f\u0131 Bedri&#8230; Sabahattin Ali\u2019nin ki\u015filer ve olaylar \u00fczerinden toplumsal ele\u015ftiri yapt\u0131\u011f\u0131 eseri \u0130\u00e7imizdeki \u015eeytan, g\u00fc\u00e7s\u00fcz ama erdemli ki\u015filerin \u00e7aresizli\u011fini ve para h\u0131rs\u0131n\u0131n ne \u00e7irkin \u015feylere sebebiyet verdi\u011fini bizlere anlat\u0131yor. Belki de i\u00e7imizin kuytu k\u00f6\u015fesinde tetikte bekleyen \u015feytan\u0131 bizlerle y\u00fczle\u015ftiriyor&#8230; <\/p>\n","protected":false},"excerpt":{"rendered":"<p>\u201cMacide yan\u0131ndaki adama hayretle bak\u0131yordu. Birdenbire, Bedri\u2019yi kolundan yakalam\u0131\u015f ve bu \u015fekilde kim bilir ne kadar y\u00fcr\u00fcm\u00fc\u015f oldu\u011funu fark etti. Her zaman \u00d6mer\u2019i tuttu\u011fu yerden, dirse\u011finin<span class=\"excerpt-hellip\"> [\u2026]<\/span><\/p>\n","protected":false},"featured_media":0,"template":"","meta":{"_monsterinsights_skip_tracking":false,"_monsterinsights_sitenote_active":false,"_monsterinsights_sitenote_note":"","_monsterinsights_sitenote_category":0},"product_brand":[],"product_cat":[12291,12711],"product_tag":[],"class_list":{"0":"post-726843","1":"product","2":"type-product","3":"status-publish","5":"product_cat-edebiyat","6":"product_cat-roman-oyku","7":"pa_cilt-ciltsiz","8":"pa_tur-kitap","9":"pa_yayinevi-mirhan-kitap","10":"pa_yazar-sabahattin-ali","12":"first","13":"instock","14":"sale","15":"shipping-taxable","16":"purchasable","17":"product-type-simple"},"_links":{"self":[{"href":"https:\/\/roveyayinevi.com.tr\/index.php\/wp-json\/wp\/v2\/product\/726843","targetHints":{"allow":["GET"]}}],"collection":[{"href":"https:\/\/roveyayinevi.com.tr\/index.php\/wp-json\/wp\/v2\/product"}],"about":[{"href":"https:\/\/roveyayinevi.com.tr\/index.php\/wp-json\/wp\/v2\/types\/product"}],"wp:attachment":[{"href":"https:\/\/roveyayinevi.com.tr\/index.php\/wp-json\/wp\/v2\/media?parent=726843"}],"wp:term":[{"taxonomy":"product_brand","embeddable":true,"href":"https:\/\/roveyayinevi.com.tr\/index.php\/wp-json\/wp\/v2\/product_brand?post=726843"},{"taxonomy":"product_cat","embeddable":true,"href":"https:\/\/roveyayinevi.com.tr\/index.php\/wp-json\/wp\/v2\/product_cat?post=726843"},{"taxonomy":"product_tag","embeddable":true,"href":"https:\/\/roveyayinevi.com.tr\/index.php\/wp-json\/wp\/v2\/product_tag?post=726843"}],"curies":[{"name":"wp","href":"https:\/\/api.w.org\/{rel}","templated":true}]}}