{"id":726842,"date":"2025-08-27T20:12:56","date_gmt":"2025-08-27T17:12:56","guid":{"rendered":"https:\/\/roveyayinevi.com.tr\/index.php\/urun\/leyla-2\/"},"modified":"2026-04-16T02:34:46","modified_gmt":"2026-04-15T23:34:46","slug":"leyla-2","status":"publish","type":"product","link":"https:\/\/roveyayinevi.com.tr\/index.php\/urun\/leyla-2\/","title":{"rendered":"Leyla"},"content":{"rendered":"<p>Mahallemizin en g\u00fczel k\u0131z\u0131\u2026 \u015eimdi d\u00fc\u015f\u00fcn\u00fcyorum da hi\u00e7 hata etmemi\u015fim seni sevmekle ve bunca y\u0131l \u00f6zlemekle. Hat\u0131rl\u0131yor musun, sana bisiklete binmeyi \u00f6\u011fretmeye \u00e7al\u0131\u015ft\u0131\u011f\u0131m zamanlardan birinde, d\u00fc\u015fece\u011fin s\u0131rada, sana bir \u015fey olmas\u0131n diye m\u00fcdahale etti\u011fim bir anda kolumu k\u0131rm\u0131\u015ft\u0131m. Babandan \u00e7ok korkmama, ondan yedi\u011fim onca daya\u011fa ra\u011fmen senden hi\u00e7 vazge\u00e7medim. Her \u015feye inat, ka\u00e7ar gibi o tepede bulu\u015furduk. Avu\u00e7lar\u0131m terlerdi\u2026 O zamanlar \u00e7ocuk olmam\u0131za ra\u011fmen boyumuzdan b\u00fcy\u00fck hayaller kurard\u0131k. Ya sen mahallenin k\u00f6peklerinden korkmu\u015f ka\u00e7arken k\u00f6peklere bile sald\u0131r\u0131p \u0131s\u0131r\u0131ld\u0131\u011f\u0131m g\u00fcne ne demeli? Anlatacak o kadar \u00e7ok \u015fey var ki mahallemin g\u00fczel k\u0131z\u0131\u2026 \u0130lk kez kalbimin farkl\u0131 att\u0131\u011f\u0131 tek varl\u0131\u011f\u0131m\u2026 Mavi M\u00fch\u00fcr adl\u0131 \u015fiir kitab\u0131yla hasretin \u015fark\u0131s\u0131n\u0131 kula\u011f\u0131m\u0131za f\u0131s\u0131ldayan Erkan \u00dcnl\u00fc, Leyla roman\u0131yla bamba\u015fka bir hasretin vesikas\u0131n\u0131 g\u00f6zler \u00f6n\u00fcne seriyor. \u015eairin roman\u0131 Leyla, bir \u00e7\u0131rp\u0131da bitirece\u011finiz bir kitap olacak. <\/p>\n","protected":false},"excerpt":{"rendered":"<p>Mahallemizin en g\u00fczel k\u0131z\u0131\u2026 \u015eimdi d\u00fc\u015f\u00fcn\u00fcyorum da hi\u00e7 hata etmemi\u015fim seni sevmekle ve bunca y\u0131l \u00f6zlemekle. Hat\u0131rl\u0131yor musun, sana bisiklete binmeyi \u00f6\u011fretmeye \u00e7al\u0131\u015ft\u0131\u011f\u0131m zamanlardan birinde, d\u00fc\u015fece\u011fin<span class=\"excerpt-hellip\"> [\u2026]<\/span><\/p>\n","protected":false},"featured_media":0,"template":"","meta":{"_monsterinsights_skip_tracking":false,"_monsterinsights_sitenote_active":false,"_monsterinsights_sitenote_note":"","_monsterinsights_sitenote_category":0},"product_brand":[],"product_cat":[12291,12711],"product_tag":[],"class_list":{"0":"post-726842","1":"product","2":"type-product","3":"status-publish","5":"product_cat-edebiyat","6":"product_cat-roman-oyku","7":"pa_cilt-ciltsiz","8":"pa_tur-kitap","9":"pa_yayinevi-luna-yayinlari","10":"pa_yazar-erkan-unlu","12":"first","13":"instock","14":"sale","15":"shipping-taxable","16":"purchasable","17":"product-type-simple"},"_links":{"self":[{"href":"https:\/\/roveyayinevi.com.tr\/index.php\/wp-json\/wp\/v2\/product\/726842","targetHints":{"allow":["GET"]}}],"collection":[{"href":"https:\/\/roveyayinevi.com.tr\/index.php\/wp-json\/wp\/v2\/product"}],"about":[{"href":"https:\/\/roveyayinevi.com.tr\/index.php\/wp-json\/wp\/v2\/types\/product"}],"wp:attachment":[{"href":"https:\/\/roveyayinevi.com.tr\/index.php\/wp-json\/wp\/v2\/media?parent=726842"}],"wp:term":[{"taxonomy":"product_brand","embeddable":true,"href":"https:\/\/roveyayinevi.com.tr\/index.php\/wp-json\/wp\/v2\/product_brand?post=726842"},{"taxonomy":"product_cat","embeddable":true,"href":"https:\/\/roveyayinevi.com.tr\/index.php\/wp-json\/wp\/v2\/product_cat?post=726842"},{"taxonomy":"product_tag","embeddable":true,"href":"https:\/\/roveyayinevi.com.tr\/index.php\/wp-json\/wp\/v2\/product_tag?post=726842"}],"curies":[{"name":"wp","href":"https:\/\/api.w.org\/{rel}","templated":true}]}}