{"id":726840,"date":"2025-08-27T20:12:54","date_gmt":"2025-08-27T17:12:54","guid":{"rendered":"https:\/\/roveyayinevi.com.tr\/index.php\/urun\/dort-gun\/"},"modified":"2026-04-12T02:41:31","modified_gmt":"2026-04-11T23:41:31","slug":"dort-gun","status":"publish","type":"product","link":"https:\/\/roveyayinevi.com.tr\/index.php\/urun\/dort-gun\/","title":{"rendered":"D\u00f6rt G\u00fcn"},"content":{"rendered":"<p>Edebiyatta ortaya \u00e7\u0131kt\u0131\u011f\u0131n andan itibaren dikkatimi \u00e7ektin. Seninkisi hi\u00e7 \u015f\u00fcphesiz orijinal bir yetenek\u2026 \u0130\u015fini b\u00fct\u00fcn samimiyetiyle seven her ihtiyarlayan yazar, haleflerinin olmas\u0131ndan gurur duyar. \u0130\u015fte sen onlardan birisin.Ivan Turgenyev\u201cSabah oldu\u011funda \u00e7i\u00e7e\u011fin b\u00fct\u00fcn o habis g\u00fcc\u00fcn\u00fc kaybedece\u011fini umuyordu. Ondaki k\u00f6t\u00fcl\u00fck g\u00f6\u011fs\u00fcn\u00fcn, ruhunun i\u00e7ine ge\u00e7ecek, o zaman da ya fethedilecek ya da fethedecekti. Sonras\u0131nda da helak olup \u00f6lecekti ama d\u00fcr\u00fcst bir sava\u015f\u00e7\u0131, insanl\u0131\u011f\u0131n ilk sava\u015f\u00e7\u0131s\u0131 olarak \u00f6lecekti \u00e7\u00fcnk\u00fc o ana kadar kimse d\u00fcnyan\u0131n k\u00f6t\u00fcl\u00fc\u011f\u00fcyle yaln\u0131z ba\u015f\u0131na bo\u011fu\u015fmam\u0131\u015ft\u0131.\u201d<\/p>\n","protected":false},"excerpt":{"rendered":"<p>Edebiyatta ortaya \u00e7\u0131kt\u0131\u011f\u0131n andan itibaren dikkatimi \u00e7ektin. Seninkisi hi\u00e7 \u015f\u00fcphesiz orijinal bir yetenek\u2026 \u0130\u015fini b\u00fct\u00fcn samimiyetiyle seven her ihtiyarlayan yazar, haleflerinin olmas\u0131ndan gurur duyar. \u0130\u015fte sen<span class=\"excerpt-hellip\"> [\u2026]<\/span><\/p>\n","protected":false},"featured_media":0,"template":"","meta":{"_monsterinsights_skip_tracking":false,"_monsterinsights_sitenote_active":false,"_monsterinsights_sitenote_note":"","_monsterinsights_sitenote_category":0},"product_brand":[],"product_cat":[12291,12711],"product_tag":[],"class_list":{"0":"post-726840","1":"product","2":"type-product","3":"status-publish","5":"product_cat-edebiyat","6":"product_cat-roman-oyku","7":"pa_cilt-ciltsiz","8":"pa_tur-kitap","9":"pa_yayinevi-mirhan-kitap","10":"pa_yazar-vsevolod-garshin","12":"first","13":"instock","14":"sale","15":"shipping-taxable","16":"purchasable","17":"product-type-simple"},"_links":{"self":[{"href":"https:\/\/roveyayinevi.com.tr\/index.php\/wp-json\/wp\/v2\/product\/726840","targetHints":{"allow":["GET"]}}],"collection":[{"href":"https:\/\/roveyayinevi.com.tr\/index.php\/wp-json\/wp\/v2\/product"}],"about":[{"href":"https:\/\/roveyayinevi.com.tr\/index.php\/wp-json\/wp\/v2\/types\/product"}],"wp:attachment":[{"href":"https:\/\/roveyayinevi.com.tr\/index.php\/wp-json\/wp\/v2\/media?parent=726840"}],"wp:term":[{"taxonomy":"product_brand","embeddable":true,"href":"https:\/\/roveyayinevi.com.tr\/index.php\/wp-json\/wp\/v2\/product_brand?post=726840"},{"taxonomy":"product_cat","embeddable":true,"href":"https:\/\/roveyayinevi.com.tr\/index.php\/wp-json\/wp\/v2\/product_cat?post=726840"},{"taxonomy":"product_tag","embeddable":true,"href":"https:\/\/roveyayinevi.com.tr\/index.php\/wp-json\/wp\/v2\/product_tag?post=726840"}],"curies":[{"name":"wp","href":"https:\/\/api.w.org\/{rel}","templated":true}]}}