{"id":726839,"date":"2025-08-27T20:12:53","date_gmt":"2025-08-27T17:12:53","guid":{"rendered":"https:\/\/roveyayinevi.com.tr\/index.php\/urun\/degirmen-12\/"},"modified":"2026-04-08T02:43:27","modified_gmt":"2026-04-07T23:43:27","slug":"degirmen-12","status":"publish","type":"product","link":"https:\/\/roveyayinevi.com.tr\/index.php\/urun\/degirmen-12\/","title":{"rendered":"De\u011firmen"},"content":{"rendered":"<p>Onu seviyorum, ne yapaca\u011f\u0131m\u0131 da hi\u00e7 d\u00fc\u015f\u00fcnmedim. Sen benim sevmemin nas\u0131l olaca\u011f\u0131n\u0131bilirsin&#8230; Ben ki, arkamdan u\u015faklar\u0131n\u0131 ko\u015fturan konak sahibi han\u0131mlara, ba\u015f\u0131m\u0131 \u00e7evirmedim;yedi k\u00f6ye h\u00fckmeden e\u015fraf bana gelip: \u2018K\u0131z\u0131m senin i\u00e7in yataklara d\u00fc\u015ft\u00fc, \u00c7ingene oldu\u011funuunutup seni evlat gibi sineme basaca\u011f\u0131m, yaln\u0131z gel, gel de k\u0131z\u0131m\u0131z\u0131 kurtar!..\u2019 diye yalvard\u0131larda gene cevap vermeden yoluma gittim; i\u015fte \u015fimdi bu bir kolu olmayan k\u0131z\u0131 seviyorum. Onualamam, onu ka\u00e7\u0131ramam. H\u00e2lbuki o da beni seviyor. Bunu bana evvelsi g\u00fcn a\u011flayaraks\u00f6yledi. \u2018Gel\u2019 dedim, \u2018beraber ka\u00e7al\u0131m.\u2019 Ac\u0131 ac\u0131 g\u00fcld\u00fc, \u2018A\u011fam,\u2019 dedi, \u2018ben senden noksan\u0131mbana sadaka m\u0131 veriyorsun?..\u2019 Onu nas\u0131l sevdi\u011fimi anlatt\u0131m: \u2018Bana kolunun yerine kalbiniveriyorsun,\u2019 dedim, \u2018bir kalp bir koldan daha m\u0131 az de\u011ferlidir?\u2019De\u011firmen adl\u0131 \u00f6yk\u00fcdenDuygusal ve sevgi dolu \u00f6yk\u00fcleriyle i\u00e7imizi \u0131s\u0131tan yazar Sabahattin Ali\u2019den \u00f6l\u00fcms\u00fcz bir eserDe\u011firmen. \u0130\u00e7imizi \u0131s\u0131tan a\u015fklar\u0131yla, \u00e7aresizlikleri ve h\u00fcz\u00fcn dolu ya\u015famlar\u0131yla onlarcakahraman ve bu kahramanlar\u0131n unutulmaz \u00f6yk\u00fcleri&#8230;<\/p>\n","protected":false},"excerpt":{"rendered":"<p>Onu seviyorum, ne yapaca\u011f\u0131m\u0131 da hi\u00e7 d\u00fc\u015f\u00fcnmedim. Sen benim sevmemin nas\u0131l olaca\u011f\u0131n\u0131bilirsin&#8230; Ben ki, arkamdan u\u015faklar\u0131n\u0131 ko\u015fturan konak sahibi han\u0131mlara, ba\u015f\u0131m\u0131 \u00e7evirmedim;yedi k\u00f6ye h\u00fckmeden e\u015fraf bana<span class=\"excerpt-hellip\"> [\u2026]<\/span><\/p>\n","protected":false},"featured_media":0,"template":"","meta":{"_monsterinsights_skip_tracking":false,"_monsterinsights_sitenote_active":false,"_monsterinsights_sitenote_note":"","_monsterinsights_sitenote_category":0},"product_brand":[],"product_cat":[12291,12711],"product_tag":[],"class_list":{"0":"post-726839","1":"product","2":"type-product","3":"status-publish","5":"product_cat-edebiyat","6":"product_cat-roman-oyku","7":"pa_cilt-ciltsiz","8":"pa_tur-kitap","9":"pa_yayinevi-mirhan-kitap","10":"pa_yazar-sabahattin-ali","12":"first","13":"instock","14":"sale","15":"shipping-taxable","16":"purchasable","17":"product-type-simple"},"_links":{"self":[{"href":"https:\/\/roveyayinevi.com.tr\/index.php\/wp-json\/wp\/v2\/product\/726839","targetHints":{"allow":["GET"]}}],"collection":[{"href":"https:\/\/roveyayinevi.com.tr\/index.php\/wp-json\/wp\/v2\/product"}],"about":[{"href":"https:\/\/roveyayinevi.com.tr\/index.php\/wp-json\/wp\/v2\/types\/product"}],"wp:attachment":[{"href":"https:\/\/roveyayinevi.com.tr\/index.php\/wp-json\/wp\/v2\/media?parent=726839"}],"wp:term":[{"taxonomy":"product_brand","embeddable":true,"href":"https:\/\/roveyayinevi.com.tr\/index.php\/wp-json\/wp\/v2\/product_brand?post=726839"},{"taxonomy":"product_cat","embeddable":true,"href":"https:\/\/roveyayinevi.com.tr\/index.php\/wp-json\/wp\/v2\/product_cat?post=726839"},{"taxonomy":"product_tag","embeddable":true,"href":"https:\/\/roveyayinevi.com.tr\/index.php\/wp-json\/wp\/v2\/product_tag?post=726839"}],"curies":[{"name":"wp","href":"https:\/\/api.w.org\/{rel}","templated":true}]}}