{"id":726838,"date":"2025-08-27T20:12:52","date_gmt":"2025-08-27T17:12:52","guid":{"rendered":"https:\/\/roveyayinevi.com.tr\/index.php\/urun\/gunesi-sondurmem-gerek-3\/"},"modified":"2026-04-16T02:34:46","modified_gmt":"2026-04-15T23:34:46","slug":"gunesi-sondurmem-gerek-3","status":"publish","type":"product","link":"https:\/\/roveyayinevi.com.tr\/index.php\/urun\/gunesi-sondurmem-gerek-3\/","title":{"rendered":"G\u00fcne\u015fi S\u00f6nd\u00fcrmem Gerek 3"},"content":{"rendered":"<p>Y\u0131ld\u0131zlar\u0131n b\u00fcy\u00fcs\u00fcne kap\u0131lan gece, g\u00fcne\u015fe ihanet etti. G\u00fcne\u015f s\u00f6nd\u00fc\u011f\u00fcnde ise gece kazand\u0131\u011f\u0131n\u0131 sand\u0131. Oysaki g\u00fcne\u015f olmadan y\u0131ld\u0131zlar bir hi\u00e7ti. Ya\u015fad\u0131\u011f\u0131 son y\u0131k\u0131m y\u00fcz\u00fcnden zor g\u00fcnler ge\u00e7iren Umut\u2019un yeniden ba\u015flayabilmesi i\u00e7in ya Kerem\u2019i affedip yoluna devam etmesi ya da a\u015fk\u0131n\u0131 kaybetmek pahas\u0131na ger\u00e7e\u011fin pe\u015fine d\u00fc\u015fmesi gerekmektedir. Ancak bu, d\u00fc\u015f\u00fcnd\u00fc\u011f\u00fc kadar kolay olmayacakt\u0131r. Bir yanda b\u00fcy\u00fck a\u015fk\u0131 Kerem, di\u011fer yanda ise vazge\u00e7emedi\u011fi do\u011frular\u0131 vard\u0131r. Umut i\u00e7in yol ayr\u0131m\u0131 vakti gelmi\u015ftir. Umut ya g\u00fcne\u015fini s\u00f6nd\u00fcrecek ya da g\u00fcne\u015finin sonsuza dek yanmas\u0131na izin verecektir. G\u00f6ky\u00fcz\u00fc\u2026 G\u00fcne\u015f\u2026 Y\u0131ld\u0131zlar\u2026 Orada her kim varsa ve \u015fu an\u0131m\u0131za \u015fahitlik ediyorsa g\u00f6rs\u00fcn ve bilsin ki\u2026 Kerem ve Umut\u2019un a\u015fk\u0131 ger\u00e7ekti. <\/p>\n","protected":false},"excerpt":{"rendered":"<p>Y\u0131ld\u0131zlar\u0131n b\u00fcy\u00fcs\u00fcne kap\u0131lan gece, g\u00fcne\u015fe ihanet etti. G\u00fcne\u015f s\u00f6nd\u00fc\u011f\u00fcnde ise gece kazand\u0131\u011f\u0131n\u0131 sand\u0131. Oysaki g\u00fcne\u015f olmadan y\u0131ld\u0131zlar bir hi\u00e7ti. Ya\u015fad\u0131\u011f\u0131 son y\u0131k\u0131m y\u00fcz\u00fcnden zor g\u00fcnler ge\u00e7iren<span class=\"excerpt-hellip\"> [\u2026]<\/span><\/p>\n","protected":false},"featured_media":0,"template":"","meta":{"_monsterinsights_skip_tracking":false,"_monsterinsights_sitenote_active":false,"_monsterinsights_sitenote_note":"","_monsterinsights_sitenote_category":0},"product_brand":[],"product_cat":[12291,12711],"product_tag":[],"class_list":{"0":"post-726838","1":"product","2":"type-product","3":"status-publish","5":"product_cat-edebiyat","6":"product_cat-roman-oyku","7":"pa_cilt-ciltsiz","8":"pa_tur-kitap","9":"pa_yayinevi-ephesus-yayinlari","10":"pa_yazar-emre-gul","12":"first","13":"instock","14":"sale","15":"shipping-taxable","16":"purchasable","17":"product-type-simple"},"_links":{"self":[{"href":"https:\/\/roveyayinevi.com.tr\/index.php\/wp-json\/wp\/v2\/product\/726838","targetHints":{"allow":["GET"]}}],"collection":[{"href":"https:\/\/roveyayinevi.com.tr\/index.php\/wp-json\/wp\/v2\/product"}],"about":[{"href":"https:\/\/roveyayinevi.com.tr\/index.php\/wp-json\/wp\/v2\/types\/product"}],"wp:attachment":[{"href":"https:\/\/roveyayinevi.com.tr\/index.php\/wp-json\/wp\/v2\/media?parent=726838"}],"wp:term":[{"taxonomy":"product_brand","embeddable":true,"href":"https:\/\/roveyayinevi.com.tr\/index.php\/wp-json\/wp\/v2\/product_brand?post=726838"},{"taxonomy":"product_cat","embeddable":true,"href":"https:\/\/roveyayinevi.com.tr\/index.php\/wp-json\/wp\/v2\/product_cat?post=726838"},{"taxonomy":"product_tag","embeddable":true,"href":"https:\/\/roveyayinevi.com.tr\/index.php\/wp-json\/wp\/v2\/product_tag?post=726838"}],"curies":[{"name":"wp","href":"https:\/\/api.w.org\/{rel}","templated":true}]}}