{"id":726834,"date":"2025-08-27T20:12:48","date_gmt":"2025-08-27T17:12:48","guid":{"rendered":"https:\/\/roveyayinevi.com.tr\/index.php\/urun\/bagisiklik-ciltli\/"},"modified":"2025-12-30T10:33:52","modified_gmt":"2025-12-30T07:33:52","slug":"bagisiklik-ciltli","status":"publish","type":"product","link":"https:\/\/roveyayinevi.com.tr\/index.php\/urun\/bagisiklik-ciltli\/","title":{"rendered":"Ba\u011f\u0131\u015f\u0131kl\u0131k (Ciltli)"},"content":{"rendered":"<p>Salg\u0131n ile b\u00fcy\u00fck hayranl\u0131k uyand\u0131ran Erin Bowman&#8217;dan serinin merakla beklenen ikinci kitab\u0131 Ba\u011f\u0131\u015f\u0131kl\u0131k! ONLAR MAHK\u00dbMDU. Thea, Coen ve Nova, Achlys\u2019ten ka\u00e7m\u0131\u015f, ancak onlar\u0131  kurtard\u0131\u011f\u0131n\u0131 d\u00fc\u015f\u00fcnd\u00fckleri gemiye hapsedilmi\u015flerdi.  B\u0130RER S\u0130LAHA D\u00d6N\u00dc\u015eMELER\u0130 GEREK\u0130YORDU. Bu k\u00e2busu arkalar\u0131nda b\u0131rakt\u0131klar\u0131n\u0131 d\u00fc\u015f\u00fcn\u00fcyorlard\u0131. Ancak aksine, siyasi bir sava\u015fa sebep olmak ve b\u00fct\u00fcn galaksiyi tehlikeye atmak \u00fczereydi. SAVA\u015eMADAN PES ETMEYECEKLERD\u0130. Hayatta kalmak i\u00e7in Achlys\u2019te ortaya \u00e7\u0131kan \u00f6l\u00fcmc\u00fcl salg\u0131n\u0131 avantajlar\u0131na \u00e7evirip ellerindeki tek silah\u0131 kullanmalar\u0131 gerekiyordu: Kendilerini. S\u00fcr\u00fckleyici, korkutucu ve heyecanl\u0131 bir \u015fekilde ilerleyen Salg\u0131n, bilimkurgu ve korkunun m\u00fckemmel birle\u015fimi. G\u00f6zlerimi sayfalardan ay\u0131ramad\u0131m.  \u2013Amie Kaufman, Illuminae ve Aurora\u2019n\u0131n  D\u00f6n\u00fc\u015f\u00fc\u2019n\u00fcn New York Times \u00e7oksatan yazar\u0131  Uzay bo\u015flu\u011funda yatan bilinmezli\u011fin korkun\u00e7lu\u011funu \u00e7ok az ki\u015fi anlar ama Erin Bowman bu hissi Salg\u0131n roman\u0131nda on ikiden vurmu\u015f. Okurken \u0131\u015f\u0131klar\u0131 kapatmay\u0131n derim! \u2013Beth Revis, Evrenin \u00d6tesi\u2019nin New York Times  \u00e7ok satan yazar\u0131 <\/p>\n","protected":false},"excerpt":{"rendered":"<p>Salg\u0131n ile b\u00fcy\u00fck hayranl\u0131k uyand\u0131ran Erin Bowman&#8217;dan serinin merakla beklenen ikinci kitab\u0131 Ba\u011f\u0131\u015f\u0131kl\u0131k! ONLAR MAHK\u00dbMDU. Thea, Coen ve Nova, Achlys\u2019ten ka\u00e7m\u0131\u015f, ancak onlar\u0131 kurtard\u0131\u011f\u0131n\u0131 d\u00fc\u015f\u00fcnd\u00fckleri gemiye<span class=\"excerpt-hellip\"> [\u2026]<\/span><\/p>\n","protected":false},"featured_media":0,"template":"","meta":{"_monsterinsights_skip_tracking":false,"_monsterinsights_sitenote_active":false,"_monsterinsights_sitenote_note":"","_monsterinsights_sitenote_category":0},"product_brand":[],"product_cat":[12291,50487],"product_tag":[],"class_list":{"0":"post-726834","1":"product","2":"type-product","3":"status-publish","5":"product_cat-edebiyat","6":"product_cat-kurgu","7":"pa_cilt-ciltli","8":"pa_tur-kitap","9":"pa_yayinevi-epsilon-yayinlari","10":"pa_yazar-erin-bowman","12":"first","13":"instock","14":"sale","15":"shipping-taxable","16":"purchasable","17":"product-type-simple"},"_links":{"self":[{"href":"https:\/\/roveyayinevi.com.tr\/index.php\/wp-json\/wp\/v2\/product\/726834","targetHints":{"allow":["GET"]}}],"collection":[{"href":"https:\/\/roveyayinevi.com.tr\/index.php\/wp-json\/wp\/v2\/product"}],"about":[{"href":"https:\/\/roveyayinevi.com.tr\/index.php\/wp-json\/wp\/v2\/types\/product"}],"wp:attachment":[{"href":"https:\/\/roveyayinevi.com.tr\/index.php\/wp-json\/wp\/v2\/media?parent=726834"}],"wp:term":[{"taxonomy":"product_brand","embeddable":true,"href":"https:\/\/roveyayinevi.com.tr\/index.php\/wp-json\/wp\/v2\/product_brand?post=726834"},{"taxonomy":"product_cat","embeddable":true,"href":"https:\/\/roveyayinevi.com.tr\/index.php\/wp-json\/wp\/v2\/product_cat?post=726834"},{"taxonomy":"product_tag","embeddable":true,"href":"https:\/\/roveyayinevi.com.tr\/index.php\/wp-json\/wp\/v2\/product_tag?post=726834"}],"curies":[{"name":"wp","href":"https:\/\/api.w.org\/{rel}","templated":true}]}}