{"id":726832,"date":"2025-08-27T20:12:46","date_gmt":"2025-08-27T17:12:46","guid":{"rendered":"https:\/\/roveyayinevi.com.tr\/index.php\/urun\/vecihi-kara-tehlike\/"},"modified":"2026-04-16T02:34:45","modified_gmt":"2026-04-15T23:34:45","slug":"vecihi-kara-tehlike","status":"publish","type":"product","link":"https:\/\/roveyayinevi.com.tr\/index.php\/urun\/vecihi-kara-tehlike\/","title":{"rendered":"Vecihi \u2013 Kara Tehlike"},"content":{"rendered":"<p>Vecihi Kara Tehlike, I. D\u00fcnya Sava\u015f\u0131 ve Kurtulu\u015f Sava\u015f\u0131 y\u0131llar\u0131nda yaratt\u0131\u011f\u0131 mucizelerle Kurtulu\u015f Sava\u015f\u0131\u2019na b\u00fcy\u00fck katk\u0131 sa\u011flayan, T\u00fcrk havac\u0131l\u0131k tarihinin  mihenk ta\u015flar\u0131ndan Vecihi H\u00fcrku\u015f\u2019un azmini ve sars\u0131lmayan inanc\u0131n\u0131 anlatan belgesel niteli\u011finde bir roman. Vecihi H\u00fcrku\u015f, sava\u015f d\u00f6nemi bilinen ad\u0131yla \u201cKara Tehlike\u201d y\u0131k\u0131m\u0131n ve imk\u00e2ns\u0131zl\u0131\u011f\u0131n ortas\u0131nda mavi g\u00f6ky\u00fcz\u00fcnde umudu ye\u015fertiyor. Elinizdeki roman, esir d\u00fc\u015fse de teslim olmamay\u0131 \u015fiar edinen Vecihi Bey\u2019in, kadim topraklar\u0131m\u0131za g\u00f6sterdi\u011fi say\u0131s\u0131z fedak\u00e2rl\u0131\u011f\u0131 anlat\u0131yor. Ve, unutulu\u015fa mahk\u00fbm edilerek sessiz sedas\u0131z \u00f6l\u00fcme giden bir milli kahraman\u0131\u2026 \u00d6mr\u00fcn\u00fc h\u00fcrl\u00fc\u011fe do\u011fru kanat \u00e7\u0131rpmaya adayan Vecihi H\u00fcrku\u015f\u2019u, bir de Orhan Bahtiyar\u2019\u0131n sade ve ak\u0131c\u0131 kaleminden dinleyin. <\/p>\n","protected":false},"excerpt":{"rendered":"<p>Vecihi Kara Tehlike, I. D\u00fcnya Sava\u015f\u0131 ve Kurtulu\u015f Sava\u015f\u0131 y\u0131llar\u0131nda yaratt\u0131\u011f\u0131 mucizelerle Kurtulu\u015f Sava\u015f\u0131\u2019na b\u00fcy\u00fck katk\u0131 sa\u011flayan, T\u00fcrk havac\u0131l\u0131k tarihinin mihenk ta\u015flar\u0131ndan Vecihi H\u00fcrku\u015f\u2019un azmini ve<span class=\"excerpt-hellip\"> [\u2026]<\/span><\/p>\n","protected":false},"featured_media":0,"template":"","meta":{"_monsterinsights_skip_tracking":false,"_monsterinsights_sitenote_active":false,"_monsterinsights_sitenote_note":"","_monsterinsights_sitenote_category":0},"product_brand":[],"product_cat":[13946,12304],"product_tag":[],"class_list":{"0":"post-726832","1":"product","2":"type-product","3":"status-publish","5":"product_cat-biyografi-otobiyografi","6":"product_cat-tarih","7":"pa_cilt-ciltsiz","8":"pa_tur-kitap","9":"pa_yayinevi-inkilap-kitabevi","10":"pa_yazar-orhan-bahtiyar","12":"first","13":"instock","14":"sale","15":"shipping-taxable","16":"purchasable","17":"product-type-simple"},"_links":{"self":[{"href":"https:\/\/roveyayinevi.com.tr\/index.php\/wp-json\/wp\/v2\/product\/726832","targetHints":{"allow":["GET"]}}],"collection":[{"href":"https:\/\/roveyayinevi.com.tr\/index.php\/wp-json\/wp\/v2\/product"}],"about":[{"href":"https:\/\/roveyayinevi.com.tr\/index.php\/wp-json\/wp\/v2\/types\/product"}],"wp:attachment":[{"href":"https:\/\/roveyayinevi.com.tr\/index.php\/wp-json\/wp\/v2\/media?parent=726832"}],"wp:term":[{"taxonomy":"product_brand","embeddable":true,"href":"https:\/\/roveyayinevi.com.tr\/index.php\/wp-json\/wp\/v2\/product_brand?post=726832"},{"taxonomy":"product_cat","embeddable":true,"href":"https:\/\/roveyayinevi.com.tr\/index.php\/wp-json\/wp\/v2\/product_cat?post=726832"},{"taxonomy":"product_tag","embeddable":true,"href":"https:\/\/roveyayinevi.com.tr\/index.php\/wp-json\/wp\/v2\/product_tag?post=726832"}],"curies":[{"name":"wp","href":"https:\/\/api.w.org\/{rel}","templated":true}]}}