{"id":726830,"date":"2025-08-27T20:12:44","date_gmt":"2025-08-27T17:12:44","guid":{"rendered":"https:\/\/roveyayinevi.com.tr\/index.php\/urun\/ata-cocuk-inkilaplarin-dogusu\/"},"modified":"2026-04-16T02:34:45","modified_gmt":"2026-04-15T23:34:45","slug":"ata-cocuk-inkilaplarin-dogusu","status":"publish","type":"product","link":"https:\/\/roveyayinevi.com.tr\/index.php\/urun\/ata-cocuk-inkilaplarin-dogusu\/","title":{"rendered":"Ata \u00c7ocuk &#8211; \u0130nk\u0131laplar\u0131n Do\u011fu\u015fu"},"content":{"rendered":"<p>\u00dclkemizi zekice taktikler sayesinde d\u00fc\u015fmanlardan kurtarmay\u0131 bilmi\u015f ve y\u0131k\u0131lmakta olan bir imparatorluktan yepyeni modern bir \u00fclke kurmay\u0131 ba\u015farm\u0131\u015f bir liderin \u00e7ocuklu\u011fu acaba nas\u0131l ge\u00e7mi\u015f olabilir hi\u00e7 d\u00fc\u015f\u00fcnd\u00fcn\u00fcz m\u00fc? \u0130\u015fte bu kitap ulu \u00f6nder Mustafa Kemal ATAT\u00dcRK\u2019\u00fcn ne denli zeki ve ileri g\u00f6r\u00fc\u015fe sahip oldu\u011funu, zorlu ko\u015fullar alt\u0131nda nas\u0131l pratik \u00e7\u00f6z\u00fcmler buldu\u011funu ve \u00fclkemizi kurarken yapt\u0131\u011f\u0131 devrimlerin temelinin asl\u0131nda nas\u0131l olu\u015ftu\u011funu g\u00f6stermektedir. <\/p>\n","protected":false},"excerpt":{"rendered":"<p>\u00dclkemizi zekice taktikler sayesinde d\u00fc\u015fmanlardan kurtarmay\u0131 bilmi\u015f ve y\u0131k\u0131lmakta olan bir imparatorluktan yepyeni modern bir \u00fclke kurmay\u0131 ba\u015farm\u0131\u015f bir liderin \u00e7ocuklu\u011fu acaba nas\u0131l ge\u00e7mi\u015f olabilir hi\u00e7<span class=\"excerpt-hellip\"> [\u2026]<\/span><\/p>\n","protected":false},"featured_media":0,"template":"","meta":{"_monsterinsights_skip_tracking":false,"_monsterinsights_sitenote_active":false,"_monsterinsights_sitenote_note":"","_monsterinsights_sitenote_category":0},"product_brand":[],"product_cat":[12275,12274],"product_tag":[],"class_list":{"0":"post-726830","1":"product","2":"type-product","3":"status-publish","5":"product_cat-6-12-yas-kitaplari","6":"product_cat-cocuk-ve-genclik-kitaplari","7":"pa_cilt-ciltsiz","8":"pa_tur-kitap","9":"pa_yayinevi-gulnar-yayinlari","10":"pa_yazar-eyup-ekinci","12":"first","13":"instock","14":"sale","15":"shipping-taxable","16":"purchasable","17":"product-type-simple"},"_links":{"self":[{"href":"https:\/\/roveyayinevi.com.tr\/index.php\/wp-json\/wp\/v2\/product\/726830","targetHints":{"allow":["GET"]}}],"collection":[{"href":"https:\/\/roveyayinevi.com.tr\/index.php\/wp-json\/wp\/v2\/product"}],"about":[{"href":"https:\/\/roveyayinevi.com.tr\/index.php\/wp-json\/wp\/v2\/types\/product"}],"wp:attachment":[{"href":"https:\/\/roveyayinevi.com.tr\/index.php\/wp-json\/wp\/v2\/media?parent=726830"}],"wp:term":[{"taxonomy":"product_brand","embeddable":true,"href":"https:\/\/roveyayinevi.com.tr\/index.php\/wp-json\/wp\/v2\/product_brand?post=726830"},{"taxonomy":"product_cat","embeddable":true,"href":"https:\/\/roveyayinevi.com.tr\/index.php\/wp-json\/wp\/v2\/product_cat?post=726830"},{"taxonomy":"product_tag","embeddable":true,"href":"https:\/\/roveyayinevi.com.tr\/index.php\/wp-json\/wp\/v2\/product_tag?post=726830"}],"curies":[{"name":"wp","href":"https:\/\/api.w.org\/{rel}","templated":true}]}}