{"id":726829,"date":"2025-08-27T20:12:37","date_gmt":"2025-08-27T17:12:37","guid":{"rendered":"https:\/\/roveyayinevi.com.tr\/index.php\/urun\/iki-insan-bir-cihan\/"},"modified":"2026-04-16T02:34:45","modified_gmt":"2026-04-15T23:34:45","slug":"iki-insan-bir-cihan","status":"publish","type":"product","link":"https:\/\/roveyayinevi.com.tr\/index.php\/urun\/iki-insan-bir-cihan\/","title":{"rendered":"\u0130ki \u0130nsan Bir Cihan"},"content":{"rendered":"<p>\u201c \u2018\u0130nsan ve D\u00fcnya\u2019\u2026 Asl\u0131nda bize ba\u011f\u0131\u015flanm\u0131\u015f \u00e7ok g\u00fczel bir d\u00fcnya vard\u0131. Irmaklar\u0131yla, p\u0131narlar\u0131yla, serin okyanuslar\u0131yla, yemye\u015fil ormanlar\u0131yla harika bir d\u00fcnya. \u0130\u00e7inde kimsenin mutsuz olabilece\u011fi bir sebep yoktu. \u00c7\u00fcnk\u00fc her \u015fey yerli yerine oturmu\u015f ve \u00e7arklar d\u00f6n\u00fcyordu. Ta ki insanlar birbirlerini \u00f6ld\u00fcrmek i\u00e7in \u00e7e\u015fitli silahlar \u00fcretmeye ba\u015flay\u0131ncaya kadar. \u0130\u015fte ne olduysa ondan sonra oldu&#8230;\u201d Her \u015feye ra\u011fmen g\u00fczel insanlarda vard\u0131 bir Karadenizli bir Mezopotamyal\u0131 iki gencin \u00f6c\u00fcl\u00fc\u011f\u00fcnde d\u00fcnyan\u0131n her taraf\u0131ndan gelen g\u00fczel insanlarla birlikte yeniden g\u00fczel bir d\u00fcnya i\u00e7in Mezopotamya dan ba\u015flayacak bir yolculukla t\u00fcm d\u00fcnyay\u0131 saracak zorlu bir yol . Kederden kadere uzanan bir yolculuk. Yarat\u0131c\u0131n\u0131n emanet etti\u011fi d\u00fcnyay\u0131 emanet edildi\u011fi gibi  gelecek nesillere b\u0131rakmak istiyorlard\u0131.  \u2018\u0130ki insan kocaman bir cihan\u2019 nereye kadar gidebileceklerdi, bunu zaman g\u00f6sterecekti. Tarih;  a\u015fk, ba\u015far\u0131 ve h\u00fcz\u00fcn,  okurken ya\u015fama bak\u0131\u015f a\u00e7\u0131n\u0131z\u0131 de\u011fi\u015ftirecek roman. <\/p>\n","protected":false},"excerpt":{"rendered":"<p>\u201c \u2018\u0130nsan ve D\u00fcnya\u2019\u2026 Asl\u0131nda bize ba\u011f\u0131\u015flanm\u0131\u015f \u00e7ok g\u00fczel bir d\u00fcnya vard\u0131. Irmaklar\u0131yla, p\u0131narlar\u0131yla, serin okyanuslar\u0131yla, yemye\u015fil ormanlar\u0131yla harika bir d\u00fcnya. \u0130\u00e7inde kimsenin mutsuz olabilece\u011fi bir<span class=\"excerpt-hellip\"> [\u2026]<\/span><\/p>\n","protected":false},"featured_media":0,"template":"","meta":{"_monsterinsights_skip_tracking":false,"_monsterinsights_sitenote_active":false,"_monsterinsights_sitenote_note":"","_monsterinsights_sitenote_category":0},"product_brand":[],"product_cat":[12291,12711],"product_tag":[],"class_list":{"0":"post-726829","1":"product","2":"type-product","3":"status-publish","5":"product_cat-edebiyat","6":"product_cat-roman-oyku","7":"pa_cilt-ciltsiz","8":"pa_tur-kitap","9":"pa_yayinevi-gulnar-yayinlari","10":"pa_yazar-mehmet-zeki-aksoy","12":"first","13":"instock","14":"sale","15":"shipping-taxable","16":"purchasable","17":"product-type-simple"},"_links":{"self":[{"href":"https:\/\/roveyayinevi.com.tr\/index.php\/wp-json\/wp\/v2\/product\/726829","targetHints":{"allow":["GET"]}}],"collection":[{"href":"https:\/\/roveyayinevi.com.tr\/index.php\/wp-json\/wp\/v2\/product"}],"about":[{"href":"https:\/\/roveyayinevi.com.tr\/index.php\/wp-json\/wp\/v2\/types\/product"}],"wp:attachment":[{"href":"https:\/\/roveyayinevi.com.tr\/index.php\/wp-json\/wp\/v2\/media?parent=726829"}],"wp:term":[{"taxonomy":"product_brand","embeddable":true,"href":"https:\/\/roveyayinevi.com.tr\/index.php\/wp-json\/wp\/v2\/product_brand?post=726829"},{"taxonomy":"product_cat","embeddable":true,"href":"https:\/\/roveyayinevi.com.tr\/index.php\/wp-json\/wp\/v2\/product_cat?post=726829"},{"taxonomy":"product_tag","embeddable":true,"href":"https:\/\/roveyayinevi.com.tr\/index.php\/wp-json\/wp\/v2\/product_tag?post=726829"}],"curies":[{"name":"wp","href":"https:\/\/api.w.org\/{rel}","templated":true}]}}