{"id":726827,"date":"2025-08-27T20:12:35","date_gmt":"2025-08-27T17:12:35","guid":{"rendered":"https:\/\/roveyayinevi.com.tr\/index.php\/urun\/kopru-2\/"},"modified":"2026-04-16T02:34:45","modified_gmt":"2026-04-15T23:34:45","slug":"kopru-2","status":"publish","type":"product","link":"https:\/\/roveyayinevi.com.tr\/index.php\/urun\/kopru-2\/","title":{"rendered":"K\u00f6pr\u00fc"},"content":{"rendered":"<p>Levent \u015e\u0131k, insan\u0131n hik\u00e2yesindeki detaylara \u0131\u015f\u0131k tutan, o hik\u00e2yedeki detaylar\u0131 iyilik, ho\u015fluk s\u00fczgecinde s\u00fcz\u00fcp, kalanlarla, kitaplar\u0131nda okurlar\u0131n\u0131n ruhuna bir g\u00fczel r\u00fczg\u00e2r estiren bir yazar.  K\u00f6pr\u00fc&#8217;de, sade ve i\u00e7ten dili, anlat\u0131mdaki ustal\u0131\u011f\u0131 ve okuru saran kurgusuyla, yine bir g\u00fczel r\u00fczg\u00e2r g\u00f6nderiyor ruhlar\u0131m\u0131za&#8230; &#8220;Bu, bir k\u00f6pr\u00fc hik\u00e2yesidir. S\u0131radan bir k\u00f6pr\u00fcn\u00fcn, birbirinden habersiz hayatlar \u00fczerine b\u0131rakt\u0131\u011f\u0131 ya\u011fmurun anlat\u0131s\u0131d\u0131r.  Bir varl\u0131\u011f\u0131n, hi\u00e7ten var olanlar i\u00e7in nas\u0131l ilham olabilece\u011fine dair bir umut \u015fark\u0131s\u0131d\u0131r. Bir k\u00f6pr\u00fc, y\u0131llara meydan okuyabilir elbette ama &#8216;bir g\u00f6n\u00fcl meselesine \u015fiir de okuyabilece\u011finin&#8217; hik\u00e2yesidir.&#8221; <\/p>\n","protected":false},"excerpt":{"rendered":"<p>Levent \u015e\u0131k, insan\u0131n hik\u00e2yesindeki detaylara \u0131\u015f\u0131k tutan, o hik\u00e2yedeki detaylar\u0131 iyilik, ho\u015fluk s\u00fczgecinde s\u00fcz\u00fcp, kalanlarla, kitaplar\u0131nda okurlar\u0131n\u0131n ruhuna bir g\u00fczel r\u00fczg\u00e2r estiren bir yazar. K\u00f6pr\u00fc&#8217;de, sade<span class=\"excerpt-hellip\"> [\u2026]<\/span><\/p>\n","protected":false},"featured_media":0,"template":"","meta":{"_monsterinsights_skip_tracking":false,"_monsterinsights_sitenote_active":false,"_monsterinsights_sitenote_note":"","_monsterinsights_sitenote_category":0},"product_brand":[],"product_cat":[12291,12711],"product_tag":[],"class_list":{"0":"post-726827","1":"product","2":"type-product","3":"status-publish","5":"product_cat-edebiyat","6":"product_cat-roman-oyku","7":"pa_cilt-ciltsiz","8":"pa_tur-kitap","9":"pa_yayinevi-karina-yayinevi","10":"pa_yazar-levent-sik","12":"first","13":"instock","14":"sale","15":"shipping-taxable","16":"purchasable","17":"product-type-simple"},"_links":{"self":[{"href":"https:\/\/roveyayinevi.com.tr\/index.php\/wp-json\/wp\/v2\/product\/726827","targetHints":{"allow":["GET"]}}],"collection":[{"href":"https:\/\/roveyayinevi.com.tr\/index.php\/wp-json\/wp\/v2\/product"}],"about":[{"href":"https:\/\/roveyayinevi.com.tr\/index.php\/wp-json\/wp\/v2\/types\/product"}],"wp:attachment":[{"href":"https:\/\/roveyayinevi.com.tr\/index.php\/wp-json\/wp\/v2\/media?parent=726827"}],"wp:term":[{"taxonomy":"product_brand","embeddable":true,"href":"https:\/\/roveyayinevi.com.tr\/index.php\/wp-json\/wp\/v2\/product_brand?post=726827"},{"taxonomy":"product_cat","embeddable":true,"href":"https:\/\/roveyayinevi.com.tr\/index.php\/wp-json\/wp\/v2\/product_cat?post=726827"},{"taxonomy":"product_tag","embeddable":true,"href":"https:\/\/roveyayinevi.com.tr\/index.php\/wp-json\/wp\/v2\/product_tag?post=726827"}],"curies":[{"name":"wp","href":"https:\/\/api.w.org\/{rel}","templated":true}]}}