{"id":726825,"date":"2025-08-27T20:12:33","date_gmt":"2025-08-27T17:12:33","guid":{"rendered":"https:\/\/roveyayinevi.com.tr\/index.php\/urun\/imkansizi-dusunmek-1960-sonrasi-fransiz-felsefesi\/"},"modified":"2026-04-16T02:34:45","modified_gmt":"2026-04-15T23:34:45","slug":"imkansizi-dusunmek-1960-sonrasi-fransiz-felsefesi","status":"publish","type":"product","link":"https:\/\/roveyayinevi.com.tr\/index.php\/urun\/imkansizi-dusunmek-1960-sonrasi-fransiz-felsefesi\/","title":{"rendered":"\u0130mkans\u0131z\u0131 D\u00fc\u015f\u00fcnmek \u20131960 Sonras\u0131 Frans\u0131z Felsefesi"},"content":{"rendered":"<p>Elinizdeki kitap, 1960\u2019lardan bu yana felsefede ya\u015fanan ola\u011fan\u00fcst\u00fc d\u00f6n\u00fc\u015f\u00fcme \u0131\u015f\u0131k tutuyor.  Yazar Gary Gutting, Fransa\u2019da \u2018felsefe yapma\u2019n\u0131n ne anlama geldi\u011fini, hemen hemen ayn\u0131 zamanlarda filizlenen analitik felsefeden nas\u0131l farkl\u0131la\u015ft\u0131\u011f\u0131n\u0131 ele al\u0131yor. Yazar, \u00e7a\u011fda\u015f Frans\u0131z felsefesinde \u00f6ne \u00e7\u0131kan \u00fc\u00e7 filozof, Foucault, Deleuze ve Derrida \u00fczerinden bu d\u00f6n\u00fc\u015f\u00fcm\u00fc sorgulamaya giri\u015fiyor. Hegel ve Heidegger\u2019in bu d\u00f6n\u00fc\u015f\u00fcmdeki paylar\u0131n\u0131 ve yeni ku\u015fa\u011f\u0131n idol\u00fc Sartre\u2019\u0131n bu filozoflarla kurdu\u011fu \u2018gerilimli ili\u015fki\u2019yi de\u011ferlendiriyor. Foucault, Derrida ve Deleuze\u2019\u00fcn felsefi yap\u0131lar\u0131ndaki Nietzsche okumalar\u0131 ve hesapla\u015fmalar\u0131 ele al\u0131nan ayr\u0131 bir bahis. 1980\u2019ler ve 90\u2019larda \u2018eti\u011fe d\u00f6n\u00fc\u015f\u2019\u00fcn kurucu isimlerinden Levinas\u2019\u0131n bu filozoflarla ili\u015fkisi ve Alain Badiou ontolojisinin ve fenomenolojinin \u2018imk\u00e2ns\u0131z\u0131 d\u00fc\u015f\u00fcnme projesi\u2019ndeki konumu elinizdeki kitapta  ele al\u0131nan di\u011fer konulardand\u0131r. <\/p>\n","protected":false},"excerpt":{"rendered":"<p>Elinizdeki kitap, 1960\u2019lardan bu yana felsefede ya\u015fanan ola\u011fan\u00fcst\u00fc d\u00f6n\u00fc\u015f\u00fcme \u0131\u015f\u0131k tutuyor. Yazar Gary Gutting, Fransa\u2019da \u2018felsefe yapma\u2019n\u0131n ne anlama geldi\u011fini, hemen hemen ayn\u0131 zamanlarda filizlenen analitik<span class=\"excerpt-hellip\"> [\u2026]<\/span><\/p>\n","protected":false},"featured_media":0,"template":"","meta":{"_monsterinsights_skip_tracking":false,"_monsterinsights_sitenote_active":false,"_monsterinsights_sitenote_note":"","_monsterinsights_sitenote_category":0},"product_brand":[],"product_cat":[12389,12388],"product_tag":[],"class_list":{"0":"post-726825","1":"product","2":"type-product","3":"status-publish","5":"product_cat-diger-felsefe","6":"product_cat-felsefe","7":"pa_cilt-ciltsiz","8":"pa_tur-kitap","9":"pa_yayinevi-fol-kitap","10":"pa_yazar-gary-gutting","12":"first","13":"instock","14":"sale","15":"shipping-taxable","16":"purchasable","17":"product-type-simple"},"_links":{"self":[{"href":"https:\/\/roveyayinevi.com.tr\/index.php\/wp-json\/wp\/v2\/product\/726825","targetHints":{"allow":["GET"]}}],"collection":[{"href":"https:\/\/roveyayinevi.com.tr\/index.php\/wp-json\/wp\/v2\/product"}],"about":[{"href":"https:\/\/roveyayinevi.com.tr\/index.php\/wp-json\/wp\/v2\/types\/product"}],"wp:attachment":[{"href":"https:\/\/roveyayinevi.com.tr\/index.php\/wp-json\/wp\/v2\/media?parent=726825"}],"wp:term":[{"taxonomy":"product_brand","embeddable":true,"href":"https:\/\/roveyayinevi.com.tr\/index.php\/wp-json\/wp\/v2\/product_brand?post=726825"},{"taxonomy":"product_cat","embeddable":true,"href":"https:\/\/roveyayinevi.com.tr\/index.php\/wp-json\/wp\/v2\/product_cat?post=726825"},{"taxonomy":"product_tag","embeddable":true,"href":"https:\/\/roveyayinevi.com.tr\/index.php\/wp-json\/wp\/v2\/product_tag?post=726825"}],"curies":[{"name":"wp","href":"https:\/\/api.w.org\/{rel}","templated":true}]}}