{"id":726823,"date":"2025-08-27T20:12:32","date_gmt":"2025-08-27T17:12:32","guid":{"rendered":"https:\/\/roveyayinevi.com.tr\/index.php\/urun\/icteki-ses-algisal-bir-duygu-kurami\/"},"modified":"2026-04-16T02:34:45","modified_gmt":"2026-04-15T23:34:45","slug":"icteki-ses-algisal-bir-duygu-kurami","status":"publish","type":"product","link":"https:\/\/roveyayinevi.com.tr\/index.php\/urun\/icteki-ses-algisal-bir-duygu-kurami\/","title":{"rendered":"\u0130\u00e7teki Ses \u2013 Alg\u0131sal Bir Duygu Kuram\u0131"},"content":{"rendered":"<p>Duygular hayatlar\u0131m\u0131z\u0131n merkezinde sahne al\u0131r. Duygular i\u00e7in ve duygulardan ka\u00e7\u0131nmak i\u00e7in ya\u015far\u0131z: galibiyetin heyecan\u0131 ve yenilginin azab\u0131, eski bir arkada\u015fla ge\u00e7en bir \u00f6\u011fleden sonran\u0131n tatmini veya pi\u015fmanl\u0131\u011f\u0131n \u0131st\u0131rapl\u0131 d\u0131rd\u0131r\u0131. Duygular olmaks\u0131z\u0131n sadece kuru hareket, refleks ve rutin vard\u0131r. Duygu \u00e7al\u0131\u015fmalar\u0131 y\u00fczy\u0131llarca y\u0131ll\u0131k ihmalle beraber geli\u015fti. \u00d6zellikle de n\u00f6robilimdeki g\u00fcncel geli\u015fmelerle beraber duygular yeniden ilgi oda\u011f\u0131 oldu. Neredeyse duygular\u0131n ne oldu\u011fu konusunda kafa yoran kadar kuram say\u0131s\u0131 vard\u0131r. Elinizdeki kitap hem bu kuramlara genel bir giri\u015f niteli\u011fi ta\u015f\u0131makta hem de duygulara alg\u0131sal bak\u0131\u015f\u0131n yeni bir yolunu ortaya koymaktad\u0131r. Ayr\u0131ca Prinz, duygusal de\u011ferli\u011fe, duygusal bilince ve evrimsel psikologlar ile sosyal in\u015fac\u0131lar aras\u0131ndaki tart\u0131\u015fmaya da de\u011finmektedir. Prinz\u2019e g\u00f6re duygular, bedendeki de\u011fi\u015fimin alg\u0131lar\u0131d\u0131r. Yazar\u0131n \u2018bedenle\u015fmi\u015f de\u011fer bi\u00e7me\u2019 ad\u0131n\u0131 verdi\u011fi bu bak\u0131\u015f, ayn\u0131 zamanda duygular\u0131n bili\u015fsel olup olmad\u0131\u011f\u0131 tart\u0131\u015fmas\u0131na bir uzla\u015f\u0131m \u00f6nerisidir. <\/p>\n","protected":false},"excerpt":{"rendered":"<p>Duygular hayatlar\u0131m\u0131z\u0131n merkezinde sahne al\u0131r. Duygular i\u00e7in ve duygulardan ka\u00e7\u0131nmak i\u00e7in ya\u015far\u0131z: galibiyetin heyecan\u0131 ve yenilginin azab\u0131, eski bir arkada\u015fla ge\u00e7en bir \u00f6\u011fleden sonran\u0131n tatmini veya<span class=\"excerpt-hellip\"> [\u2026]<\/span><\/p>\n","protected":false},"featured_media":0,"template":"","meta":{"_monsterinsights_skip_tracking":false,"_monsterinsights_sitenote_active":false,"_monsterinsights_sitenote_note":"","_monsterinsights_sitenote_category":0},"product_brand":[],"product_cat":[12389,12388],"product_tag":[],"class_list":{"0":"post-726823","1":"product","2":"type-product","3":"status-publish","5":"product_cat-diger-felsefe","6":"product_cat-felsefe","7":"pa_cilt-ciltsiz","8":"pa_tur-kitap","9":"pa_yayinevi-fol-kitap","10":"pa_yazar-jesse-j-prinz","12":"first","13":"instock","14":"sale","15":"shipping-taxable","16":"purchasable","17":"product-type-simple"},"_links":{"self":[{"href":"https:\/\/roveyayinevi.com.tr\/index.php\/wp-json\/wp\/v2\/product\/726823","targetHints":{"allow":["GET"]}}],"collection":[{"href":"https:\/\/roveyayinevi.com.tr\/index.php\/wp-json\/wp\/v2\/product"}],"about":[{"href":"https:\/\/roveyayinevi.com.tr\/index.php\/wp-json\/wp\/v2\/types\/product"}],"wp:attachment":[{"href":"https:\/\/roveyayinevi.com.tr\/index.php\/wp-json\/wp\/v2\/media?parent=726823"}],"wp:term":[{"taxonomy":"product_brand","embeddable":true,"href":"https:\/\/roveyayinevi.com.tr\/index.php\/wp-json\/wp\/v2\/product_brand?post=726823"},{"taxonomy":"product_cat","embeddable":true,"href":"https:\/\/roveyayinevi.com.tr\/index.php\/wp-json\/wp\/v2\/product_cat?post=726823"},{"taxonomy":"product_tag","embeddable":true,"href":"https:\/\/roveyayinevi.com.tr\/index.php\/wp-json\/wp\/v2\/product_tag?post=726823"}],"curies":[{"name":"wp","href":"https:\/\/api.w.org\/{rel}","templated":true}]}}