{"id":726821,"date":"2025-08-27T20:12:31","date_gmt":"2025-08-27T17:12:31","guid":{"rendered":"https:\/\/roveyayinevi.com.tr\/index.php\/urun\/devlet-gibi-gormek\/"},"modified":"2026-04-16T02:34:45","modified_gmt":"2026-04-15T23:34:45","slug":"devlet-gibi-gormek","status":"publish","type":"product","link":"https:\/\/roveyayinevi.com.tr\/index.php\/urun\/devlet-gibi-gormek\/","title":{"rendered":"Devlet Gibi G\u00f6rmek"},"content":{"rendered":"<p>\u0130nsanlar\u0131n ya\u015fam ko\u015fullar\u0131n\u0131 iyile\u015ftirme amac\u0131yla yola \u00e7\u0131kan planlama projeleri neden ba\u015far\u0131s\u0131z\u0131 oldu?Anar\u015fist d\u00fc\u015f\u00fcn\u00fcr ;James C. Scott, bu temel sorulardan yola \u00e7\u0131karak devlet merkezli kent ve k\u00f6y planlamas\u0131 deneyimlerini mercek alt\u0131na al\u0131yor. Fransa&#8217;dan Brezilya&#8217;ya, Savyetler Birli\u011fi&#8217;nden Tanzanya&#8217;ya bir yolculuk yaparak devlet\u00e7i planlaman\u0131n ba\u015far\u0131s\u0131zl\u0131klar\u0131n\u0131 analiz ederken, benzer toplum m\u00fchendisli\u011fi felaketlerinin t\u00fcm\u00fcnde ortak olan ko\u015fullar\u0131 da g\u00fcn y\u00fcz\u00fcne \u00e7\u0131kar\u0131yor.Ger\u00e7ekli\u011fi kendi vizyonlar\u0131na uydurmaya \u00e7al\u0131\u015fan tek adamlar\u0131, ger\u00e7ekli\u011fe yaln\u0131zca masa ba\u015f\u0131nda yapt\u0131klar\u0131 plan \u00e7er\u00e7evesindten bak\u0131p ona uymayan her y\u00f6n\u00fcn\u00fc yok sayan memurlar\u0131 ve hepsinin \u00f6tesindte, otoriter y\u00fcksek modernizmin ayr\u0131lmaz bir par\u00e7as\u0131 olan ve ger\u00e7ekli\u011fi \u015fekillendirilecek bir nesne olarak g\u00f6re despotlu\u011fu irdeleyen Scott, Devlet Gibi G\u00f6rmek&#8217;te planma kavram\u0131n\u0131n ger\u00e7ek toplumsal dokuyla uyu\u015fmaz oldu\u011fu g\u00f6r\u00fcn\u00fc etkin bir \u015fekilde savunuyor.Devlet Gibi G\u00f6rek son derece \u00f6nemli bir kitap Modern d\u00fcnyay\u0131 anlamak isteyen herkes okumal\u0131.-Michael Bigiis, Oxford \u00dcniversitesi, Sosyoloji B\u00f6l\u00fcm\u00fcSon y\u0131llarda yay\u0131mlanm\u0131\u015f, bu y\u00fczy\u0131la dair en temel ve ayd\u0131nlat\u0131c\u0131 \u00e7al\u0131\u015fmalardan biri&#8230; Modern devletin geli\u015fiminin b\u00fcy\u00fcleyici bir yorumu&#8230;Scott, devletin g\u00fcn\u00fcn\u00fcn b\u00fct\u00fcn bir toplumu yeniden \u015fekillendirmek i\u00e7in kullan\u0131lmas\u0131na kar\u015f\u0131 ikna edici bir arg\u00fcman sunuyor.-John Gray, New York Times Book Review<\/p>\n","protected":false},"excerpt":{"rendered":"<p>\u0130nsanlar\u0131n ya\u015fam ko\u015fullar\u0131n\u0131 iyile\u015ftirme amac\u0131yla yola \u00e7\u0131kan planlama projeleri neden ba\u015far\u0131s\u0131z\u0131 oldu?Anar\u015fist d\u00fc\u015f\u00fcn\u00fcr ;James C. Scott, bu temel sorulardan yola \u00e7\u0131karak devlet merkezli kent ve k\u00f6y<span class=\"excerpt-hellip\"> [\u2026]<\/span><\/p>\n","protected":false},"featured_media":0,"template":"","meta":{"_monsterinsights_skip_tracking":false,"_monsterinsights_sitenote_active":false,"_monsterinsights_sitenote_note":"","_monsterinsights_sitenote_category":0},"product_brand":[],"product_cat":[12767,12324],"product_tag":[],"class_list":{"0":"post-726821","1":"product","2":"type-product","3":"status-publish","5":"product_cat-kentlesme-modernlesme","6":"product_cat-sosyoloji","7":"pa_cilt-ciltsiz","8":"pa_tur-kitap","9":"pa_yayinevi-koc-universitesi-yayinlari","10":"pa_yazar-james-c-scott","12":"first","13":"instock","14":"sale","15":"shipping-taxable","16":"purchasable","17":"product-type-simple"},"_links":{"self":[{"href":"https:\/\/roveyayinevi.com.tr\/index.php\/wp-json\/wp\/v2\/product\/726821","targetHints":{"allow":["GET"]}}],"collection":[{"href":"https:\/\/roveyayinevi.com.tr\/index.php\/wp-json\/wp\/v2\/product"}],"about":[{"href":"https:\/\/roveyayinevi.com.tr\/index.php\/wp-json\/wp\/v2\/types\/product"}],"wp:attachment":[{"href":"https:\/\/roveyayinevi.com.tr\/index.php\/wp-json\/wp\/v2\/media?parent=726821"}],"wp:term":[{"taxonomy":"product_brand","embeddable":true,"href":"https:\/\/roveyayinevi.com.tr\/index.php\/wp-json\/wp\/v2\/product_brand?post=726821"},{"taxonomy":"product_cat","embeddable":true,"href":"https:\/\/roveyayinevi.com.tr\/index.php\/wp-json\/wp\/v2\/product_cat?post=726821"},{"taxonomy":"product_tag","embeddable":true,"href":"https:\/\/roveyayinevi.com.tr\/index.php\/wp-json\/wp\/v2\/product_tag?post=726821"}],"curies":[{"name":"wp","href":"https:\/\/api.w.org\/{rel}","templated":true}]}}