{"id":726819,"date":"2025-08-27T20:12:29","date_gmt":"2025-08-27T17:12:29","guid":{"rendered":"https:\/\/roveyayinevi.com.tr\/index.php\/urun\/efsanevi-trenler\/"},"modified":"2026-02-26T02:46:28","modified_gmt":"2026-02-25T23:46:28","slug":"efsanevi-trenler","status":"publish","type":"product","link":"https:\/\/roveyayinevi.com.tr\/index.php\/urun\/efsanevi-trenler\/","title":{"rendered":"Efsanevi  Trenler"},"content":{"rendered":"<p>\u201c\u00dc\u00e7 tren, \u00fc\u00e7 d\u00f6nem, \u00fc\u00e7 hik\u00e2ye\u2026 Demiryollar\u0131 tarihinin en efsanevi treni \u015eark Ekspresi 13 Eyl\u00fcl 1931\u2019de, Budape\u015fte\u2019den Viyana\u2019ya giderken bombal\u0131 bir sald\u0131r\u0131ya u\u011frar. Fa\u015fist diktan\u0131n y\u00f6netiminde olan Macaristan\u2019\u0131n siyasi polisi bu korkun\u00e7 eylemin sorumlusu olarak kom\u00fcnistleri i\u015faret eder. Peki ger\u00e7ek bu mudur? Kuzey Amerika\u2019daki \u0130\u00e7 Sava\u015f ortal\u0131\u011f\u0131 kas\u0131p kavururken Abraham Lincoln muazzam bir projenin temellerini atar: Union Pacific Demiryolu ile Central Pacific Demiryolunu birle\u015ftiren ve k\u0131tay\u0131 ba\u015ftan sona kateden Transcontinental isminde tek bir demiryolu hatt\u0131. Bat\u0131da var g\u00fc\u00e7leriyle \u00e7al\u0131\u015fan \u00c7inli g\u00f6\u00e7men i\u015f\u00e7iler, do\u011fuda topraklar\u0131n\u0131 kaybetmemek i\u00e7in sava\u015fan K\u0131z\u0131lderililer. B\u00fcy\u00fck emekler ve ac\u0131larla d\u00f6\u015fenen raylar birle\u015fti\u011finde kazanan kim olacak? D\u00fcnya ABD ile SSCB\u2019nin aras\u0131nda neredeyse 40 y\u0131ld\u0131r s\u00fcren So\u011fuk Sava\u015f\u0131n etkisi alt\u0131ndad\u0131r. Kanadal\u0131 \u00e7ift David ve Eva b\u00f6ylesi bir zamanda Trans Sibirya treninde bir seyahat i\u00e7in bilet kazan\u0131r. David bunu evliliklerindeki sorunlar\u0131 \u00e7\u00f6zmek i\u00e7in bir f\u0131rsat olarak g\u00f6r\u00fcrken Eva bu durumdan hi\u00e7 memnun de\u011fildir. Vladivostok\u2019tan Moskova\u2019ya demiryollar\u0131 tarihinin en ak\u0131l almaz hatt\u0131nda yapt\u0131klar\u0131 bu yolculukta So\u011fuk Sava\u015f\u0131n etkilerini ya\u015farken ge\u00e7mi\u015flerinden gelen canavarlar\u0131 alt edebilecekler midir? \u015eark Ekspresinin l\u00fcks vagonlar\u0131ndan Transcontinentalin d\u00f6\u015fenen ilk raylar\u0131na ve Trans Sibiryan\u0131n so\u011fuk iklimine, \u00fc\u00e7 farkl\u0131 zamanda ge\u00e7en birbirinden heyecanl\u0131 \u00fc\u00e7 macera.\u201d<\/p>\n","protected":false},"excerpt":{"rendered":"<p>\u201c\u00dc\u00e7 tren, \u00fc\u00e7 d\u00f6nem, \u00fc\u00e7 hik\u00e2ye\u2026 Demiryollar\u0131 tarihinin en efsanevi treni \u015eark Ekspresi 13 Eyl\u00fcl 1931\u2019de, Budape\u015fte\u2019den Viyana\u2019ya giderken bombal\u0131 bir sald\u0131r\u0131ya u\u011frar. Fa\u015fist diktan\u0131n y\u00f6netiminde<span class=\"excerpt-hellip\"> [\u2026]<\/span><\/p>\n","protected":false},"featured_media":0,"template":"","meta":{"_monsterinsights_skip_tracking":false,"_monsterinsights_sitenote_active":false,"_monsterinsights_sitenote_note":"","_monsterinsights_sitenote_category":0},"product_brand":[],"product_cat":[12416,12291],"product_tag":[],"class_list":{"0":"post-726819","1":"product","2":"type-product","3":"status-publish","5":"product_cat-cizgi-roman","6":"product_cat-edebiyat","7":"pa_cilt-ciltsiz","8":"pa_tur-kitap","9":"pa_yayinevi-alfa-yayinlari","10":"pa_yazar-richard-d-nolane","12":"first","13":"instock","14":"sale","15":"shipping-taxable","16":"purchasable","17":"product-type-simple"},"_links":{"self":[{"href":"https:\/\/roveyayinevi.com.tr\/index.php\/wp-json\/wp\/v2\/product\/726819","targetHints":{"allow":["GET"]}}],"collection":[{"href":"https:\/\/roveyayinevi.com.tr\/index.php\/wp-json\/wp\/v2\/product"}],"about":[{"href":"https:\/\/roveyayinevi.com.tr\/index.php\/wp-json\/wp\/v2\/types\/product"}],"wp:attachment":[{"href":"https:\/\/roveyayinevi.com.tr\/index.php\/wp-json\/wp\/v2\/media?parent=726819"}],"wp:term":[{"taxonomy":"product_brand","embeddable":true,"href":"https:\/\/roveyayinevi.com.tr\/index.php\/wp-json\/wp\/v2\/product_brand?post=726819"},{"taxonomy":"product_cat","embeddable":true,"href":"https:\/\/roveyayinevi.com.tr\/index.php\/wp-json\/wp\/v2\/product_cat?post=726819"},{"taxonomy":"product_tag","embeddable":true,"href":"https:\/\/roveyayinevi.com.tr\/index.php\/wp-json\/wp\/v2\/product_tag?post=726819"}],"curies":[{"name":"wp","href":"https:\/\/api.w.org\/{rel}","templated":true}]}}