{"id":726815,"date":"2025-08-27T20:12:25","date_gmt":"2025-08-27T17:12:25","guid":{"rendered":"https:\/\/roveyayinevi.com.tr\/index.php\/urun\/eve-donus\/"},"modified":"2026-04-16T02:34:45","modified_gmt":"2026-04-15T23:34:45","slug":"eve-donus","status":"publish","type":"product","link":"https:\/\/roveyayinevi.com.tr\/index.php\/urun\/eve-donus\/","title":{"rendered":"Eve D\u00f6n\u00fc\u015f"},"content":{"rendered":"<p>Ailesiyle birlikte bir s\u00fcredir k\u00fc\u00e7\u00fck bir adada ya\u015fayan Ege, deniz k\u0131y\u0131s\u0131nda dola\u015f\u0131p ku\u015flar\u0131, su samurlar\u0131n\u0131, denizaslanlar\u0131n\u0131 ama en \u00e7ok da orkalar\u0131 seyretmeyi \u00e7ok sever. Annesiyle babas\u0131 birka\u00e7 g\u00fcnl\u00fc\u011f\u00fcne \u015fehre gidince adada b\u00fcy\u00fckbabas\u0131yla kalan Ege bir sabah sahilde dola\u015f\u0131rken karaya vurmu\u015f minik bir orka g\u00f6r\u00fcr. Bu Ege\u2019nin Oreo ad\u0131n\u0131 verdi\u011fi yavru orkad\u0131r. Oreo \u00f6nceki g\u00fcnk\u00fc f\u0131rt\u0131nada karaya vurmu\u015f, sular \u00e7ekilince de kayal\u0131klarda s\u0131k\u0131\u015f\u0131p kalm\u0131\u015ft\u0131r. Sular\u0131n tekrar y\u00fckselmesine sekiz saatten fazla bir zaman vard\u0131r ve birileri yard\u0131m etmezse Oreo s\u0131cak g\u00fcne\u015fin alt\u0131nda susuzlu\u011fa uzun s\u00fcre dayanamayacakt\u0131r. Oreo\u2019ya yard\u0131m etmek i\u00e7in kollar\u0131 s\u0131vayan Ege ile b\u00fcy\u00fckbabas\u0131n\u0131n zamana kar\u015f\u0131 yar\u0131\u015f\u0131 ba\u015flam\u0131\u015ft\u0131r.<\/p>\n","protected":false},"excerpt":{"rendered":"<p>Ailesiyle birlikte bir s\u00fcredir k\u00fc\u00e7\u00fck bir adada ya\u015fayan Ege, deniz k\u0131y\u0131s\u0131nda dola\u015f\u0131p ku\u015flar\u0131, su samurlar\u0131n\u0131, denizaslanlar\u0131n\u0131 ama en \u00e7ok da orkalar\u0131 seyretmeyi \u00e7ok sever. Annesiyle babas\u0131<span class=\"excerpt-hellip\"> [\u2026]<\/span><\/p>\n","protected":false},"featured_media":0,"template":"","meta":{"_monsterinsights_skip_tracking":false,"_monsterinsights_sitenote_active":false,"_monsterinsights_sitenote_note":"","_monsterinsights_sitenote_category":0},"product_brand":[],"product_cat":[12274,12284],"product_tag":[],"class_list":{"0":"post-726815","1":"product","2":"type-product","3":"status-publish","5":"product_cat-cocuk-ve-genclik-kitaplari","6":"product_cat-hikayeler","7":"pa_cilt-ciltsiz","8":"pa_tur-kitap","9":"pa_yayinevi-beyaz-balina-yayinlari","10":"pa_yazar-eric-walters","12":"first","13":"instock","14":"sale","15":"shipping-taxable","16":"purchasable","17":"product-type-simple"},"_links":{"self":[{"href":"https:\/\/roveyayinevi.com.tr\/index.php\/wp-json\/wp\/v2\/product\/726815","targetHints":{"allow":["GET"]}}],"collection":[{"href":"https:\/\/roveyayinevi.com.tr\/index.php\/wp-json\/wp\/v2\/product"}],"about":[{"href":"https:\/\/roveyayinevi.com.tr\/index.php\/wp-json\/wp\/v2\/types\/product"}],"wp:attachment":[{"href":"https:\/\/roveyayinevi.com.tr\/index.php\/wp-json\/wp\/v2\/media?parent=726815"}],"wp:term":[{"taxonomy":"product_brand","embeddable":true,"href":"https:\/\/roveyayinevi.com.tr\/index.php\/wp-json\/wp\/v2\/product_brand?post=726815"},{"taxonomy":"product_cat","embeddable":true,"href":"https:\/\/roveyayinevi.com.tr\/index.php\/wp-json\/wp\/v2\/product_cat?post=726815"},{"taxonomy":"product_tag","embeddable":true,"href":"https:\/\/roveyayinevi.com.tr\/index.php\/wp-json\/wp\/v2\/product_tag?post=726815"}],"curies":[{"name":"wp","href":"https:\/\/api.w.org\/{rel}","templated":true}]}}