{"id":726814,"date":"2025-08-27T20:12:24","date_gmt":"2025-08-27T17:12:24","guid":{"rendered":"https:\/\/roveyayinevi.com.tr\/index.php\/urun\/proust-ve-annesi\/"},"modified":"2026-04-16T02:34:45","modified_gmt":"2026-04-15T23:34:45","slug":"proust-ve-annesi","status":"publish","type":"product","link":"https:\/\/roveyayinevi.com.tr\/index.php\/urun\/proust-ve-annesi\/","title":{"rendered":"Proust ve Annesi"},"content":{"rendered":"<p>Proust\u2019un sonsuz bir d\u00f6ng\u00fc olan roman\u0131n\u0131n \u00f6z\u00fcnde ne vard\u0131? Ge\u00e7mi\u015fi aray\u0131\u015f m\u0131? Ger\u00e7e\u011fi aray\u0131\u015f m\u0131? Yoksa bu ikisinin de kurucusu olan Anne\u2019yi aray\u0131\u015f m\u0131? Michel Schneider\u2019e g\u00f6re, Proust b\u00fcy\u00fck yap\u0131t\u0131n\u0131 ancak annesinin \u00f6l\u00fcm\u00fcnden sonra yazabilmi\u015fti, hem Anne\u2019ye ula\u015fmak hem de Anne\u2019yi a\u015fmak i\u00e7in.\u201cProust\u2019un yazar olu\u015fu, Anne\u2019nin \u00f6p\u00fcc\u00fc\u011f\u00fcn\u00fcn, o \u00f6l\u00fcm siperinin, sevgi putunun \u00e7evresinde geli\u015fir. Annesinden gelecek olan ve annesinin i\u00e7inde bulunan, o olmazsa olmaz \u015feyin.\u201dKay\u0131p Zaman\u0131n \u0130zinde en nihayetinde Anne\u2019ye asla s\u00f6ylenemeyeceklerin, onun yoklu\u011funda, ona y\u00f6nelerek dile gelmesidir; \u00e7\u00fcnk\u00fc edebiyat her \u015feyden \u00f6nce Proust\u2019la Anne aras\u0131ndaki derin ve kopmaz ba\u011fd\u0131r.Proust i\u00e7in yazmak, Anne\u2019yi capcanl\u0131 ve s\u0131cac\u0131k bi\u00e7imde yan\u0131nda tutma, ona eskiden s\u00f6yledi\u011fi s\u00f6zleri yeniden s\u00f6yleme giri\u015fimi olacakt\u0131r: Yaz\u0131da egemenlik alt\u0131na al\u0131nan varl\u0131k, o eksikli\u011fin yerini alan, geri d\u00f6nen \u2013asl\u0131nda, an\u0131msanan\u2013 \u00f6p\u00fcc\u00fck. Ard\u0131ndan, t\u00fcm Kay\u0131p Zaman\u0131n \u0130zinde, o kay\u0131p \u00f6p\u00fcc\u00fc\u011f\u00fc, Anne\u2019den ayr\u0131lmay\u0131, adeta \u00f6l\u00fc bir \u00e7ocu\u011fun ayaklar\u0131na benzeyen so\u011fuk ayaklar\u0131n\u0131 Anne gelip \u0131s\u0131tana dek o\u011fulun ya\u015fad\u0131\u011f\u0131 bitmek t\u00fckenmek bilmeyen bekleyi\u015fi i\u00e7erir.<\/p>\n","protected":false},"excerpt":{"rendered":"<p>Proust\u2019un sonsuz bir d\u00f6ng\u00fc olan roman\u0131n\u0131n \u00f6z\u00fcnde ne vard\u0131? Ge\u00e7mi\u015fi aray\u0131\u015f m\u0131? Ger\u00e7e\u011fi aray\u0131\u015f m\u0131? Yoksa bu ikisinin de kurucusu olan Anne\u2019yi aray\u0131\u015f m\u0131? Michel Schneider\u2019e<span class=\"excerpt-hellip\"> [\u2026]<\/span><\/p>\n","protected":false},"featured_media":0,"template":"","meta":{"_monsterinsights_skip_tracking":false,"_monsterinsights_sitenote_active":false,"_monsterinsights_sitenote_note":"","_monsterinsights_sitenote_category":0},"product_brand":[],"product_cat":[13072,12291],"product_tag":[],"class_list":{"0":"post-726814","1":"product","2":"type-product","3":"status-publish","5":"product_cat-arastirma-inceleme-referans","6":"product_cat-edebiyat","7":"pa_cilt-ciltsiz","8":"pa_tur-kitap","9":"pa_yayinevi-everest-yayinlari","10":"pa_yazar-michel-schneider","12":"first","13":"instock","14":"sale","15":"shipping-taxable","16":"purchasable","17":"product-type-simple"},"_links":{"self":[{"href":"https:\/\/roveyayinevi.com.tr\/index.php\/wp-json\/wp\/v2\/product\/726814","targetHints":{"allow":["GET"]}}],"collection":[{"href":"https:\/\/roveyayinevi.com.tr\/index.php\/wp-json\/wp\/v2\/product"}],"about":[{"href":"https:\/\/roveyayinevi.com.tr\/index.php\/wp-json\/wp\/v2\/types\/product"}],"wp:attachment":[{"href":"https:\/\/roveyayinevi.com.tr\/index.php\/wp-json\/wp\/v2\/media?parent=726814"}],"wp:term":[{"taxonomy":"product_brand","embeddable":true,"href":"https:\/\/roveyayinevi.com.tr\/index.php\/wp-json\/wp\/v2\/product_brand?post=726814"},{"taxonomy":"product_cat","embeddable":true,"href":"https:\/\/roveyayinevi.com.tr\/index.php\/wp-json\/wp\/v2\/product_cat?post=726814"},{"taxonomy":"product_tag","embeddable":true,"href":"https:\/\/roveyayinevi.com.tr\/index.php\/wp-json\/wp\/v2\/product_tag?post=726814"}],"curies":[{"name":"wp","href":"https:\/\/api.w.org\/{rel}","templated":true}]}}