{"id":726812,"date":"2025-08-27T20:12:23","date_gmt":"2025-08-27T17:12:23","guid":{"rendered":"https:\/\/roveyayinevi.com.tr\/index.php\/urun\/darwinin-katedrali\/"},"modified":"2026-04-16T02:34:45","modified_gmt":"2026-04-15T23:34:45","slug":"darwinin-katedrali","status":"publish","type":"product","link":"https:\/\/roveyayinevi.com.tr\/index.php\/urun\/darwinin-katedrali\/","title":{"rendered":"Darwin&#8217;in Katedrali"},"content":{"rendered":"<p>David Sloan Wilson bu \u00e7al\u0131\u015fmas\u0131nda hem evrimsel biyolojiyi hem de sosyal teoriyi temellerinden sarsacak evrimsel bir din teorisi \u00f6nererek radikal bir ad\u0131m at\u0131yor. Bu ad\u0131m\u0131 atarken toplumu bir organizma olarak ele al\u0131yor ve \u015fu soruyu soruyor : ahlak\u0131 ve dini, insan topluluklar\u0131n\u0131n tek bir birim olarak i\u015flev g\u00f6rmesini sa\u011flayan biyolojik ve k\u00fclt\u00fcrel olarak evrimle\u015fmi\u015f adaptasyonlar olarak d\u00fc\u015f\u00fcnebilir miyiz ? Wilson, hem biyolojiden hem de sosyal bilimlerden bu soruyu olumlayan \u00e7e\u015fitli kan\u0131tlar sunuyor. Tarihin \u00e7e\u015fitli zamanlar\u0131ndan \u00f6rneklerle, dinlerin, insanlar\u0131n tek ba\u015flar\u0131na yapamayacaklar\u0131n\u0131 toplu eylemler arac\u0131l\u0131\u011f\u0131yla yapabilmelerini sa\u011flamada yard\u0131mc\u0131 oldu\u011funu g\u00f6steriyor. Darwin\u2019in Katedrali, evrim, din ve toplum aras\u0131ndaki ili\u015fkileri g\u00f6rme bi\u00e7iminizi sonsuza kadar de\u011fi\u015ftirecek. <\/p>\n","protected":false},"excerpt":{"rendered":"<p>David Sloan Wilson bu \u00e7al\u0131\u015fmas\u0131nda hem evrimsel biyolojiyi hem de sosyal teoriyi temellerinden sarsacak evrimsel bir din teorisi \u00f6nererek radikal bir ad\u0131m at\u0131yor. Bu ad\u0131m\u0131 atarken<span class=\"excerpt-hellip\"> [\u2026]<\/span><\/p>\n","protected":false},"featured_media":0,"template":"","meta":{"_monsterinsights_skip_tracking":false,"_monsterinsights_sitenote_active":false,"_monsterinsights_sitenote_note":"","_monsterinsights_sitenote_category":0},"product_brand":[],"product_cat":[13005,37328],"product_tag":[],"class_list":{"0":"post-726812","1":"product","2":"type-product","3":"status-publish","5":"product_cat-bilim-muhendislik","6":"product_cat-diger-bilim-muhendislik","7":"pa_cilt-ciltsiz","8":"pa_tur-kitap","9":"pa_yayinevi-heretik-yayincilik","10":"pa_yazar-david-sloan-wilson","12":"first","13":"instock","14":"sale","15":"shipping-taxable","16":"purchasable","17":"product-type-simple"},"_links":{"self":[{"href":"https:\/\/roveyayinevi.com.tr\/index.php\/wp-json\/wp\/v2\/product\/726812","targetHints":{"allow":["GET"]}}],"collection":[{"href":"https:\/\/roveyayinevi.com.tr\/index.php\/wp-json\/wp\/v2\/product"}],"about":[{"href":"https:\/\/roveyayinevi.com.tr\/index.php\/wp-json\/wp\/v2\/types\/product"}],"wp:attachment":[{"href":"https:\/\/roveyayinevi.com.tr\/index.php\/wp-json\/wp\/v2\/media?parent=726812"}],"wp:term":[{"taxonomy":"product_brand","embeddable":true,"href":"https:\/\/roveyayinevi.com.tr\/index.php\/wp-json\/wp\/v2\/product_brand?post=726812"},{"taxonomy":"product_cat","embeddable":true,"href":"https:\/\/roveyayinevi.com.tr\/index.php\/wp-json\/wp\/v2\/product_cat?post=726812"},{"taxonomy":"product_tag","embeddable":true,"href":"https:\/\/roveyayinevi.com.tr\/index.php\/wp-json\/wp\/v2\/product_tag?post=726812"}],"curies":[{"name":"wp","href":"https:\/\/api.w.org\/{rel}","templated":true}]}}