{"id":726811,"date":"2025-08-27T20:12:22","date_gmt":"2025-08-27T17:12:22","guid":{"rendered":"https:\/\/roveyayinevi.com.tr\/index.php\/urun\/hormon-bozucular\/"},"modified":"2026-04-16T02:34:45","modified_gmt":"2026-04-15T23:34:45","slug":"hormon-bozucular","status":"publish","type":"product","link":"https:\/\/roveyayinevi.com.tr\/index.php\/urun\/hormon-bozucular\/","title":{"rendered":"Hormon Bozucular"},"content":{"rendered":"<p>\u015e\u00fcphelilerin Tek Tek De\u015fifresi, Bizi Nas\u0131l Hasta Ettikleri ve Korunma Yollar\u0131 Art\u0131k her \u015feyin bir kolay\u0131 var. Art\u0131k turfanda diye bir \u015fey kalmad\u0131, her mevsim her \u015feyi yiyebiliyoruz. Art\u0131k tarladan, ba\u011fdan bah\u00e7eden en y\u00fcksek verimi al\u0131yoruz. Art\u0131k \u00e7ocuklar\u0131m\u0131z\u0131n harika mamalar\u0131, oyuncaklar\u0131, giysileri var. Art\u0131k end\u00fcstri \u00f6yle bir hale geldi ki, daha biz ihtiya\u00e7 duydu\u011fumuzun fark\u0131na varmadan, ihtiya\u00e7 duyaca\u011f\u0131m\u0131z \u015fey ma\u011fazada \u00f6n\u00fcm\u00fcze geliveriyor. Ama madalyonun \u00f6b\u00fcr y\u00fcz\u00fc de var! Otizm art\u0131yor, k\u0131z \u00e7ocuklar\u0131 erken cinsel geli\u015fim g\u00f6steriyor, baz\u0131 \u00e7ocuklar\u0131n boylar\u0131 aile ortalamas\u0131n\u0131n alt\u0131nda kal\u0131yor, obezite, diyabet art\u0131yor, baz\u0131 kanser t\u00fcrlerine daha s\u0131k rastlan\u0131yor, erkek sperm say\u0131s\u0131ndaki azalma art\u0131k bilimsel makalelere konu oluyor. \u00c7\u00fcnk\u00fc kulland\u0131\u011f\u0131m\u0131z, giydi\u011fimiz, yedi\u011fimiz, i\u00e7ti\u011fimiz \u015feylerin \u00e7o\u011funda \u00e7e\u015fitli kimyasallar var ve bunlar hormonlar\u0131m\u0131z\u0131n sal\u0131n\u0131mlar\u0131n\u0131 bozuyor, bazen hormonlara benzer etki g\u00f6steriyor, bazen de kendi hormonlar\u0131m\u0131z\u0131n etkilerini azalt\u0131yor ya da art\u0131r\u0131yorlar. \u201cHormon bozucular\u201d d\u0131\u015far\u0131dan g\u0131da, solunum veya cilt yolu ile v\u00fccudumuza girerek zararl\u0131 etkilerini g\u00f6steren ve \u00e7o\u011funlukla end\u00fcstride kullan\u0131lan kimyasallard\u0131r. Evet i\u015fimiz kolay de\u011fil, ancak ger\u00e7e\u011fi bilip hayat\u0131m\u0131z\u0131 ona g\u00f6re d\u00fczenledi\u011fimizde sonu\u00e7 almam\u0131z m\u00fcmk\u00fcn. Bu kitap, okurun kendi hormonlar\u0131n\u0131 ve d\u0131\u015fardan al\u0131nan hormon bozucular\u0131 tan\u0131mas\u0131, kendisinin ve \u00e7ocuklar\u0131n\u0131n hayat\u0131n\u0131 bu maddelerden korumas\u0131 amac\u0131yla kaleme al\u0131nm\u0131\u015ft\u0131r<\/p>\n","protected":false},"excerpt":{"rendered":"<p>\u015e\u00fcphelilerin Tek Tek De\u015fifresi, Bizi Nas\u0131l Hasta Ettikleri ve Korunma Yollar\u0131 Art\u0131k her \u015feyin bir kolay\u0131 var. Art\u0131k turfanda diye bir \u015fey kalmad\u0131, her mevsim her<span class=\"excerpt-hellip\"> [\u2026]<\/span><\/p>\n","protected":false},"featured_media":0,"template":"","meta":{"_monsterinsights_skip_tracking":false,"_monsterinsights_sitenote_active":false,"_monsterinsights_sitenote_note":"","_monsterinsights_sitenote_category":0},"product_brand":[],"product_cat":[13402,13365],"product_tag":[],"class_list":{"0":"post-726811","1":"product","2":"type-product","3":"status-publish","5":"product_cat-beslenme-ve-diyet","6":"product_cat-saglik","7":"pa_cilt-ciltsiz","8":"pa_tur-kitap","9":"pa_yayinevi-hayykitap","10":"pa_yazar-atilla-buyukgebiz","12":"first","13":"instock","14":"sale","15":"shipping-taxable","16":"purchasable","17":"product-type-simple"},"_links":{"self":[{"href":"https:\/\/roveyayinevi.com.tr\/index.php\/wp-json\/wp\/v2\/product\/726811","targetHints":{"allow":["GET"]}}],"collection":[{"href":"https:\/\/roveyayinevi.com.tr\/index.php\/wp-json\/wp\/v2\/product"}],"about":[{"href":"https:\/\/roveyayinevi.com.tr\/index.php\/wp-json\/wp\/v2\/types\/product"}],"wp:attachment":[{"href":"https:\/\/roveyayinevi.com.tr\/index.php\/wp-json\/wp\/v2\/media?parent=726811"}],"wp:term":[{"taxonomy":"product_brand","embeddable":true,"href":"https:\/\/roveyayinevi.com.tr\/index.php\/wp-json\/wp\/v2\/product_brand?post=726811"},{"taxonomy":"product_cat","embeddable":true,"href":"https:\/\/roveyayinevi.com.tr\/index.php\/wp-json\/wp\/v2\/product_cat?post=726811"},{"taxonomy":"product_tag","embeddable":true,"href":"https:\/\/roveyayinevi.com.tr\/index.php\/wp-json\/wp\/v2\/product_tag?post=726811"}],"curies":[{"name":"wp","href":"https:\/\/api.w.org\/{rel}","templated":true}]}}