{"id":726809,"date":"2025-08-27T20:12:20","date_gmt":"2025-08-27T17:12:20","guid":{"rendered":"https:\/\/roveyayinevi.com.tr\/index.php\/urun\/kesit\/"},"modified":"2026-04-16T02:34:45","modified_gmt":"2026-04-15T23:34:45","slug":"kesit","status":"publish","type":"product","link":"https:\/\/roveyayinevi.com.tr\/index.php\/urun\/kesit\/","title":{"rendered":"Kesit"},"content":{"rendered":"<p>Hik\u00e2ye, roman, senaryo yazarlar\u0131 ya\u015fad\u0131klar\u0131 d\u00f6nemin toplumsal yap\u0131s\u0131n\u0131 g\u00f6zlemleyerek izlenimlerini edeb\u00ee bir form i\u00e7inde kurgulay\u0131p anlat\u0131rlar. Okuyucu; bu hik\u00e2yeleri, toplumun aksayan yan\u0131n\u0131, ac\u0131lara sebep olan yanl\u0131\u015flar\u0131n\u0131 g\u00f6r\u00fcnce irkilir. B\u00f6yle \u015fey mi olur? Evet, ho\u015fumuza gitmese de i\u00e7inde ya\u015fad\u0131\u011f\u0131m\u0131z toplumda damar damar, katman katman, yer yer b\u00f6ylesi sakat yap\u0131lar var. Mine Bay bu sorunlar\u0131 \u00e7arp\u0131c\u0131 bir \u00fcslup ile dile getirmeye devam ediyor. Bir \u00f6nceki roman\u0131nda E\u015fikte duran bir sorunu anlatm\u0131\u015ft\u0131; bu kez de toplumda kar\u015f\u0131la\u015f\u0131lan ba\u015fka problemli Kesit\u2019leri okuyucuya sunmaktad\u0131r.  Bu roman\u0131 okuyunca, senarist merhume Ay\u015fe \u015easa\u2019n\u0131n, Derg\u00e2h\u2019ta yay\u0131mlanan bir hat\u0131ram m\u00fcnasebetiyle bana yazd\u0131\u011f\u0131, &#8220;Hasan Bey, \u00e2lem i\u00e7inde \u00e2lem varm\u0131\u015f\u201d s\u00f6z\u00fcn\u00fc hat\u0131rlad\u0131m. Evet, Mine Bay\u2019\u0131n bu roman\u0131n\u0131 okuyunca siz de \u00e7ok etkilenecek ve &#8220;\u00e2lem i\u00e7inde \u00e2lem varm\u0131\u015f!\u201d diyeceksiniz. <\/p>\n","protected":false},"excerpt":{"rendered":"<p>Hik\u00e2ye, roman, senaryo yazarlar\u0131 ya\u015fad\u0131klar\u0131 d\u00f6nemin toplumsal yap\u0131s\u0131n\u0131 g\u00f6zlemleyerek izlenimlerini edeb\u00ee bir form i\u00e7inde kurgulay\u0131p anlat\u0131rlar. Okuyucu; bu hik\u00e2yeleri, toplumun aksayan yan\u0131n\u0131, ac\u0131lara sebep olan yanl\u0131\u015flar\u0131n\u0131<span class=\"excerpt-hellip\"> [\u2026]<\/span><\/p>\n","protected":false},"featured_media":0,"template":"","meta":{"_monsterinsights_skip_tracking":false,"_monsterinsights_sitenote_active":false,"_monsterinsights_sitenote_note":"","_monsterinsights_sitenote_category":0},"product_brand":[],"product_cat":[12291,12711],"product_tag":[],"class_list":{"0":"post-726809","1":"product","2":"type-product","3":"status-publish","5":"product_cat-edebiyat","6":"product_cat-roman-oyku","7":"pa_cilt-ciltsiz","8":"pa_tur-kitap","9":"pa_yayinevi-soncag","10":"pa_yazar-mine-bay","12":"first","13":"instock","14":"sale","15":"shipping-taxable","16":"purchasable","17":"product-type-simple"},"_links":{"self":[{"href":"https:\/\/roveyayinevi.com.tr\/index.php\/wp-json\/wp\/v2\/product\/726809","targetHints":{"allow":["GET"]}}],"collection":[{"href":"https:\/\/roveyayinevi.com.tr\/index.php\/wp-json\/wp\/v2\/product"}],"about":[{"href":"https:\/\/roveyayinevi.com.tr\/index.php\/wp-json\/wp\/v2\/types\/product"}],"wp:attachment":[{"href":"https:\/\/roveyayinevi.com.tr\/index.php\/wp-json\/wp\/v2\/media?parent=726809"}],"wp:term":[{"taxonomy":"product_brand","embeddable":true,"href":"https:\/\/roveyayinevi.com.tr\/index.php\/wp-json\/wp\/v2\/product_brand?post=726809"},{"taxonomy":"product_cat","embeddable":true,"href":"https:\/\/roveyayinevi.com.tr\/index.php\/wp-json\/wp\/v2\/product_cat?post=726809"},{"taxonomy":"product_tag","embeddable":true,"href":"https:\/\/roveyayinevi.com.tr\/index.php\/wp-json\/wp\/v2\/product_tag?post=726809"}],"curies":[{"name":"wp","href":"https:\/\/api.w.org\/{rel}","templated":true}]}}