{"id":726807,"date":"2025-08-27T20:12:18","date_gmt":"2025-08-27T17:12:18","guid":{"rendered":"https:\/\/roveyayinevi.com.tr\/index.php\/urun\/ates-kusu-3-dunyanin-sonu\/"},"modified":"2026-04-16T02:34:45","modified_gmt":"2026-04-15T23:34:45","slug":"ates-kusu-3-dunyanin-sonu","status":"publish","type":"product","link":"https:\/\/roveyayinevi.com.tr\/index.php\/urun\/ates-kusu-3-dunyanin-sonu\/","title":{"rendered":"Ate\u015f Ku\u015fu 3 &#8211; D\u00fcnyan\u0131n Sonu"},"content":{"rendered":"<p>Ku\u015flar\u0131n \u00fclkesi Aves Terris\u2019in ho\u015fg\u00f6r\u00fc ve d\u00fczen i\u00e7inde s\u00fcregelen y\u00f6netimi, bir a\u015fk hik\u00e2yesiyle ba\u015flayan olaylar silsilesiyle kar\u0131\u015f\u0131yor. Ge\u00e7mi\u015ften gelen hesapla\u015fmalar da g\u00fcn y\u00fcz\u00fcne \u00e7\u0131k\u0131nca, geri d\u00f6n\u00fclemez ad\u0131mlar at\u0131lmaya ba\u015flan\u0131yor. Okuyucuya da bu s\u00fcr\u00fckleyici maceray\u0131, yazar\u0131n m\u00fcthi\u015f hayal g\u00fcc\u00fcyle ya\u015famak d\u00fc\u015f\u00fcyor. <\/p>\n","protected":false},"excerpt":{"rendered":"<p>Ku\u015flar\u0131n \u00fclkesi Aves Terris\u2019in ho\u015fg\u00f6r\u00fc ve d\u00fczen i\u00e7inde s\u00fcregelen y\u00f6netimi, bir a\u015fk hik\u00e2yesiyle ba\u015flayan olaylar silsilesiyle kar\u0131\u015f\u0131yor. Ge\u00e7mi\u015ften gelen hesapla\u015fmalar da g\u00fcn y\u00fcz\u00fcne \u00e7\u0131k\u0131nca, geri d\u00f6n\u00fclemez<span class=\"excerpt-hellip\"> [\u2026]<\/span><\/p>\n","protected":false},"featured_media":0,"template":"","meta":{"_monsterinsights_skip_tracking":false,"_monsterinsights_sitenote_active":false,"_monsterinsights_sitenote_note":"","_monsterinsights_sitenote_category":0},"product_brand":[],"product_cat":[12291,14777],"product_tag":[],"class_list":{"0":"post-726807","1":"product","2":"type-product","3":"status-publish","5":"product_cat-edebiyat","6":"product_cat-fantastik","7":"pa_cilt-ciltsiz","8":"pa_tur-kitap","9":"pa_yayinevi-luna-yayinlari","10":"pa_yazar-elif-nur-yildirim","12":"first","13":"instock","14":"sale","15":"shipping-taxable","16":"purchasable","17":"product-type-simple"},"_links":{"self":[{"href":"https:\/\/roveyayinevi.com.tr\/index.php\/wp-json\/wp\/v2\/product\/726807","targetHints":{"allow":["GET"]}}],"collection":[{"href":"https:\/\/roveyayinevi.com.tr\/index.php\/wp-json\/wp\/v2\/product"}],"about":[{"href":"https:\/\/roveyayinevi.com.tr\/index.php\/wp-json\/wp\/v2\/types\/product"}],"wp:attachment":[{"href":"https:\/\/roveyayinevi.com.tr\/index.php\/wp-json\/wp\/v2\/media?parent=726807"}],"wp:term":[{"taxonomy":"product_brand","embeddable":true,"href":"https:\/\/roveyayinevi.com.tr\/index.php\/wp-json\/wp\/v2\/product_brand?post=726807"},{"taxonomy":"product_cat","embeddable":true,"href":"https:\/\/roveyayinevi.com.tr\/index.php\/wp-json\/wp\/v2\/product_cat?post=726807"},{"taxonomy":"product_tag","embeddable":true,"href":"https:\/\/roveyayinevi.com.tr\/index.php\/wp-json\/wp\/v2\/product_tag?post=726807"}],"curies":[{"name":"wp","href":"https:\/\/api.w.org\/{rel}","templated":true}]}}