{"id":726806,"date":"2025-08-27T20:12:17","date_gmt":"2025-08-27T17:12:17","guid":{"rendered":"https:\/\/roveyayinevi.com.tr\/index.php\/urun\/ates-kusu-4-baslangic\/"},"modified":"2026-04-16T02:34:45","modified_gmt":"2026-04-15T23:34:45","slug":"ates-kusu-4-baslangic","status":"publish","type":"product","link":"https:\/\/roveyayinevi.com.tr\/index.php\/urun\/ates-kusu-4-baslangic\/","title":{"rendered":"Ate\u015f Ku\u015fu 4 &#8211; Ba\u015flang\u0131\u00e7"},"content":{"rendered":"<p>Tarih tekerr\u00fcrden ibaret mi? Stagnum \u0130nferno nas\u0131l kuruldu? Alt\u0131n anahtar nas\u0131l ele ge\u00e7irildi? Serinin d\u00f6rd\u00fcnc\u00fc kitab\u0131 ,Ba\u015flang\u0131\u00e7\u2019\u0131n son sayfas\u0131na geldi\u011finizde art\u0131k, ilk \u00fc\u00e7 kitapta anlat\u0131lan bu fantastik d\u00fcnya hakk\u0131nda her \u015feyi \u00f6\u011frenmi\u015f olacaks\u0131n\u0131z. <\/p>\n","protected":false},"excerpt":{"rendered":"<p>Tarih tekerr\u00fcrden ibaret mi? Stagnum \u0130nferno nas\u0131l kuruldu? Alt\u0131n anahtar nas\u0131l ele ge\u00e7irildi? Serinin d\u00f6rd\u00fcnc\u00fc kitab\u0131 ,Ba\u015flang\u0131\u00e7\u2019\u0131n son sayfas\u0131na geldi\u011finizde art\u0131k, ilk \u00fc\u00e7 kitapta anlat\u0131lan bu<span class=\"excerpt-hellip\"> [\u2026]<\/span><\/p>\n","protected":false},"featured_media":0,"template":"","meta":{"_monsterinsights_skip_tracking":false,"_monsterinsights_sitenote_active":false,"_monsterinsights_sitenote_note":"","_monsterinsights_sitenote_category":0},"product_brand":[],"product_cat":[12291,14777],"product_tag":[],"class_list":{"0":"post-726806","1":"product","2":"type-product","3":"status-publish","5":"product_cat-edebiyat","6":"product_cat-fantastik","7":"pa_cilt-ciltsiz","8":"pa_tur-kitap","9":"pa_yayinevi-luna-yayinlari","10":"pa_yazar-elif-nur-yildirim","12":"first","13":"instock","14":"sale","15":"shipping-taxable","16":"purchasable","17":"product-type-simple"},"_links":{"self":[{"href":"https:\/\/roveyayinevi.com.tr\/index.php\/wp-json\/wp\/v2\/product\/726806","targetHints":{"allow":["GET"]}}],"collection":[{"href":"https:\/\/roveyayinevi.com.tr\/index.php\/wp-json\/wp\/v2\/product"}],"about":[{"href":"https:\/\/roveyayinevi.com.tr\/index.php\/wp-json\/wp\/v2\/types\/product"}],"wp:attachment":[{"href":"https:\/\/roveyayinevi.com.tr\/index.php\/wp-json\/wp\/v2\/media?parent=726806"}],"wp:term":[{"taxonomy":"product_brand","embeddable":true,"href":"https:\/\/roveyayinevi.com.tr\/index.php\/wp-json\/wp\/v2\/product_brand?post=726806"},{"taxonomy":"product_cat","embeddable":true,"href":"https:\/\/roveyayinevi.com.tr\/index.php\/wp-json\/wp\/v2\/product_cat?post=726806"},{"taxonomy":"product_tag","embeddable":true,"href":"https:\/\/roveyayinevi.com.tr\/index.php\/wp-json\/wp\/v2\/product_tag?post=726806"}],"curies":[{"name":"wp","href":"https:\/\/api.w.org\/{rel}","templated":true}]}}