{"id":726805,"date":"2025-08-27T20:12:15","date_gmt":"2025-08-27T17:12:15","guid":{"rendered":"https:\/\/roveyayinevi.com.tr\/index.php\/urun\/ates-kusu-1-altin-anahtar\/"},"modified":"2026-04-16T02:34:45","modified_gmt":"2026-04-15T23:34:45","slug":"ates-kusu-1-altin-anahtar","status":"publish","type":"product","link":"https:\/\/roveyayinevi.com.tr\/index.php\/urun\/ates-kusu-1-altin-anahtar\/","title":{"rendered":"Ate\u015f Ku\u015fu 1 &#8211; Alt\u0131n Anahtar"},"content":{"rendered":"<p>Ku\u015flar\u0131n \u00fclkesi Aves Terris\u2019in ho\u015fg\u00f6r\u00fc ve d\u00fczen i\u00e7inde s\u00fcregelen y\u00f6netimi, bir a\u015fk hik\u00e2yesiyle ba\u015flayan olaylar silsilesiyle kar\u0131\u015f\u0131yor. Ge\u00e7mi\u015ften gelen hesapla\u015fmalar da g\u00fcn y\u00fcz\u00fcne \u00e7\u0131k\u0131nca, geri d\u00f6n\u00fclemez ad\u0131mlar at\u0131lmaya ba\u015flan\u0131yor. Okuyucuya da bu s\u00fcr\u00fckleyici maceray\u0131, yazar\u0131n m\u00fcthi\u015f hayal g\u00fcc\u00fcyle ya\u015famak d\u00fc\u015f\u00fcyor. Ate\u015f Ku\u015fu serisinin ilk kitab\u0131 Alt\u0131n Anahtar ile b\u00fcy\u00fcl\u00fc bir d\u00fcnyan\u0131n kap\u0131s\u0131n\u0131 aralayacak, her sayfas\u0131nda s\u00fcr\u00fckleyicili\u011fini devam ettirebilen bir kitab\u0131 okuman\u0131n hazz\u0131na varacaks\u0131n\u0131z. <\/p>\n","protected":false},"excerpt":{"rendered":"<p>Ku\u015flar\u0131n \u00fclkesi Aves Terris\u2019in ho\u015fg\u00f6r\u00fc ve d\u00fczen i\u00e7inde s\u00fcregelen y\u00f6netimi, bir a\u015fk hik\u00e2yesiyle ba\u015flayan olaylar silsilesiyle kar\u0131\u015f\u0131yor. Ge\u00e7mi\u015ften gelen hesapla\u015fmalar da g\u00fcn y\u00fcz\u00fcne \u00e7\u0131k\u0131nca, geri d\u00f6n\u00fclemez<span class=\"excerpt-hellip\"> [\u2026]<\/span><\/p>\n","protected":false},"featured_media":0,"template":"","meta":{"_monsterinsights_skip_tracking":false,"_monsterinsights_sitenote_active":false,"_monsterinsights_sitenote_note":"","_monsterinsights_sitenote_category":0},"product_brand":[],"product_cat":[12291,14777],"product_tag":[],"class_list":{"0":"post-726805","1":"product","2":"type-product","3":"status-publish","5":"product_cat-edebiyat","6":"product_cat-fantastik","7":"pa_cilt-ciltsiz","8":"pa_tur-kitap","9":"pa_yayinevi-luna-yayinlari","10":"pa_yazar-elif-nur-yildirim","12":"first","13":"instock","14":"sale","15":"shipping-taxable","16":"purchasable","17":"product-type-simple"},"_links":{"self":[{"href":"https:\/\/roveyayinevi.com.tr\/index.php\/wp-json\/wp\/v2\/product\/726805","targetHints":{"allow":["GET"]}}],"collection":[{"href":"https:\/\/roveyayinevi.com.tr\/index.php\/wp-json\/wp\/v2\/product"}],"about":[{"href":"https:\/\/roveyayinevi.com.tr\/index.php\/wp-json\/wp\/v2\/types\/product"}],"wp:attachment":[{"href":"https:\/\/roveyayinevi.com.tr\/index.php\/wp-json\/wp\/v2\/media?parent=726805"}],"wp:term":[{"taxonomy":"product_brand","embeddable":true,"href":"https:\/\/roveyayinevi.com.tr\/index.php\/wp-json\/wp\/v2\/product_brand?post=726805"},{"taxonomy":"product_cat","embeddable":true,"href":"https:\/\/roveyayinevi.com.tr\/index.php\/wp-json\/wp\/v2\/product_cat?post=726805"},{"taxonomy":"product_tag","embeddable":true,"href":"https:\/\/roveyayinevi.com.tr\/index.php\/wp-json\/wp\/v2\/product_tag?post=726805"}],"curies":[{"name":"wp","href":"https:\/\/api.w.org\/{rel}","templated":true}]}}