{"id":726803,"date":"2025-08-27T20:12:13","date_gmt":"2025-08-27T17:12:13","guid":{"rendered":"https:\/\/roveyayinevi.com.tr\/index.php\/urun\/tarlakusu-mahallesi\/"},"modified":"2026-03-28T02:39:40","modified_gmt":"2026-03-27T23:39:40","slug":"tarlakusu-mahallesi","status":"publish","type":"product","link":"https:\/\/roveyayinevi.com.tr\/index.php\/urun\/tarlakusu-mahallesi\/","title":{"rendered":"Tarlaku\u015fu Mahallesi"},"content":{"rendered":"<p>\u201cRenkli bir akvaryum gibidir bizim mahalle. Bal\u0131klar, su olmadan ya\u015fayabilir mi hi\u00e7? Buralar\u0131 y\u0131karlarsa nerede ya\u015fayaca\u011f\u0131z biz? Nerede nefes alaca\u011f\u0131z?\u201d2019 Muzaffer \u0130zg\u00fc \u00c7ocuk \u00d6yk\u00fcleri Yar\u0131\u015fmas\u0131\u2019nda birincilik \u00f6d\u00fcl\u00fc kazanan Tarlaku\u015fu Mahallesi\u2019ndeki \u00f6yk\u00fcler \u015fehrin kalabal\u0131\u011f\u0131nda ve g\u00fcr\u00fclt\u00fcs\u00fcnde, y\u00fcksek binalar\u0131n ard\u0131nda inatla, umutla ya\u015fama tutunanlar\u0131n hik\u00e2yesi. \u00c7evre kirlili\u011fine, anlay\u0131\u015fs\u0131zl\u0131\u011fa, sayg\u0131s\u0131zl\u0131\u011fa, zorbal\u0131\u011fa kar\u015f\u0131 dostlu\u011fu ve iyili\u011fi y\u00fccelten mahalle sakinlerinin s\u00f6yledikleri yeni bir d\u00fcnyaya a\u00e7\u0131lan pencere. Bu pencereden yer yer g\u00fcl\u00fcmseyerek yer yer de h\u00fcz\u00fcnlenerek bakaca\u011f\u0131z. Ac\u0131s\u0131yla tatl\u0131s\u0131yla hayat\u0131n t\u00fcm ger\u00e7ekleri kar\u015f\u0131s\u0131nda insan\u0131n var olma \u00e7abas\u0131na tan\u0131k olup unuttuklar\u0131m\u0131z\u0131 hat\u0131rlayaca\u011f\u0131z<\/p>\n","protected":false},"excerpt":{"rendered":"<p>\u201cRenkli bir akvaryum gibidir bizim mahalle. Bal\u0131klar, su olmadan ya\u015fayabilir mi hi\u00e7? Buralar\u0131 y\u0131karlarsa nerede ya\u015fayaca\u011f\u0131z biz? Nerede nefes alaca\u011f\u0131z?\u201d2019 Muzaffer \u0130zg\u00fc \u00c7ocuk \u00d6yk\u00fcleri Yar\u0131\u015fmas\u0131\u2019nda birincilik<span class=\"excerpt-hellip\"> [\u2026]<\/span><\/p>\n","protected":false},"featured_media":0,"template":"","meta":{"_monsterinsights_skip_tracking":false,"_monsterinsights_sitenote_active":false,"_monsterinsights_sitenote_note":"","_monsterinsights_sitenote_category":0},"product_brand":[],"product_cat":[12275,12274],"product_tag":[],"class_list":{"0":"post-726803","1":"product","2":"type-product","3":"status-publish","5":"product_cat-6-12-yas-kitaplari","6":"product_cat-cocuk-ve-genclik-kitaplari","7":"pa_cilt-ciltsiz","8":"pa_tur-kitap","9":"pa_yayinevi-bilgi-yayinevi","10":"pa_yazar-basak-baysalli","12":"first","13":"instock","14":"sale","15":"shipping-taxable","16":"purchasable","17":"product-type-simple"},"_links":{"self":[{"href":"https:\/\/roveyayinevi.com.tr\/index.php\/wp-json\/wp\/v2\/product\/726803","targetHints":{"allow":["GET"]}}],"collection":[{"href":"https:\/\/roveyayinevi.com.tr\/index.php\/wp-json\/wp\/v2\/product"}],"about":[{"href":"https:\/\/roveyayinevi.com.tr\/index.php\/wp-json\/wp\/v2\/types\/product"}],"wp:attachment":[{"href":"https:\/\/roveyayinevi.com.tr\/index.php\/wp-json\/wp\/v2\/media?parent=726803"}],"wp:term":[{"taxonomy":"product_brand","embeddable":true,"href":"https:\/\/roveyayinevi.com.tr\/index.php\/wp-json\/wp\/v2\/product_brand?post=726803"},{"taxonomy":"product_cat","embeddable":true,"href":"https:\/\/roveyayinevi.com.tr\/index.php\/wp-json\/wp\/v2\/product_cat?post=726803"},{"taxonomy":"product_tag","embeddable":true,"href":"https:\/\/roveyayinevi.com.tr\/index.php\/wp-json\/wp\/v2\/product_tag?post=726803"}],"curies":[{"name":"wp","href":"https:\/\/api.w.org\/{rel}","templated":true}]}}