{"id":726802,"date":"2025-08-27T20:12:13","date_gmt":"2025-08-27T17:12:13","guid":{"rendered":"https:\/\/roveyayinevi.com.tr\/index.php\/urun\/iliskilerde-anda-kalmak-ciltli\/"},"modified":"2026-04-08T02:43:26","modified_gmt":"2026-04-07T23:43:26","slug":"iliskilerde-anda-kalmak-ciltli","status":"publish","type":"product","link":"https:\/\/roveyayinevi.com.tr\/index.php\/urun\/iliskilerde-anda-kalmak-ciltli\/","title":{"rendered":"\u0130li\u015fkilerde Anda Kalmak (Ciltli)"},"content":{"rendered":"<p>Hayat ba\u015fka yerde de\u011fil, anda ve burada. Ya\u015fam, yery\u00fcz\u00fcne yay\u0131lm\u0131\u015f bir ili\u015fkiler a\u011f\u0131. Bizi hayatta tutan bu a\u011fa ba\u011flanabilmek i\u00e7inse tek yol ili\u015fkilerimizde anda kalmak. Anda Kalmak\u2019la ya\u015fam\u0131n anbeanl\u0131k ritmini yakalayan Rana Beri, yeni kitab\u0131yla hayat\u0131n ak\u0131\u015f\u0131n\u0131 \u00e2deta yeniden in\u015fa ediyor. Bu ritme nas\u0131l ayak uydurarak ya\u015fayabilece\u011fimizi, insanl\u0131k h\u00e2llerimizi apa\u00e7\u0131k g\u00f6steren \u00f6zg\u00fcn hik\u00e2yeler ve \u00e7\u00f6z\u00fcmleme-lerle anlat\u0131yor. Bize, anda kalman\u0131n sadece tek ba\u015f\u0131m\u0131zayken yapabildi\u011fimiz bir eylem olmad\u0131\u011f\u0131n\u0131, esasen hayati olan\u0131n insanlarla ileti\u015fim h\u00e2lindeyken anda kalabilmek oldu\u011funu hat\u0131rlat\u0131yor. Anda kalmaya niyet eden herkese, hayat\u0131n\u0131n her alan\u0131nda ve t\u00fcm ili\u015fkilerinde bunu nas\u0131l ger\u00e7ekle\u015ftirebilece-\u011fine dair cesur \u00f6rnekler sunuyor. \u0130li\u015fkilerde Anda Kalmak, aile ili\u015fkilerinin, arkada\u015fl\u0131klar\u0131n, \u00e7iftler aras\u0131ndaki ili\u015fkilerin, i\u015f ili\u015fkilerinin, kendimizle ve ger\u00e7ekle ili\u015fkimizin t\u0131kand\u0131\u011f\u0131, koptu\u011fu b\u00fct\u00fcn noktalar\u0131 tek tek ayd\u0131nlat\u0131yor.  <\/p>\n","protected":false},"excerpt":{"rendered":"<p>Hayat ba\u015fka yerde de\u011fil, anda ve burada. Ya\u015fam, yery\u00fcz\u00fcne yay\u0131lm\u0131\u015f bir ili\u015fkiler a\u011f\u0131. Bizi hayatta tutan bu a\u011fa ba\u011flanabilmek i\u00e7inse tek yol ili\u015fkilerimizde anda kalmak. Anda<span class=\"excerpt-hellip\"> [\u2026]<\/span><\/p>\n","protected":false},"featured_media":0,"template":"","meta":{"_monsterinsights_skip_tracking":false,"_monsterinsights_sitenote_active":false,"_monsterinsights_sitenote_note":"","_monsterinsights_sitenote_category":0},"product_brand":[],"product_cat":[12364,12376],"product_tag":[],"class_list":{"0":"post-726802","1":"product","2":"type-product","3":"status-publish","5":"product_cat-genel-konular","6":"product_cat-kisisel-gelisim","7":"pa_cilt-ciltli","8":"pa_tur-kitap","9":"pa_yayinevi-epsilon-yayinlari","10":"pa_yazar-rana-beri","12":"first","13":"instock","14":"sale","15":"shipping-taxable","16":"purchasable","17":"product-type-simple"},"_links":{"self":[{"href":"https:\/\/roveyayinevi.com.tr\/index.php\/wp-json\/wp\/v2\/product\/726802","targetHints":{"allow":["GET"]}}],"collection":[{"href":"https:\/\/roveyayinevi.com.tr\/index.php\/wp-json\/wp\/v2\/product"}],"about":[{"href":"https:\/\/roveyayinevi.com.tr\/index.php\/wp-json\/wp\/v2\/types\/product"}],"wp:attachment":[{"href":"https:\/\/roveyayinevi.com.tr\/index.php\/wp-json\/wp\/v2\/media?parent=726802"}],"wp:term":[{"taxonomy":"product_brand","embeddable":true,"href":"https:\/\/roveyayinevi.com.tr\/index.php\/wp-json\/wp\/v2\/product_brand?post=726802"},{"taxonomy":"product_cat","embeddable":true,"href":"https:\/\/roveyayinevi.com.tr\/index.php\/wp-json\/wp\/v2\/product_cat?post=726802"},{"taxonomy":"product_tag","embeddable":true,"href":"https:\/\/roveyayinevi.com.tr\/index.php\/wp-json\/wp\/v2\/product_tag?post=726802"}],"curies":[{"name":"wp","href":"https:\/\/api.w.org\/{rel}","templated":true}]}}