{"id":726801,"date":"2025-08-27T20:12:12","date_gmt":"2025-08-27T17:12:12","guid":{"rendered":"https:\/\/roveyayinevi.com.tr\/index.php\/urun\/tasavvuf-meseleleri-sorular-ve-cevaplarla\/"},"modified":"2026-04-16T02:34:45","modified_gmt":"2026-04-15T23:34:45","slug":"tasavvuf-meseleleri-sorular-ve-cevaplarla","status":"publish","type":"product","link":"https:\/\/roveyayinevi.com.tr\/index.php\/urun\/tasavvuf-meseleleri-sorular-ve-cevaplarla\/","title":{"rendered":"Tasavvuf Meseleleri  Sorular ve Cevaplarla"},"content":{"rendered":"<p>Tasavvuf, \u0130sl\u00e2m\u2019\u0131 yorumlama ve ya\u015fama y\u00f6ntemlerinden biri, hatta her zaman en canl\u0131s\u0131. Milyonlarca M\u00fcsl\u00fcman, ba\u011fl\u0131 olduklar\u0131 tasavvuf \u00f6\u011fretisinin geleneklerine g\u00f6re ya\u015famaya \u00e7al\u0131\u015f\u0131yor. Y\u00fczlerce farkl\u0131 \u00f6\u011freti, binlerce farkl\u0131 rit\u00fcel, inan\u0131\u015f bi\u00e7imi o\u2026 \u00d6te yandan tasavvuf, konuyu merak eden ve \u00f6\u011frenmek isteyenler i\u00e7in olduk\u00e7a kafa kar\u0131\u015ft\u0131r\u0131c\u0131 bilgilerle \u00e7evrilmi\u015f durumda. Abd\u00fclb\u00e2ki G\u00f6lp\u0131narl\u0131, derin bir vukufiyetle kaleme ald\u0131\u011f\u0131 bu eserinde, tasavvufa ili\u015fkin akla gelebilecek t\u00fcm sorular\u0131 listelemi\u015f ve bir ilim adam\u0131 duru\u015fuyla her birine ayr\u0131 ayr\u0131 tafsilatl\u0131 cevaplar vermi\u015ftir. Kitap bu \u00f6zelli\u011fiyle tasavvufa serinkanl\u0131 bir \u015fekilde yakla\u015fmak isteyen, \u00f6nyarg\u0131 ta\u015f\u0131mayan her okur i\u00e7in rehber niteli\u011finde\u2026<\/p>\n","protected":false},"excerpt":{"rendered":"<p>Tasavvuf, \u0130sl\u00e2m\u2019\u0131 yorumlama ve ya\u015fama y\u00f6ntemlerinden biri, hatta her zaman en canl\u0131s\u0131. Milyonlarca M\u00fcsl\u00fcman, ba\u011fl\u0131 olduklar\u0131 tasavvuf \u00f6\u011fretisinin geleneklerine g\u00f6re ya\u015famaya \u00e7al\u0131\u015f\u0131yor. Y\u00fczlerce farkl\u0131 \u00f6\u011freti, binlerce<span class=\"excerpt-hellip\"> [\u2026]<\/span><\/p>\n","protected":false},"featured_media":0,"template":"","meta":{"_monsterinsights_skip_tracking":false,"_monsterinsights_sitenote_active":false,"_monsterinsights_sitenote_note":"","_monsterinsights_sitenote_category":0},"product_brand":[],"product_cat":[12718,12719,15238],"product_tag":[],"class_list":{"0":"post-726801","1":"product","2":"type-product","3":"status-publish","5":"product_cat-din","6":"product_cat-islam","7":"product_cat-tasavvuf","8":"pa_cilt-ciltsiz","9":"pa_tur-kitap","10":"pa_yayinevi-kapi-yayinlari","11":"pa_yazar-abdulbaki-golpinarli","13":"first","14":"instock","15":"sale","16":"shipping-taxable","17":"purchasable","18":"product-type-simple"},"_links":{"self":[{"href":"https:\/\/roveyayinevi.com.tr\/index.php\/wp-json\/wp\/v2\/product\/726801","targetHints":{"allow":["GET"]}}],"collection":[{"href":"https:\/\/roveyayinevi.com.tr\/index.php\/wp-json\/wp\/v2\/product"}],"about":[{"href":"https:\/\/roveyayinevi.com.tr\/index.php\/wp-json\/wp\/v2\/types\/product"}],"wp:attachment":[{"href":"https:\/\/roveyayinevi.com.tr\/index.php\/wp-json\/wp\/v2\/media?parent=726801"}],"wp:term":[{"taxonomy":"product_brand","embeddable":true,"href":"https:\/\/roveyayinevi.com.tr\/index.php\/wp-json\/wp\/v2\/product_brand?post=726801"},{"taxonomy":"product_cat","embeddable":true,"href":"https:\/\/roveyayinevi.com.tr\/index.php\/wp-json\/wp\/v2\/product_cat?post=726801"},{"taxonomy":"product_tag","embeddable":true,"href":"https:\/\/roveyayinevi.com.tr\/index.php\/wp-json\/wp\/v2\/product_tag?post=726801"}],"curies":[{"name":"wp","href":"https:\/\/api.w.org\/{rel}","templated":true}]}}